{"id":9882,"date":"2025-07-01T14:50:45","date_gmt":"2025-07-01T20:50:45","guid":{"rendered":"https:\/\/qrosoft.mx\/tiendabosquedeniebla\/?post_type=product&#038;p=9882"},"modified":"2025-12-15T09:16:27","modified_gmt":"2025-12-15T15:16:27","slug":"iris-caminante","status":"publish","type":"product","link":"https:\/\/qrosoft.mx\/tiendabosquedeniebla\/product\/iris-caminante\/","title":{"rendered":"Iris Caminante"},"content":{"rendered":"<h4>Iris Caminante &#8211; <i><span lang=\"ES-TRAD\">Trimezia northiana<\/span><\/i><\/h4>\n<ul>\n<li><strong>Familia:<\/strong> Iridaceae<\/li>\n<li><strong>Origen:\u00a0<\/strong>Brasil<\/li>\n<li><strong>Descripci\u00f3n:<\/strong> Planta perene de porte bajo, hasta 40cm de alto. R\u00e1pida propagaci\u00f3n, hojas alargadas y hermosas flores que abren varios meses al a\u00f1o.<\/li>\n<li><strong>Usos: <\/strong>Establecimiento de linderos peque\u00f1os y control de erosi\u00f3n en huertas. Es tambi\u00e9n ornamental.<\/li>\n<li><strong>Clima:<\/strong> F\u00e1cil de cultivar en clima c\u00e1lido a templado, mientras se provea riego durante el primer mes despu\u00e9s del trasplante.<\/li>\n<li><strong>Zonas:<\/strong> 2, 3, 4 y 5<\/li>\n<li><strong><strong>Siembra: <\/strong><\/strong>Trasplantar a 40cm entre rizomas. La planta formar\u00e1 hijuelos a los pocos meses, lo que \u201ccerrar\u00e1\u201d la l\u00ednea sembrada. Se puede \u201cdeshijar\u201d y propagar f\u00e1cilmente.<\/li>\n<\/ul>\n","protected":false},"excerpt":{"rendered":"<p>Planta perene de hojas alargadas y hermosas flores.<\/p>\n","protected":false},"featured_media":10200,"comment_status":"open","ping_status":"closed","template":"","meta":{"inline_featured_image":false,"_monsterinsights_skip_tracking":false,"_monsterinsights_sitenote_active":false,"_monsterinsights_sitenote_note":"","_monsterinsights_sitenote_category":0},"product_brand":[],"product_cat":[799],"product_tag":[],"class_list":{"0":"post-9882","1":"product","2":"type-product","3":"status-publish","4":"has-post-thumbnail","6":"product_cat-ornamentales","7":"product_shipping_class-fedex","9":"first","10":"instock","11":"shipping-taxable","12":"purchasable","13":"product-type-variable","14":"has-default-attributes"},"_links":{"self":[{"href":"https:\/\/qrosoft.mx\/tiendabosquedeniebla\/wp-json\/wp\/v2\/product\/9882","targetHints":{"allow":["GET"]}}],"collection":[{"href":"https:\/\/qrosoft.mx\/tiendabosquedeniebla\/wp-json\/wp\/v2\/product"}],"about":[{"href":"https:\/\/qrosoft.mx\/tiendabosquedeniebla\/wp-json\/wp\/v2\/types\/product"}],"replies":[{"embeddable":true,"href":"https:\/\/qrosoft.mx\/tiendabosquedeniebla\/wp-json\/wp\/v2\/comments?post=9882"}],"wp:featuredmedia":[{"embeddable":true,"href":"https:\/\/qrosoft.mx\/tiendabosquedeniebla\/wp-json\/wp\/v2\/media\/10200"}],"wp:attachment":[{"href":"https:\/\/qrosoft.mx\/tiendabosquedeniebla\/wp-json\/wp\/v2\/media?parent=9882"}],"wp:term":[{"taxonomy":"product_brand","embeddable":true,"href":"https:\/\/qrosoft.mx\/tiendabosquedeniebla\/wp-json\/wp\/v2\/product_brand?post=9882"},{"taxonomy":"product_cat","embeddable":true,"href":"https:\/\/qrosoft.mx\/tiendabosquedeniebla\/wp-json\/wp\/v2\/product_cat?post=9882"},{"taxonomy":"product_tag","embeddable":true,"href":"https:\/\/qrosoft.mx\/tiendabosquedeniebla\/wp-json\/wp\/v2\/product_tag?post=9882"}],"curies":[{"name":"wp","href":"https:\/\/api.w.org\/{rel}","templated":true}]}}