{"id":9812,"date":"2025-06-06T10:28:54","date_gmt":"2025-06-06T16:28:54","guid":{"rendered":"https:\/\/qrosoft.mx\/tiendabosquedeniebla\/?post_type=product&#038;p=9812"},"modified":"2026-03-23T18:14:43","modified_gmt":"2026-03-24T00:14:43","slug":"capsulas_de_curcuma_y_pimienta_negra","status":"publish","type":"product","link":"https:\/\/qrosoft.mx\/tiendabosquedeniebla\/product\/capsulas_de_curcuma_y_pimienta_negra\/","title":{"rendered":"C\u00e1psulas de C\u00farcuma y Pimienta Negra"},"content":{"rendered":"<p>La c\u00farcuma es una planta de porte bajo originaria de Asia tropical y ocupada durante milenios en la tradici\u00f3n ayurveda. Desde hace m\u00e1s de 15 a\u00f1os se ha adaptado muy bien a nuestro bosque comestible. La hermosa ra\u00edz color naranja\/dorado de esta especie, es muy preciada por su alto contenido de curcumina.<\/p>\n<p>La curcumina se utiliza como auxiliar en el tratamiento de padecimientos neurol\u00f3gicos, pulmonares, articulares y enfermedades cancer\u00edgenas. Para potenciar el efecto de la curcumina, se recomienda tomar la mezcla de c\u00farcuma y pimienta con un aceite comestible (coco, aguacate, oliva u otro), lo que incrementa hasta 8 veces la absorci\u00f3n de la curcumina y con ello sus beneficios.<\/p>\n<p><strong>Contenido:<\/strong> Frasco con 80 c\u00e1psulas de 500mg cada una.<\/p>\n<p><strong>Ingredientes:\u00a0<\/strong>C\u00farcuma (Curcuma longa) agroecol\u00f3gica y pimienta negra (Piper nigrum). Nueve partes de c\u00farcuma y una parte de pimienta negra.<\/p>\n<p><strong>Dosis recomendada:<\/strong> Dos c\u00e1psulas diarias, recomendamos tomar a la par de un t\u00e9 que contenga aceite de coco o similar.<\/p>\n","protected":false},"excerpt":{"rendered":"<p><strong>Suplemento Alimenticio, Frasco con 80 C\u00e1psulas 500mg c\/u<\/strong><\/p>\n","protected":false},"featured_media":10069,"comment_status":"closed","ping_status":"closed","template":"","meta":{"inline_featured_image":false,"_monsterinsights_skip_tracking":false,"_monsterinsights_sitenote_active":false,"_monsterinsights_sitenote_note":"","_monsterinsights_sitenote_category":0},"product_brand":[],"product_cat":[980],"product_tag":[710,709,712,711],"class_list":{"0":"post-9812","1":"product","2":"type-product","3":"status-publish","4":"has-post-thumbnail","6":"product_cat-salud-natural","7":"product_tag-curcuma","8":"product_tag-natural","9":"product_tag-organica","10":"product_tag-pimienta","11":"product_shipping_class-fedex-y-correos","13":"first","14":"instock","15":"shipping-taxable","16":"purchasable","17":"product-type-simple"},"_links":{"self":[{"href":"https:\/\/qrosoft.mx\/tiendabosquedeniebla\/wp-json\/wp\/v2\/product\/9812","targetHints":{"allow":["GET"]}}],"collection":[{"href":"https:\/\/qrosoft.mx\/tiendabosquedeniebla\/wp-json\/wp\/v2\/product"}],"about":[{"href":"https:\/\/qrosoft.mx\/tiendabosquedeniebla\/wp-json\/wp\/v2\/types\/product"}],"replies":[{"embeddable":true,"href":"https:\/\/qrosoft.mx\/tiendabosquedeniebla\/wp-json\/wp\/v2\/comments?post=9812"}],"wp:featuredmedia":[{"embeddable":true,"href":"https:\/\/qrosoft.mx\/tiendabosquedeniebla\/wp-json\/wp\/v2\/media\/10069"}],"wp:attachment":[{"href":"https:\/\/qrosoft.mx\/tiendabosquedeniebla\/wp-json\/wp\/v2\/media?parent=9812"}],"wp:term":[{"taxonomy":"product_brand","embeddable":true,"href":"https:\/\/qrosoft.mx\/tiendabosquedeniebla\/wp-json\/wp\/v2\/product_brand?post=9812"},{"taxonomy":"product_cat","embeddable":true,"href":"https:\/\/qrosoft.mx\/tiendabosquedeniebla\/wp-json\/wp\/v2\/product_cat?post=9812"},{"taxonomy":"product_tag","embeddable":true,"href":"https:\/\/qrosoft.mx\/tiendabosquedeniebla\/wp-json\/wp\/v2\/product_tag?post=9812"}],"curies":[{"name":"wp","href":"https:\/\/api.w.org\/{rel}","templated":true}]}}