{"id":8965,"date":"2024-12-04T08:49:02","date_gmt":"2024-12-04T14:49:02","guid":{"rendered":"https:\/\/qrosoft.mx\/tiendabosquedeniebla\/?post_type=product&#038;p=8965"},"modified":"2025-08-20T12:17:19","modified_gmt":"2025-08-20T18:17:19","slug":"mierda-a-la-carta","status":"publish","type":"product","link":"https:\/\/qrosoft.mx\/tiendabosquedeniebla\/product\/mierda-a-la-carta\/","title":{"rendered":"Mierda a la carta &#8211; un nuevo ABC de la agricultura org\u00e1nica"},"content":{"rendered":"<p>El lector encontrar\u00e1 tanto la actualizaci\u00f3n descriptiva de muchos biopreparados; como la forma de preparar nuevos abonos org\u00e1nicos, caldos minerales fr\u00edos y calientes, preparaciones a partir de microorganismos recolectados en el bosque y biofertilizantes de acuerdo a las principales necesidades de los cultivos.<\/p>\n<p><em>Mierda a la carta<\/em> es una versi\u00f3n ampliada del <em>ABC de la Agricultura Org\u00e1nica<\/em>, que pretenden funcionar como herramientas de transformaci\u00f3n social y ambiental, modificando as\u00ed la producci\u00f3n de los alimentos de una manera saludable para el productor y el consumidor, eliminando factores de riesgo. Este manual busca maximizar los recursos locales de los que dispone la gente al interior de sus parcelas, fincas o comunidades rurales en la que habitan.<\/p>\n<div id=\"detailBullets_feature_div\">\n<ul class=\"a-unordered-list a-nostyle a-vertical a-spacing-none detail-bullet-list\">\n<li><strong>Autores:<\/strong> Jairo Restrepo Rivero \/ Daniel Agredo Espa\u00f1a<\/li>\n<li><b>Impresi\u00f3n:\u00a0<\/b>Im\u00e1genes Gr\u00e1ficas BIC S.A.S.<\/li>\n<li><strong>Presentaci\u00f3n:<\/strong> Tapa blanda<\/li>\n<li><strong>No. P\u00e1ginas:<\/strong> 482 p\u00e1ginas<\/li>\n<li><strong>Idioma:<\/strong> Espa\u00f1ol<\/li>\n<li><strong>Fecha de publicaci\u00f3n:<\/strong> 11 septiembre 2022<\/li>\n<\/ul>\n<\/div>\n","protected":false},"excerpt":{"rendered":"<p>El lector encontrar\u00e1 tanto la actualizaci\u00f3n descriptiva de muchos biopreparados; como la forma de preparar nuevos abonos org\u00e1nicos, caldos minerales fr\u00edos y calientes, preparaciones a partir de microorganismos recolectados en el bosque y biofertilizantes de acuerdo a las principales necesidades de los cultivos. Mierda a la carta es una versi\u00f3n ampliada del ABC de la Agricultura Org\u00e1nica, que pretenden funcionar como herramientas de transformaci\u00f3n social y  [&#8230;]<\/p>\n","protected":false},"featured_media":10083,"comment_status":"closed","ping_status":"closed","template":"","meta":{"inline_featured_image":false,"_monsterinsights_skip_tracking":false,"_monsterinsights_sitenote_active":false,"_monsterinsights_sitenote_note":"","_monsterinsights_sitenote_category":0},"product_brand":[],"product_cat":[66],"product_tag":[],"class_list":{"0":"post-8965","1":"product","2":"type-product","3":"status-publish","4":"has-post-thumbnail","6":"product_cat-libros-y-manuales","7":"product_shipping_class-fedex-y-correos","9":"first","10":"instock","11":"shipping-taxable","12":"purchasable","13":"product-type-simple"},"_links":{"self":[{"href":"https:\/\/qrosoft.mx\/tiendabosquedeniebla\/wp-json\/wp\/v2\/product\/8965","targetHints":{"allow":["GET"]}}],"collection":[{"href":"https:\/\/qrosoft.mx\/tiendabosquedeniebla\/wp-json\/wp\/v2\/product"}],"about":[{"href":"https:\/\/qrosoft.mx\/tiendabosquedeniebla\/wp-json\/wp\/v2\/types\/product"}],"replies":[{"embeddable":true,"href":"https:\/\/qrosoft.mx\/tiendabosquedeniebla\/wp-json\/wp\/v2\/comments?post=8965"}],"wp:featuredmedia":[{"embeddable":true,"href":"https:\/\/qrosoft.mx\/tiendabosquedeniebla\/wp-json\/wp\/v2\/media\/10083"}],"wp:attachment":[{"href":"https:\/\/qrosoft.mx\/tiendabosquedeniebla\/wp-json\/wp\/v2\/media?parent=8965"}],"wp:term":[{"taxonomy":"product_brand","embeddable":true,"href":"https:\/\/qrosoft.mx\/tiendabosquedeniebla\/wp-json\/wp\/v2\/product_brand?post=8965"},{"taxonomy":"product_cat","embeddable":true,"href":"https:\/\/qrosoft.mx\/tiendabosquedeniebla\/wp-json\/wp\/v2\/product_cat?post=8965"},{"taxonomy":"product_tag","embeddable":true,"href":"https:\/\/qrosoft.mx\/tiendabosquedeniebla\/wp-json\/wp\/v2\/product_tag?post=8965"}],"curies":[{"name":"wp","href":"https:\/\/api.w.org\/{rel}","templated":true}]}}