{"id":8781,"date":"2024-10-15T16:59:36","date_gmt":"2024-10-15T22:59:36","guid":{"rendered":"https:\/\/qrosoft.mx\/tiendabosquedeniebla\/?post_type=product&#038;p=8781"},"modified":"2026-01-10T18:51:58","modified_gmt":"2026-01-11T00:51:58","slug":"pasto-maiz-clon-51","status":"publish","type":"product","link":"https:\/\/qrosoft.mx\/tiendabosquedeniebla\/product\/pasto-maiz-clon-51\/","title":{"rendered":"Pasto ma\u00edz \u00f3 Clon 51"},"content":{"rendered":"<h4><strong>Pasto ma\u00edz \u00f3 Clon 51 &#8211; <em>Pennisetum sp.<\/em><\/strong><\/h4>\n<ul>\n<li><strong>Familia:<\/strong> Poaceae<\/li>\n<li><strong>Origen:<\/strong> Desconocido<\/li>\n<li><strong>Descripci\u00f3n:<\/strong> Pasto perenne de hasta 2.5m de alto, hojas anchas y sin vellos\/espinitas. Es de rebrote r\u00e1pido y tiene hasta 20% de prote\u00edna.<\/li>\n<li><strong>Usos:<\/strong> Excelente como forrajero y productor de biomasa. Muy bueno para el ganado, soporta hasta 4 cortes anuales. Produce 50ton\/ha de biomasa por corte, siempre y cuando no le falte agua.<\/li>\n<li><strong>Clima:<\/strong> : C\u00e1lido h\u00famedo. Tolera mediana fertilidad<\/li>\n<li><strong>Zonas:<\/strong> 1, 2 y 3.<\/li>\n<li><strong>Siembra:<\/strong> A 50cm entre plantas. Genera macollos y se reproduce por hijuelos que pueden desprenderse y resembrarse. Requiere suelos bien drenados.<\/li>\n<li><strong>Cosecha:<\/strong> Se puede realizar el primer corte a partir del d\u00eda 90 post siembra aprox, y cortes siguientes espaciados por al menos 45 d\u00edas.<\/li>\n<\/ul>\n","protected":false},"excerpt":{"rendered":"<p>Pasto perenne forrajero y productor de biomasa.<\/p>\n","protected":false},"featured_media":9788,"comment_status":"open","ping_status":"closed","template":"","meta":{"inline_featured_image":false,"_monsterinsights_skip_tracking":false,"_monsterinsights_sitenote_active":false,"_monsterinsights_sitenote_note":"","_monsterinsights_sitenote_category":0},"product_brand":[],"product_cat":[273],"product_tag":[673,819,728,597],"class_list":{"0":"post-8781","1":"product","2":"type-product","3":"status-publish","4":"has-post-thumbnail","6":"product_cat-forrajeras","7":"product_tag-biomasa","8":"product_tag-forrajero","9":"product_tag-pasto","10":"product_tag-perenne","12":"first","13":"instock","14":"shipping-taxable","15":"purchasable","16":"product-type-variable","17":"has-default-attributes"},"_links":{"self":[{"href":"https:\/\/qrosoft.mx\/tiendabosquedeniebla\/wp-json\/wp\/v2\/product\/8781","targetHints":{"allow":["GET"]}}],"collection":[{"href":"https:\/\/qrosoft.mx\/tiendabosquedeniebla\/wp-json\/wp\/v2\/product"}],"about":[{"href":"https:\/\/qrosoft.mx\/tiendabosquedeniebla\/wp-json\/wp\/v2\/types\/product"}],"replies":[{"embeddable":true,"href":"https:\/\/qrosoft.mx\/tiendabosquedeniebla\/wp-json\/wp\/v2\/comments?post=8781"}],"wp:featuredmedia":[{"embeddable":true,"href":"https:\/\/qrosoft.mx\/tiendabosquedeniebla\/wp-json\/wp\/v2\/media\/9788"}],"wp:attachment":[{"href":"https:\/\/qrosoft.mx\/tiendabosquedeniebla\/wp-json\/wp\/v2\/media?parent=8781"}],"wp:term":[{"taxonomy":"product_brand","embeddable":true,"href":"https:\/\/qrosoft.mx\/tiendabosquedeniebla\/wp-json\/wp\/v2\/product_brand?post=8781"},{"taxonomy":"product_cat","embeddable":true,"href":"https:\/\/qrosoft.mx\/tiendabosquedeniebla\/wp-json\/wp\/v2\/product_cat?post=8781"},{"taxonomy":"product_tag","embeddable":true,"href":"https:\/\/qrosoft.mx\/tiendabosquedeniebla\/wp-json\/wp\/v2\/product_tag?post=8781"}],"curies":[{"name":"wp","href":"https:\/\/api.w.org\/{rel}","templated":true}]}}