{"id":8500,"date":"2024-09-05T09:22:41","date_gmt":"2024-09-05T15:22:41","guid":{"rendered":"https:\/\/qrosoft.mx\/tiendabosquedeniebla\/?post_type=product&#038;p=8500"},"modified":"2026-03-21T10:54:01","modified_gmt":"2026-03-21T16:54:01","slug":"doble-extracto-de-hongo-reishi","status":"publish","type":"product","link":"https:\/\/qrosoft.mx\/tiendabosquedeniebla\/product\/doble-extracto-de-hongo-reishi\/","title":{"rendered":"Doble extracto de hongo reishi"},"content":{"rendered":"<h4>Propiedades medicinales del hongo reishi (<em>Ganoderma lucidum<\/em>)<\/h4>\n<p>Contiene beta glucanos y m\u00e1s de 130 triterpenos (como los \u00e1cidos ganod\u00e9ricos y lucid\u00e9nicos).<\/p>\n<p>Al igual que el hongo del artista tiene incre\u00edbles cualidades que mejoran el sistema cardiovascular, es antiinflamatorio, reduce niveles de colesterol, regula presi\u00f3n arterial y es anticoagulante.<\/p>\n<p>Excelente antiinflamatorio y antihistam\u00ednico, id\u00f3neo para reducir respuestas al\u00e9rgicas.<\/p>\n<p>\u00datil para tratar enfermedades autoinmunes como: artritis reumatoide, psoriasis y colitis ulcerosa.<\/p>\n<p>Mejora patr\u00f3n de sue\u00f1o al ser un sedativo.<\/p>\n<p>Protege el h\u00edgado.<\/p>\n<h4>\u00bfQu\u00e9 es el extracto hidro-alcoh\u00f3lico (o doble extracto) y c\u00f3mo se prepara?<\/h4>\n<p>Es un m\u00e9todo para la extracci\u00f3n de los principios activos de plantas y hongos medicinales. Se le llama \u201cdoble\u201d debido a las dos fases en que se realiza. Una vez secos los hongos, \u00e9stos se colocan en alcohol durante varias semanas para lograr la extracci\u00f3n de compuestos no hidrosolubles. Despu\u00e9s, se realiza la decocci\u00f3n de los mismos, para lograr la extracci\u00f3n de compuestos hidrosolubles que no reaccionan al alcohol. Ambas extracciones, tanto la alcoh\u00f3lica como la acuosa, se fusionan para lograr la \u201cdoble extracci\u00f3n\u201d.<\/p>\n","protected":false},"excerpt":{"rendered":"<p><span style=\"color: #000000;\">gotero de 30 ml<\/span><\/p>\n<p>&nbsp;<\/p>\n","protected":false},"featured_media":10073,"comment_status":"closed","ping_status":"closed","template":"","meta":{"inline_featured_image":false,"_monsterinsights_skip_tracking":false,"_monsterinsights_sitenote_active":false,"_monsterinsights_sitenote_note":"","_monsterinsights_sitenote_category":0},"product_brand":[],"product_cat":[980],"product_tag":[],"class_list":{"0":"post-8500","1":"product","2":"type-product","3":"status-publish","4":"has-post-thumbnail","6":"product_cat-salud-natural","7":"product_shipping_class-fedex-y-correos","9":"first","10":"instock","11":"taxable","12":"shipping-taxable","13":"purchasable","14":"product-type-simple"},"_links":{"self":[{"href":"https:\/\/qrosoft.mx\/tiendabosquedeniebla\/wp-json\/wp\/v2\/product\/8500","targetHints":{"allow":["GET"]}}],"collection":[{"href":"https:\/\/qrosoft.mx\/tiendabosquedeniebla\/wp-json\/wp\/v2\/product"}],"about":[{"href":"https:\/\/qrosoft.mx\/tiendabosquedeniebla\/wp-json\/wp\/v2\/types\/product"}],"replies":[{"embeddable":true,"href":"https:\/\/qrosoft.mx\/tiendabosquedeniebla\/wp-json\/wp\/v2\/comments?post=8500"}],"wp:featuredmedia":[{"embeddable":true,"href":"https:\/\/qrosoft.mx\/tiendabosquedeniebla\/wp-json\/wp\/v2\/media\/10073"}],"wp:attachment":[{"href":"https:\/\/qrosoft.mx\/tiendabosquedeniebla\/wp-json\/wp\/v2\/media?parent=8500"}],"wp:term":[{"taxonomy":"product_brand","embeddable":true,"href":"https:\/\/qrosoft.mx\/tiendabosquedeniebla\/wp-json\/wp\/v2\/product_brand?post=8500"},{"taxonomy":"product_cat","embeddable":true,"href":"https:\/\/qrosoft.mx\/tiendabosquedeniebla\/wp-json\/wp\/v2\/product_cat?post=8500"},{"taxonomy":"product_tag","embeddable":true,"href":"https:\/\/qrosoft.mx\/tiendabosquedeniebla\/wp-json\/wp\/v2\/product_tag?post=8500"}],"curies":[{"name":"wp","href":"https:\/\/api.w.org\/{rel}","templated":true}]}}