{"id":8495,"date":"2024-09-04T19:37:18","date_gmt":"2024-09-05T01:37:18","guid":{"rendered":"https:\/\/qrosoft.mx\/tiendabosquedeniebla\/?post_type=product&#038;p=8495"},"modified":"2025-12-11T17:25:56","modified_gmt":"2025-12-11T23:25:56","slug":"doble-extracto-de-hongo-del-artista","status":"publish","type":"product","link":"https:\/\/qrosoft.mx\/tiendabosquedeniebla\/product\/doble-extracto-de-hongo-del-artista\/","title":{"rendered":"Doble extracto de hongo del artista"},"content":{"rendered":"<h4>Propiedades medicinales del hongo del artista (<em>Ganoderma applanatum<\/em>)<\/h4>\n<p>El hongo del artista contiene beta glucanos, triterpenos, antibi\u00f3ticos y \u00e1cido ganod\u00e9rico, principios activos que tienen acci\u00f3n antibacteriana, antiviral, antiinflamatoria, potenciadora del sistema inmune y promotora de regresi\u00f3n tumoral. En la medicina tradicional china se ocupa para tratar tuberculosis, indigesti\u00f3n, dolores intensos y c\u00e1ncer de es\u00f3fago.<\/p>\n<h4>\u00bfQu\u00e9 es el extracto hidro-alcoh\u00f3lico (o doble extracto) y c\u00f3mo se prepara?<\/h4>\n<p>Es un m\u00e9todo para la extracci\u00f3n de los principios activos de plantas y hongos medicinales. Se le llama \u201cdoble\u201d debido a las dos fases en que se realiza. Una vez secos los hongos, \u00e9stos se colocan en alcohol durante varias semanas para lograr la extracci\u00f3n de compuestos no hidrosolubles. Despu\u00e9s, se realiza la decocci\u00f3n de los mismos, para lograr la extracci\u00f3n de compuestos hidrosolubles que no reaccionan al alcohol. Ambas extracciones, tanto la alcoh\u00f3lica como la acuosa, se fusionan para lograr la \u201cdoble extracci\u00f3n\u201d.<\/p>\n","protected":false},"excerpt":{"rendered":"<p><span style=\"color: #000000;\">gotero de 30 ml<\/span><\/p>\n<p>&nbsp;<\/p>\n","protected":false},"featured_media":10071,"comment_status":"closed","ping_status":"closed","template":"","meta":{"inline_featured_image":false,"_monsterinsights_skip_tracking":false,"_monsterinsights_sitenote_active":false,"_monsterinsights_sitenote_note":"","_monsterinsights_sitenote_category":0},"product_brand":[],"product_cat":[980],"product_tag":[],"class_list":{"0":"post-8495","1":"product","2":"type-product","3":"status-publish","4":"has-post-thumbnail","6":"product_cat-salud-natural","7":"product_shipping_class-fedex-y-correos","9":"first","10":"instock","11":"taxable","12":"shipping-taxable","13":"purchasable","14":"product-type-simple"},"_links":{"self":[{"href":"https:\/\/qrosoft.mx\/tiendabosquedeniebla\/wp-json\/wp\/v2\/product\/8495","targetHints":{"allow":["GET"]}}],"collection":[{"href":"https:\/\/qrosoft.mx\/tiendabosquedeniebla\/wp-json\/wp\/v2\/product"}],"about":[{"href":"https:\/\/qrosoft.mx\/tiendabosquedeniebla\/wp-json\/wp\/v2\/types\/product"}],"replies":[{"embeddable":true,"href":"https:\/\/qrosoft.mx\/tiendabosquedeniebla\/wp-json\/wp\/v2\/comments?post=8495"}],"wp:featuredmedia":[{"embeddable":true,"href":"https:\/\/qrosoft.mx\/tiendabosquedeniebla\/wp-json\/wp\/v2\/media\/10071"}],"wp:attachment":[{"href":"https:\/\/qrosoft.mx\/tiendabosquedeniebla\/wp-json\/wp\/v2\/media?parent=8495"}],"wp:term":[{"taxonomy":"product_brand","embeddable":true,"href":"https:\/\/qrosoft.mx\/tiendabosquedeniebla\/wp-json\/wp\/v2\/product_brand?post=8495"},{"taxonomy":"product_cat","embeddable":true,"href":"https:\/\/qrosoft.mx\/tiendabosquedeniebla\/wp-json\/wp\/v2\/product_cat?post=8495"},{"taxonomy":"product_tag","embeddable":true,"href":"https:\/\/qrosoft.mx\/tiendabosquedeniebla\/wp-json\/wp\/v2\/product_tag?post=8495"}],"curies":[{"name":"wp","href":"https:\/\/api.w.org\/{rel}","templated":true}]}}