{"id":8419,"date":"2024-08-27T15:27:51","date_gmt":"2024-08-27T21:27:51","guid":{"rendered":"https:\/\/qrosoft.mx\/tiendabosquedeniebla\/product\/zapote-domingo\/"},"modified":"2025-12-15T09:15:59","modified_gmt":"2025-12-15T15:15:59","slug":"zapote-domingo","status":"publish","type":"product","link":"https:\/\/qrosoft.mx\/tiendabosquedeniebla\/product\/zapote-domingo\/","title":{"rendered":"Zapote Domingo"},"content":{"rendered":"<h4>Zapote Domingo &#8211; <em>Mammea americana<\/em><\/h4>\n<ul>\n<li><strong>Familia: <\/strong>Calophyllaceae<\/li>\n<li><strong>Descripcion: <\/strong>\u00c1rbol tropical de 25m de alto. Produce zapotes comestibles dulces de tama\u00f1o peque\u00f1o, c\u00e1scara verde e interior naranja<\/li>\n<li><strong>Zonas: <\/strong>1, 2<\/li>\n<\/ul>\n","protected":false},"excerpt":{"rendered":"<p>Fruta de clima subtropical y tropical<\/p>\n","protected":false},"featured_media":0,"comment_status":"open","ping_status":"closed","template":"","meta":{"inline_featured_image":false,"_monsterinsights_skip_tracking":false,"_monsterinsights_sitenote_active":false,"_monsterinsights_sitenote_note":"","_monsterinsights_sitenote_category":0},"product_brand":[],"product_cat":[80],"product_tag":[],"class_list":{"0":"post-8419","1":"product","2":"type-product","3":"status-publish","5":"product_cat-frutales","7":"first","8":"instock","9":"shipping-taxable","10":"purchasable","11":"product-type-variable","12":"has-default-attributes"},"_links":{"self":[{"href":"https:\/\/qrosoft.mx\/tiendabosquedeniebla\/wp-json\/wp\/v2\/product\/8419","targetHints":{"allow":["GET"]}}],"collection":[{"href":"https:\/\/qrosoft.mx\/tiendabosquedeniebla\/wp-json\/wp\/v2\/product"}],"about":[{"href":"https:\/\/qrosoft.mx\/tiendabosquedeniebla\/wp-json\/wp\/v2\/types\/product"}],"replies":[{"embeddable":true,"href":"https:\/\/qrosoft.mx\/tiendabosquedeniebla\/wp-json\/wp\/v2\/comments?post=8419"}],"wp:attachment":[{"href":"https:\/\/qrosoft.mx\/tiendabosquedeniebla\/wp-json\/wp\/v2\/media?parent=8419"}],"wp:term":[{"taxonomy":"product_brand","embeddable":true,"href":"https:\/\/qrosoft.mx\/tiendabosquedeniebla\/wp-json\/wp\/v2\/product_brand?post=8419"},{"taxonomy":"product_cat","embeddable":true,"href":"https:\/\/qrosoft.mx\/tiendabosquedeniebla\/wp-json\/wp\/v2\/product_cat?post=8419"},{"taxonomy":"product_tag","embeddable":true,"href":"https:\/\/qrosoft.mx\/tiendabosquedeniebla\/wp-json\/wp\/v2\/product_tag?post=8419"}],"curies":[{"name":"wp","href":"https:\/\/api.w.org\/{rel}","templated":true}]}}