{"id":8413,"date":"2024-08-27T15:27:39","date_gmt":"2024-08-27T21:27:39","guid":{"rendered":"https:\/\/qrosoft.mx\/tiendabosquedeniebla\/product\/oregano-orejon\/"},"modified":"2025-12-15T09:15:59","modified_gmt":"2025-12-15T15:15:59","slug":"oregano-orejon","status":"publish","type":"product","link":"https:\/\/qrosoft.mx\/tiendabosquedeniebla\/product\/oregano-orejon\/","title":{"rendered":"Or\u00e9gano orej\u00f3n"},"content":{"rendered":"<h4>Or\u00e9gano orej\u00f3n &#8211; <em>Plectranthus amboinicus<\/em><\/h4>\n<ul>\n<li><strong>Familia: <\/strong>Lamiaceae<\/li>\n<li><strong>Descripcion: <\/strong>Planta perenne de 15cm de alto.<\/li>\n<li><strong>Usos: <\/strong>ocupada como condimiento en la cocina.<\/li>\n<li><strong>Zonas: <\/strong>3, 4<\/li>\n<\/ul>\n","protected":false},"excerpt":{"rendered":"<p>Planta herb\u00e1cea ideal para condimiento<\/p>\n","protected":false},"featured_media":0,"comment_status":"open","ping_status":"closed","template":"","meta":{"inline_featured_image":false,"_monsterinsights_skip_tracking":false,"_monsterinsights_sitenote_active":false,"_monsterinsights_sitenote_note":"","_monsterinsights_sitenote_category":0},"product_brand":[],"product_cat":[260],"product_tag":[],"class_list":{"0":"post-8413","1":"product","2":"type-product","3":"status-publish","5":"product_cat-medicinales-y-culinarias","7":"first","8":"instock","9":"shipping-taxable","10":"purchasable","11":"product-type-variable","12":"has-default-attributes"},"_links":{"self":[{"href":"https:\/\/qrosoft.mx\/tiendabosquedeniebla\/wp-json\/wp\/v2\/product\/8413","targetHints":{"allow":["GET"]}}],"collection":[{"href":"https:\/\/qrosoft.mx\/tiendabosquedeniebla\/wp-json\/wp\/v2\/product"}],"about":[{"href":"https:\/\/qrosoft.mx\/tiendabosquedeniebla\/wp-json\/wp\/v2\/types\/product"}],"replies":[{"embeddable":true,"href":"https:\/\/qrosoft.mx\/tiendabosquedeniebla\/wp-json\/wp\/v2\/comments?post=8413"}],"wp:attachment":[{"href":"https:\/\/qrosoft.mx\/tiendabosquedeniebla\/wp-json\/wp\/v2\/media?parent=8413"}],"wp:term":[{"taxonomy":"product_brand","embeddable":true,"href":"https:\/\/qrosoft.mx\/tiendabosquedeniebla\/wp-json\/wp\/v2\/product_brand?post=8413"},{"taxonomy":"product_cat","embeddable":true,"href":"https:\/\/qrosoft.mx\/tiendabosquedeniebla\/wp-json\/wp\/v2\/product_cat?post=8413"},{"taxonomy":"product_tag","embeddable":true,"href":"https:\/\/qrosoft.mx\/tiendabosquedeniebla\/wp-json\/wp\/v2\/product_tag?post=8413"}],"curies":[{"name":"wp","href":"https:\/\/api.w.org\/{rel}","templated":true}]}}