{"id":8357,"date":"2024-08-21T02:31:50","date_gmt":"2024-08-21T08:31:50","guid":{"rendered":"https:\/\/qrosoft.mx\/tiendabosquedeniebla\/product\/naranja-variegada\/"},"modified":"2026-04-16T16:08:20","modified_gmt":"2026-04-16T21:08:20","slug":"naranja-variegada","status":"publish","type":"product","link":"https:\/\/qrosoft.mx\/tiendabosquedeniebla\/product\/naranja-variegada\/","title":{"rendered":"Naranja Variegada"},"content":{"rendered":"<h4><strong>Naranja Variegada &#8211; <em>Citrus sp.mucuna<\/em><\/strong><\/h4>\n<ul>\n<li><span style=\"color: #000000\"><strong>Familia:<\/strong> Rutaceae<\/span><\/li>\n<li><span style=\"color: #000000\"><strong>Or\u00edgen:<\/strong> Sudeste Asi\u00e1tico<\/span><\/li>\n<li><span style=\"color: #000000\"><strong>Descripci\u00f3n:<\/strong> \u00c1rbol perennifolio de 2 a 6m de alto. Su fruto grandes de buen sabor, se caracteriza por tener hojas pintas de blanco y verde oscuro y la c\u00e1scara de los frutos rayada de amarillo y verde. Presenta un ombligo en la extremidad.<\/span><\/li>\n<li><span style=\"color: #000000\"><strong>Usos:<\/strong> Fruto comestible jugoso y dulce, tambi\u00e9n se utiliza como ornamental por su curiosa apariencia bicolor.<\/span><\/li>\n<li><span style=\"color: #000000\"><strong>Clima:<\/strong> Ideal para el sub-tr\u00f3pico. En los tr\u00f3picos c\u00e1lidos h\u00famedos y secos tira las flores y da frutos de menor calidad, con cascara gruesa y poco jugo.<\/span><\/li>\n<li><span style=\"color: #000000\"><strong>Zonas:<\/strong> 2, 3, 4<\/span><\/li>\n<\/ul>\n","protected":false},"excerpt":{"rendered":"<p>Frutal de clima subtropical, tropical y templado<\/p>\n","protected":false},"featured_media":8465,"comment_status":"open","ping_status":"closed","template":"","meta":{"inline_featured_image":false,"_monsterinsights_skip_tracking":false,"_monsterinsights_sitenote_active":false,"_monsterinsights_sitenote_note":"","_monsterinsights_sitenote_category":0},"product_brand":[],"product_cat":[80],"product_tag":[],"class_list":{"0":"post-8357","1":"product","2":"type-product","3":"status-publish","4":"has-post-thumbnail","6":"product_cat-frutales","8":"first","9":"instock","10":"shipping-taxable","11":"purchasable","12":"product-type-variable","13":"has-default-attributes"},"_links":{"self":[{"href":"https:\/\/qrosoft.mx\/tiendabosquedeniebla\/wp-json\/wp\/v2\/product\/8357","targetHints":{"allow":["GET"]}}],"collection":[{"href":"https:\/\/qrosoft.mx\/tiendabosquedeniebla\/wp-json\/wp\/v2\/product"}],"about":[{"href":"https:\/\/qrosoft.mx\/tiendabosquedeniebla\/wp-json\/wp\/v2\/types\/product"}],"replies":[{"embeddable":true,"href":"https:\/\/qrosoft.mx\/tiendabosquedeniebla\/wp-json\/wp\/v2\/comments?post=8357"}],"wp:featuredmedia":[{"embeddable":true,"href":"https:\/\/qrosoft.mx\/tiendabosquedeniebla\/wp-json\/wp\/v2\/media\/8465"}],"wp:attachment":[{"href":"https:\/\/qrosoft.mx\/tiendabosquedeniebla\/wp-json\/wp\/v2\/media?parent=8357"}],"wp:term":[{"taxonomy":"product_brand","embeddable":true,"href":"https:\/\/qrosoft.mx\/tiendabosquedeniebla\/wp-json\/wp\/v2\/product_brand?post=8357"},{"taxonomy":"product_cat","embeddable":true,"href":"https:\/\/qrosoft.mx\/tiendabosquedeniebla\/wp-json\/wp\/v2\/product_cat?post=8357"},{"taxonomy":"product_tag","embeddable":true,"href":"https:\/\/qrosoft.mx\/tiendabosquedeniebla\/wp-json\/wp\/v2\/product_tag?post=8357"}],"curies":[{"name":"wp","href":"https:\/\/api.w.org\/{rel}","templated":true}]}}