{"id":8352,"date":"2024-08-21T02:31:42","date_gmt":"2024-08-21T08:31:42","guid":{"rendered":"https:\/\/qrosoft.mx\/tiendabosquedeniebla\/product\/cacao-trinitario\/"},"modified":"2025-12-15T09:15:32","modified_gmt":"2025-12-15T15:15:32","slug":"cacao-trinitario","status":"publish","type":"product","link":"https:\/\/qrosoft.mx\/tiendabosquedeniebla\/product\/cacao-trinitario\/","title":{"rendered":"Cacao trinitario"},"content":{"rendered":"<h4><strong>Cacao trinitario &#8211; <em>Theobroma cacao<\/em><\/strong><\/h4>\n<ul>\n<li><span style=\"color: #000000;\"><strong>Familia:<\/strong> Malvaceae<\/span><\/li>\n<li><span style=\"color: #000000;\"><strong>Or\u00edgen:<\/strong> Regiones amaz\u00f3nicas<\/span><\/li>\n<li><span style=\"color: #000000;\"><strong>Descripci\u00f3n:<\/strong> \u00c1rbol que alcanza los 10m de altura si se le deja desarrollarse, aunque se procura poda a 4m de alto. Copa redonda de 4m de di\u00e1metro. Fruto amarillo alargado, de 25cm de largo y 30 semillas aproximadamente, de color p\u00farpura claro.<\/span><\/li>\n<li><span style=\"color: #000000;\"><strong>Usos:<\/strong> Semilla y pulpa ocupadas para preparaci\u00f3n de alimentos, bebidas, extracci\u00f3n de aceites y rituales, entre otros.<\/span><\/li>\n<li><span style=\"color: #000000;\"><strong>Clima:<\/strong> C\u00e1lido-h\u00famedo, de 0 a 900 m.s.n.m. No tolera fr\u00edos intensos.<\/span><\/li>\n<li><span style=\"color: #000000;\"><strong>Zonas:<\/strong> 1, 2<\/span><\/li>\n<li><span style=\"color: #000000;\"><strong>Siembra:<\/strong> A 4m entre \u00e1rboles, procurar podas de formaci\u00f3n. A partir de los 4 a\u00f1os el \u00e1rbol comienza a fructificar. Etapa productiva de hasta 30 a\u00f1os. Requiere suelos bien drenados y buen contenido de materia org\u00e1nica.<\/span><\/li>\n<\/ul>\n","protected":false},"excerpt":{"rendered":"<p>\u00c1rbol tropical de frutos globosos con semillas comestibles<\/p>\n","protected":false},"featured_media":8677,"comment_status":"open","ping_status":"closed","template":"","meta":{"inline_featured_image":false,"_monsterinsights_skip_tracking":false,"_monsterinsights_sitenote_active":false,"_monsterinsights_sitenote_note":"","_monsterinsights_sitenote_category":0},"product_brand":[],"product_cat":[80],"product_tag":[],"class_list":{"0":"post-8352","1":"product","2":"type-product","3":"status-publish","4":"has-post-thumbnail","6":"product_cat-frutales","8":"first","9":"instock","10":"shipping-taxable","11":"purchasable","12":"product-type-variable","13":"has-default-attributes"},"_links":{"self":[{"href":"https:\/\/qrosoft.mx\/tiendabosquedeniebla\/wp-json\/wp\/v2\/product\/8352","targetHints":{"allow":["GET"]}}],"collection":[{"href":"https:\/\/qrosoft.mx\/tiendabosquedeniebla\/wp-json\/wp\/v2\/product"}],"about":[{"href":"https:\/\/qrosoft.mx\/tiendabosquedeniebla\/wp-json\/wp\/v2\/types\/product"}],"replies":[{"embeddable":true,"href":"https:\/\/qrosoft.mx\/tiendabosquedeniebla\/wp-json\/wp\/v2\/comments?post=8352"}],"wp:featuredmedia":[{"embeddable":true,"href":"https:\/\/qrosoft.mx\/tiendabosquedeniebla\/wp-json\/wp\/v2\/media\/8677"}],"wp:attachment":[{"href":"https:\/\/qrosoft.mx\/tiendabosquedeniebla\/wp-json\/wp\/v2\/media?parent=8352"}],"wp:term":[{"taxonomy":"product_brand","embeddable":true,"href":"https:\/\/qrosoft.mx\/tiendabosquedeniebla\/wp-json\/wp\/v2\/product_brand?post=8352"},{"taxonomy":"product_cat","embeddable":true,"href":"https:\/\/qrosoft.mx\/tiendabosquedeniebla\/wp-json\/wp\/v2\/product_cat?post=8352"},{"taxonomy":"product_tag","embeddable":true,"href":"https:\/\/qrosoft.mx\/tiendabosquedeniebla\/wp-json\/wp\/v2\/product_tag?post=8352"}],"curies":[{"name":"wp","href":"https:\/\/api.w.org\/{rel}","templated":true}]}}