{"id":8076,"date":"2024-07-17T21:05:43","date_gmt":"2024-07-18T03:05:43","guid":{"rendered":"https:\/\/qrosoft.mx\/tiendabosquedeniebla\/product\/tomate-de-cascara-oaxaca-morado\/"},"modified":"2025-11-01T08:12:23","modified_gmt":"2025-11-01T14:12:23","slug":"tomate-de-cascara-oaxaca-morado","status":"publish","type":"product","link":"https:\/\/qrosoft.mx\/tiendabosquedeniebla\/product\/tomate-de-cascara-oaxaca-morado\/","title":{"rendered":"Tomate de c\u00e1scara Oaxaca morado"},"content":{"rendered":"<h4><strong>Tomate de c\u00e1scara Oaxaca morado &#8211; <em>Physalis philadelphica<\/em><\/strong><\/h4>\n<ul>\n<li><strong>Familia:<\/strong> Solanaceae<\/li>\n<li><strong>Or\u00edgen:<\/strong> Mesoam\u00e9rica<\/li>\n<li><strong>Descripci\u00f3n:<\/strong> Planta anual de 60cm de ancho por 40cm de alto. Frutos globosos color morado intenso con c\u00e1scara verde.<\/li>\n<li><strong>Area potencial de siembra por 0.1 g:<\/strong> 17m\u00b2<\/li>\n<li><strong>Semillas por 0.1 g:<\/strong> 110 aprox.<\/li>\n<li><strong>Usos:<\/strong> La c\u00e1scara se prepara en infusi\u00f3n para mejorar la consistencia de los tamales y para hacer bu\u00f1uelos.<\/li>\n<li><strong>Clima:<\/strong> Templado y c\u00e1lido. Suelos bien drenados y plena exposici\u00f3n al sol.<\/li>\n<li><strong>Zonas:<\/strong> 2, 3, 4, 5<\/li>\n<li><strong>Siembra:<\/strong> En primavera en alm\u00e1cigo y trasplantar a 40cm entre plantas.<\/li>\n<li><strong>Cosecha:<\/strong> A los 4 meses post siembra aprox, cuando revienta su c\u00e1scara.<\/li>\n<\/ul>\n","protected":false},"excerpt":{"rendered":"<p>Hortaliza anual de frutos comestibles<\/p>\n","protected":false},"featured_media":8245,"comment_status":"open","ping_status":"closed","template":"","meta":{"inline_featured_image":false,"_monsterinsights_skip_tracking":false,"_monsterinsights_sitenote_active":false,"_monsterinsights_sitenote_note":"","_monsterinsights_sitenote_category":0},"product_brand":[],"product_cat":[195],"product_tag":[],"class_list":{"0":"post-8076","1":"product","2":"type-product","3":"status-publish","4":"has-post-thumbnail","6":"product_cat-jitomates-y-tomates","8":"first","9":"instock","10":"shipping-taxable","11":"purchasable","12":"product-type-variable","13":"has-default-attributes"},"_links":{"self":[{"href":"https:\/\/qrosoft.mx\/tiendabosquedeniebla\/wp-json\/wp\/v2\/product\/8076","targetHints":{"allow":["GET"]}}],"collection":[{"href":"https:\/\/qrosoft.mx\/tiendabosquedeniebla\/wp-json\/wp\/v2\/product"}],"about":[{"href":"https:\/\/qrosoft.mx\/tiendabosquedeniebla\/wp-json\/wp\/v2\/types\/product"}],"replies":[{"embeddable":true,"href":"https:\/\/qrosoft.mx\/tiendabosquedeniebla\/wp-json\/wp\/v2\/comments?post=8076"}],"wp:featuredmedia":[{"embeddable":true,"href":"https:\/\/qrosoft.mx\/tiendabosquedeniebla\/wp-json\/wp\/v2\/media\/8245"}],"wp:attachment":[{"href":"https:\/\/qrosoft.mx\/tiendabosquedeniebla\/wp-json\/wp\/v2\/media?parent=8076"}],"wp:term":[{"taxonomy":"product_brand","embeddable":true,"href":"https:\/\/qrosoft.mx\/tiendabosquedeniebla\/wp-json\/wp\/v2\/product_brand?post=8076"},{"taxonomy":"product_cat","embeddable":true,"href":"https:\/\/qrosoft.mx\/tiendabosquedeniebla\/wp-json\/wp\/v2\/product_cat?post=8076"},{"taxonomy":"product_tag","embeddable":true,"href":"https:\/\/qrosoft.mx\/tiendabosquedeniebla\/wp-json\/wp\/v2\/product_tag?post=8076"}],"curies":[{"name":"wp","href":"https:\/\/api.w.org\/{rel}","templated":true}]}}