{"id":8062,"date":"2024-07-17T21:02:52","date_gmt":"2024-07-18T03:02:52","guid":{"rendered":"https:\/\/qrosoft.mx\/tiendabosquedeniebla\/product\/frijol-de-guia-pata-de-chiviscoyo\/"},"modified":"2025-10-20T15:34:36","modified_gmt":"2025-10-20T21:34:36","slug":"frijol-de-guia-pata-de-chiviscoyo","status":"publish","type":"product","link":"https:\/\/qrosoft.mx\/tiendabosquedeniebla\/product\/frijol-de-guia-pata-de-chiviscoyo\/","title":{"rendered":"Frijol de gu\u00eda pata de chiviscoyo"},"content":{"rendered":"<h4><strong>Frijol de gu\u00eda pata de chiviscoyo &#8211; <em>Phaseolus coccineus<\/em><\/strong><\/h4>\n<ul>\n<li><strong>Familia:<\/strong> Fabaceae<\/li>\n<li><strong>Or\u00edgen:<\/strong> M\u00e9xico<\/li>\n<li><strong>Descripci\u00f3n:<\/strong> Frijol anual de largas gu\u00edas y bellas vainas y semillas rojizas. Muy rico tanto en ejote como en frijol, de r\u00e1pida cocci\u00f3n. Cultivado de manera tradicional en las fincas de Huatusco, Ver.<\/li>\n<li><strong>Clima:<\/strong> Templado<\/li>\n<li><strong>Zonas:<\/strong> 2, 3, 4<\/li>\n<li><strong>Siembra:<\/strong> En primavera, directo en el suelo con tutor firme de al menos 2m de alto, a 50cm de distancia.<\/li>\n<li><strong>Cosecha:<\/strong> A los 6 meses aprox, cuando la vaina comienza a secarse.<\/li>\n<\/ul>\n","protected":false},"excerpt":{"rendered":"<p>Leguminosa anual de gu\u00eda, de vainas y semillas comestibles<\/p>\n","protected":false},"featured_media":0,"comment_status":"open","ping_status":"closed","template":"","meta":{"inline_featured_image":false,"_monsterinsights_skip_tracking":false,"_monsterinsights_sitenote_active":false,"_monsterinsights_sitenote_note":"","_monsterinsights_sitenote_category":0},"product_brand":[],"product_cat":[188],"product_tag":[],"class_list":{"0":"post-8062","1":"product","2":"type-product","3":"status-publish","5":"product_cat-frijoles-de-guia","7":"first","8":"instock","9":"shipping-taxable","10":"purchasable","11":"product-type-variable","12":"has-default-attributes"},"_links":{"self":[{"href":"https:\/\/qrosoft.mx\/tiendabosquedeniebla\/wp-json\/wp\/v2\/product\/8062","targetHints":{"allow":["GET"]}}],"collection":[{"href":"https:\/\/qrosoft.mx\/tiendabosquedeniebla\/wp-json\/wp\/v2\/product"}],"about":[{"href":"https:\/\/qrosoft.mx\/tiendabosquedeniebla\/wp-json\/wp\/v2\/types\/product"}],"replies":[{"embeddable":true,"href":"https:\/\/qrosoft.mx\/tiendabosquedeniebla\/wp-json\/wp\/v2\/comments?post=8062"}],"wp:attachment":[{"href":"https:\/\/qrosoft.mx\/tiendabosquedeniebla\/wp-json\/wp\/v2\/media?parent=8062"}],"wp:term":[{"taxonomy":"product_brand","embeddable":true,"href":"https:\/\/qrosoft.mx\/tiendabosquedeniebla\/wp-json\/wp\/v2\/product_brand?post=8062"},{"taxonomy":"product_cat","embeddable":true,"href":"https:\/\/qrosoft.mx\/tiendabosquedeniebla\/wp-json\/wp\/v2\/product_cat?post=8062"},{"taxonomy":"product_tag","embeddable":true,"href":"https:\/\/qrosoft.mx\/tiendabosquedeniebla\/wp-json\/wp\/v2\/product_tag?post=8062"}],"curies":[{"name":"wp","href":"https:\/\/api.w.org\/{rel}","templated":true}]}}