{"id":8059,"date":"2024-07-17T21:02:05","date_gmt":"2024-07-18T03:02:05","guid":{"rendered":"https:\/\/qrosoft.mx\/tiendabosquedeniebla\/product\/verdolaga\/"},"modified":"2026-01-03T21:20:56","modified_gmt":"2026-01-04T03:20:56","slug":"verdolaga","status":"publish","type":"product","link":"https:\/\/qrosoft.mx\/tiendabosquedeniebla\/product\/verdolaga\/","title":{"rendered":"Verdolaga"},"content":{"rendered":"<h4><strong>Verdolaga &#8211; <em>Portulaca oleracea<\/em><\/strong><\/h4>\n<ul>\n<li><strong>Familia:<\/strong> Portulacaceae<\/li>\n<li><strong>Or\u00edgen:<\/strong> \u00c1frica tropical Y Oeste asi\u00e1tico<\/li>\n<li><strong>Descripci\u00f3n:<\/strong> Planta rastrera de f\u00e1cil propagaci\u00f3n consumida en todo el mundo. Tallos rojizos, hojas ovaladas carnosas y floraci\u00f3n amarilla.<\/li>\n<li><strong>Area potencial de siembra por 0.2 g:<\/strong> 26m\u00b2<\/li>\n<li><strong>Semillas por 0.2 g:<\/strong> 800 aprox.<\/li>\n<li><strong>Usos:<\/strong> Hojas, flores y tallos comestibles de excelente sabor, ya sea crudo o guisado.<\/li>\n<li><strong>Clima:<\/strong> C\u00e1lido a templado. Adaptada al clima de zonas altas del estado de M\u00e9xico, entre 2,000 y 2,300 msnm.<\/li>\n<li><strong>Zonas:<\/strong> 2, 3, 4<\/li>\n<li><strong>Siembra:<\/strong> Directo en el suelo a 20cm entre plantas<\/li>\n<li><strong>Cosecha:<\/strong> Escalonada. Cortar los tallos y hojas a partir de los 3 meses, cuando las hojas est\u00e1n tiernas y antes de que comience la formaci\u00f3n de semilla.<\/li>\n<\/ul>\n","protected":false},"excerpt":{"rendered":"<p>Planta anual rastrera de hojas y tallos comestibles<\/p>\n","protected":false},"featured_media":8224,"comment_status":"open","ping_status":"closed","template":"","meta":{"inline_featured_image":false,"_monsterinsights_skip_tracking":false,"_monsterinsights_sitenote_active":false,"_monsterinsights_sitenote_note":"","_monsterinsights_sitenote_category":0},"product_brand":[],"product_cat":[181],"product_tag":[],"class_list":{"0":"post-8059","1":"product","2":"type-product","3":"status-publish","4":"has-post-thumbnail","6":"product_cat-hojas-comestibles","8":"first","9":"instock","10":"shipping-taxable","11":"purchasable","12":"product-type-variable","13":"has-default-attributes"},"_links":{"self":[{"href":"https:\/\/qrosoft.mx\/tiendabosquedeniebla\/wp-json\/wp\/v2\/product\/8059","targetHints":{"allow":["GET"]}}],"collection":[{"href":"https:\/\/qrosoft.mx\/tiendabosquedeniebla\/wp-json\/wp\/v2\/product"}],"about":[{"href":"https:\/\/qrosoft.mx\/tiendabosquedeniebla\/wp-json\/wp\/v2\/types\/product"}],"replies":[{"embeddable":true,"href":"https:\/\/qrosoft.mx\/tiendabosquedeniebla\/wp-json\/wp\/v2\/comments?post=8059"}],"wp:featuredmedia":[{"embeddable":true,"href":"https:\/\/qrosoft.mx\/tiendabosquedeniebla\/wp-json\/wp\/v2\/media\/8224"}],"wp:attachment":[{"href":"https:\/\/qrosoft.mx\/tiendabosquedeniebla\/wp-json\/wp\/v2\/media?parent=8059"}],"wp:term":[{"taxonomy":"product_brand","embeddable":true,"href":"https:\/\/qrosoft.mx\/tiendabosquedeniebla\/wp-json\/wp\/v2\/product_brand?post=8059"},{"taxonomy":"product_cat","embeddable":true,"href":"https:\/\/qrosoft.mx\/tiendabosquedeniebla\/wp-json\/wp\/v2\/product_cat?post=8059"},{"taxonomy":"product_tag","embeddable":true,"href":"https:\/\/qrosoft.mx\/tiendabosquedeniebla\/wp-json\/wp\/v2\/product_tag?post=8059"}],"curies":[{"name":"wp","href":"https:\/\/api.w.org\/{rel}","templated":true}]}}