{"id":8058,"date":"2024-07-17T21:02:01","date_gmt":"2024-07-18T03:02:01","guid":{"rendered":"https:\/\/qrosoft.mx\/tiendabosquedeniebla\/product\/trigo-criollo\/"},"modified":"2025-12-16T18:29:17","modified_gmt":"2025-12-17T00:29:17","slug":"trigo-criollo","status":"publish","type":"product","link":"https:\/\/qrosoft.mx\/tiendabosquedeniebla\/product\/trigo-criollo\/","title":{"rendered":"Trigo criollo"},"content":{"rendered":"<h4><strong>Trigo criollo &#8211; <em>Triticum aestivum<\/em><\/strong><\/h4>\n<ul>\n<li><strong>Familia:<\/strong> Poaceae<\/li>\n<li><strong>Descripci\u00f3n:<\/strong> Cereal anual al cual se le atribuye el apogeo de civilizaciones del viejo mundo, domesticado desde hace 8,000 a\u00f1os. Alcanza 1.2m de altura y produce espigas con semillas ricas en almid\u00f3n. Uso: De sus semillas se obtienen harinas para panificaci\u00f3n.<\/li>\n<li><strong>Area potencial de siembra por 0.5 kg:<\/strong> 70m\u00b2<\/li>\n<li><strong>Semillas por 0.5 kg:<\/strong> 6000 aprox.<\/li>\n<li><strong>Clima:<\/strong> Templado. Esta variedad est\u00e1 adaptada a las condiciones de Toluca y Edo Mex., es cultivada desde hace generaciones por familias de esta zona.<\/li>\n<li><strong>Zonas:<\/strong> 4, 5<\/li>\n<li><strong>Siembra:<\/strong> Durante la primavera. M\u00e9todo biointensivo: directo en el suelo a 12 cm entre plantas.M\u00e9todo convencional: al voleo o bien en surcos.<\/li>\n<\/ul>\n","protected":false},"excerpt":{"rendered":"<p>Cereal anual de semillas comestibles<\/p>\n","protected":false},"featured_media":0,"comment_status":"open","ping_status":"closed","template":"","meta":{"inline_featured_image":false,"_monsterinsights_skip_tracking":false,"_monsterinsights_sitenote_active":false,"_monsterinsights_sitenote_note":"","_monsterinsights_sitenote_category":0},"product_brand":[],"product_cat":[108],"product_tag":[],"class_list":{"0":"post-8058","1":"product","2":"type-product","3":"status-publish","5":"product_cat-trigos","7":"first","8":"instock","9":"shipping-taxable","10":"purchasable","11":"product-type-variable","12":"has-default-attributes"},"_links":{"self":[{"href":"https:\/\/qrosoft.mx\/tiendabosquedeniebla\/wp-json\/wp\/v2\/product\/8058","targetHints":{"allow":["GET"]}}],"collection":[{"href":"https:\/\/qrosoft.mx\/tiendabosquedeniebla\/wp-json\/wp\/v2\/product"}],"about":[{"href":"https:\/\/qrosoft.mx\/tiendabosquedeniebla\/wp-json\/wp\/v2\/types\/product"}],"replies":[{"embeddable":true,"href":"https:\/\/qrosoft.mx\/tiendabosquedeniebla\/wp-json\/wp\/v2\/comments?post=8058"}],"wp:attachment":[{"href":"https:\/\/qrosoft.mx\/tiendabosquedeniebla\/wp-json\/wp\/v2\/media?parent=8058"}],"wp:term":[{"taxonomy":"product_brand","embeddable":true,"href":"https:\/\/qrosoft.mx\/tiendabosquedeniebla\/wp-json\/wp\/v2\/product_brand?post=8058"},{"taxonomy":"product_cat","embeddable":true,"href":"https:\/\/qrosoft.mx\/tiendabosquedeniebla\/wp-json\/wp\/v2\/product_cat?post=8058"},{"taxonomy":"product_tag","embeddable":true,"href":"https:\/\/qrosoft.mx\/tiendabosquedeniebla\/wp-json\/wp\/v2\/product_tag?post=8058"}],"curies":[{"name":"wp","href":"https:\/\/api.w.org\/{rel}","templated":true}]}}