{"id":8050,"date":"2024-07-17T21:00:18","date_gmt":"2024-07-18T03:00:18","guid":{"rendered":"https:\/\/qrosoft.mx\/tiendabosquedeniebla\/product\/papalo-pipixtla\/"},"modified":"2026-01-03T21:20:56","modified_gmt":"2026-01-04T03:20:56","slug":"papalo-pipixtla","status":"publish","type":"product","link":"https:\/\/qrosoft.mx\/tiendabosquedeniebla\/product\/papalo-pipixtla\/","title":{"rendered":"P\u00e1palo pipixtla"},"content":{"rendered":"<h4><strong>P\u00e1palo pipixtla &#8211; <em>Porophyllum ruderale<\/em><\/strong><\/h4>\n<ul>\n<li><strong>Familia:<\/strong> Asteraceae<\/li>\n<li><strong>Or\u00edgen:<\/strong> M\u00e9xico<\/li>\n<li><strong>Descripci\u00f3n:<\/strong> Hierba arom\u00e1tica anual de 50cm, con hojas verde p\u00e1lido y flores amarillas.<\/li>\n<li><strong>Area potencial de siembra por 0.5 g:<\/strong> 32m\u00b2<\/li>\n<li><strong>Semillas por 0.5 g:<\/strong> 400 aprox.<\/li>\n<li><strong>Usos:<\/strong> Hojas comestibles tradicionalmente machacadas en salsas, la ra\u00edz y las hojas crudas o cocidas como verdura.Es laxante, buena para el h\u00edgado. En puerperio regula la menstruaci\u00f3n. Tambi\u00e9n se utiliza para tratar la epilepsia y se aplica la hoja localmente contra el dolor de muelas.<\/li>\n<li><strong>Clima:<\/strong> C\u00e1lido, semic\u00e1lido y templado. Desde los 50 hasta los 1,000m s. n. m. En ocasiones, asociada a bosques desde tropicales a pino encino.<\/li>\n<li><strong>Zonas:<\/strong> 3, 4<\/li>\n<li><strong>Siembra:<\/strong> En alm\u00e1cigo y trasplanta r a 40cm entre plantas. En primavera o verano.<\/li>\n<li><strong>Cosecha:<\/strong> Cortar las ramas con hojas j\u00f3venes a partir de los 4 meses.<\/li>\n<\/ul>\n","protected":false},"excerpt":{"rendered":"<p>Planta anual de hojas culinarias<\/p>\n","protected":false},"featured_media":0,"comment_status":"open","ping_status":"closed","template":"","meta":{"inline_featured_image":false,"_monsterinsights_skip_tracking":false,"_monsterinsights_sitenote_active":false,"_monsterinsights_sitenote_note":"","_monsterinsights_sitenote_category":0},"product_brand":[],"product_cat":[260],"product_tag":[],"class_list":{"0":"post-8050","1":"product","2":"type-product","3":"status-publish","5":"product_cat-medicinales-y-culinarias","7":"first","8":"instock","9":"shipping-taxable","10":"purchasable","11":"product-type-variable","12":"has-default-attributes"},"_links":{"self":[{"href":"https:\/\/qrosoft.mx\/tiendabosquedeniebla\/wp-json\/wp\/v2\/product\/8050","targetHints":{"allow":["GET"]}}],"collection":[{"href":"https:\/\/qrosoft.mx\/tiendabosquedeniebla\/wp-json\/wp\/v2\/product"}],"about":[{"href":"https:\/\/qrosoft.mx\/tiendabosquedeniebla\/wp-json\/wp\/v2\/types\/product"}],"replies":[{"embeddable":true,"href":"https:\/\/qrosoft.mx\/tiendabosquedeniebla\/wp-json\/wp\/v2\/comments?post=8050"}],"wp:attachment":[{"href":"https:\/\/qrosoft.mx\/tiendabosquedeniebla\/wp-json\/wp\/v2\/media?parent=8050"}],"wp:term":[{"taxonomy":"product_brand","embeddable":true,"href":"https:\/\/qrosoft.mx\/tiendabosquedeniebla\/wp-json\/wp\/v2\/product_brand?post=8050"},{"taxonomy":"product_cat","embeddable":true,"href":"https:\/\/qrosoft.mx\/tiendabosquedeniebla\/wp-json\/wp\/v2\/product_cat?post=8050"},{"taxonomy":"product_tag","embeddable":true,"href":"https:\/\/qrosoft.mx\/tiendabosquedeniebla\/wp-json\/wp\/v2\/product_tag?post=8050"}],"curies":[{"name":"wp","href":"https:\/\/api.w.org\/{rel}","templated":true}]}}