{"id":8047,"date":"2024-07-17T20:59:40","date_gmt":"2024-07-18T02:59:40","guid":{"rendered":"https:\/\/qrosoft.mx\/tiendabosquedeniebla\/product\/mucuna-o-pica-pica-suave\/"},"modified":"2025-11-20T11:01:03","modified_gmt":"2025-11-20T17:01:03","slug":"mucuna-o-pica-pica-suave","status":"publish","type":"product","link":"https:\/\/qrosoft.mx\/tiendabosquedeniebla\/product\/mucuna-o-pica-pica-suave\/","title":{"rendered":"Mucuna o pica pica suave"},"content":{"rendered":"<h4><strong>Mucuna o pica pica suave &#8211; <em>Mucuna pruriens cv cinza<\/em><\/strong><\/h4>\n<ul>\n<li><strong>Familia:<\/strong> Fabaceae<\/li>\n<li><strong>Or\u00edgen:<\/strong> Per\u00fa<\/li>\n<li><strong>Descripci\u00f3n:<\/strong> Leguminosa trepadora anual, de hasta 1m de alto.<\/li>\n<li><strong>Area potencial de siembra por 0.5 kg:<\/strong> 50m\u00b2<\/li>\n<li><strong>Semillas por 0.5 kg:<\/strong> 500 aprox.<\/li>\n<li><strong>Usos:<\/strong> Excelente abono verde, cultivo de cobertura y forraje. Produce 40 ton\/ha de biomasa, fija 180kg nitr\u00f3geno \/ ha, y contiene entre 18 y 22% de prote\u00edna. Ocupada para regeneraci\u00f3n de suelos y rotaci\u00f3n de cultivos.<\/li>\n<li><strong>Clima:<\/strong> C\u00e1lido. No tolera heladas ni suelos anegados.<\/li>\n<li><strong>Zonas:<\/strong> 1, 2, 3<\/li>\n<li><strong>Siembra:<\/strong> Directo a 50cm entre plantas, o bien al voleo en \u00e1reas grandes. Densidad de siembra= 30 kg\/ha. Se siembra en asociaci\u00f3n con otros cultivos como ma\u00edz y sorgo.<\/li>\n<li><strong>Cosecha:<\/strong> Para forrajeo hacer primer pastoreo o corte a los 3 meses. Incorporar como abono al inicio de la floraci\u00f3n.<\/li>\n<\/ul>\n","protected":false},"excerpt":{"rendered":"<p>Planta anual trepadora de climas tropicales, excelente abono verde<\/p>\n","protected":false},"featured_media":0,"comment_status":"open","ping_status":"closed","template":"","meta":{"inline_featured_image":false,"_monsterinsights_skip_tracking":false,"_monsterinsights_sitenote_active":false,"_monsterinsights_sitenote_note":"","_monsterinsights_sitenote_category":0},"product_brand":[],"product_cat":[82],"product_tag":[],"class_list":{"0":"post-8047","1":"product","2":"type-product","3":"status-publish","5":"product_cat-abonos-verdes","7":"first","8":"instock","9":"shipping-taxable","10":"purchasable","11":"product-type-variable","12":"has-default-attributes"},"_links":{"self":[{"href":"https:\/\/qrosoft.mx\/tiendabosquedeniebla\/wp-json\/wp\/v2\/product\/8047","targetHints":{"allow":["GET"]}}],"collection":[{"href":"https:\/\/qrosoft.mx\/tiendabosquedeniebla\/wp-json\/wp\/v2\/product"}],"about":[{"href":"https:\/\/qrosoft.mx\/tiendabosquedeniebla\/wp-json\/wp\/v2\/types\/product"}],"replies":[{"embeddable":true,"href":"https:\/\/qrosoft.mx\/tiendabosquedeniebla\/wp-json\/wp\/v2\/comments?post=8047"}],"wp:attachment":[{"href":"https:\/\/qrosoft.mx\/tiendabosquedeniebla\/wp-json\/wp\/v2\/media?parent=8047"}],"wp:term":[{"taxonomy":"product_brand","embeddable":true,"href":"https:\/\/qrosoft.mx\/tiendabosquedeniebla\/wp-json\/wp\/v2\/product_brand?post=8047"},{"taxonomy":"product_cat","embeddable":true,"href":"https:\/\/qrosoft.mx\/tiendabosquedeniebla\/wp-json\/wp\/v2\/product_cat?post=8047"},{"taxonomy":"product_tag","embeddable":true,"href":"https:\/\/qrosoft.mx\/tiendabosquedeniebla\/wp-json\/wp\/v2\/product_tag?post=8047"}],"curies":[{"name":"wp","href":"https:\/\/api.w.org\/{rel}","templated":true}]}}