{"id":8046,"date":"2024-07-17T20:59:35","date_gmt":"2024-07-18T02:59:35","guid":{"rendered":"https:\/\/qrosoft.mx\/tiendabosquedeniebla\/product\/mostaza-mizuna-morada\/"},"modified":"2025-11-13T17:32:11","modified_gmt":"2025-11-13T23:32:11","slug":"mostaza-mizuna-morada","status":"publish","type":"product","link":"https:\/\/qrosoft.mx\/tiendabosquedeniebla\/product\/mostaza-mizuna-morada\/","title":{"rendered":"Mostaza mizuna morada"},"content":{"rendered":"<h4><strong>Mostaza mizuna morada &#8211; <em>Brassica rapa<\/em><\/strong><\/h4>\n<ul>\n<li><strong>Familia:<\/strong> Brassicaceae<\/li>\n<li><strong>Or\u00edgen:<\/strong> Asia<\/li>\n<li><strong>Descripci\u00f3n:<\/strong> Planta anual de hojas crespas color morado intenso. Variedad resistente a la mariposa blanca.<\/li>\n<li><strong>Area potencial de siembra por 0.2 g:<\/strong> 30m\u00b2<\/li>\n<li><strong>Semillas por 0.2 g:<\/strong> 170 aprox.<\/li>\n<li><strong>Usos:<\/strong> Es una variedad gourmet con hojas de sabor ligero parecido a la mostaza. Se come cruda en ensalada dando un color morado peculiar.<\/li>\n<li><strong>Clima:<\/strong> Templado.<\/li>\n<li><strong>Zonas:<\/strong> 3, 4, 5<\/li>\n<li><strong>Siembra:<\/strong> En \u00e9poca de fr\u00edo en alm\u00e1cigo y trasplantar a 40cm.<\/li>\n<li><strong>Cosecha:<\/strong> A partir de tres semanas post-siembra. Cosechar las hojas tiernas para evitar el sabor amargo, el cual tiene si se cosecha por la tarde o al medio d\u00eda.<\/li>\n<\/ul>\n","protected":false},"excerpt":{"rendered":"<p>Hortaliza anual de hojas y semillas comestibles<\/p>\n","protected":false},"featured_media":8219,"comment_status":"open","ping_status":"closed","template":"","meta":{"inline_featured_image":false,"_monsterinsights_skip_tracking":false,"_monsterinsights_sitenote_active":false,"_monsterinsights_sitenote_note":"","_monsterinsights_sitenote_category":0},"product_brand":[],"product_cat":[181],"product_tag":[],"class_list":{"0":"post-8046","1":"product","2":"type-product","3":"status-publish","4":"has-post-thumbnail","6":"product_cat-hojas-comestibles","8":"first","9":"instock","10":"shipping-taxable","11":"purchasable","12":"product-type-variable","13":"has-default-attributes"},"_links":{"self":[{"href":"https:\/\/qrosoft.mx\/tiendabosquedeniebla\/wp-json\/wp\/v2\/product\/8046","targetHints":{"allow":["GET"]}}],"collection":[{"href":"https:\/\/qrosoft.mx\/tiendabosquedeniebla\/wp-json\/wp\/v2\/product"}],"about":[{"href":"https:\/\/qrosoft.mx\/tiendabosquedeniebla\/wp-json\/wp\/v2\/types\/product"}],"replies":[{"embeddable":true,"href":"https:\/\/qrosoft.mx\/tiendabosquedeniebla\/wp-json\/wp\/v2\/comments?post=8046"}],"wp:featuredmedia":[{"embeddable":true,"href":"https:\/\/qrosoft.mx\/tiendabosquedeniebla\/wp-json\/wp\/v2\/media\/8219"}],"wp:attachment":[{"href":"https:\/\/qrosoft.mx\/tiendabosquedeniebla\/wp-json\/wp\/v2\/media?parent=8046"}],"wp:term":[{"taxonomy":"product_brand","embeddable":true,"href":"https:\/\/qrosoft.mx\/tiendabosquedeniebla\/wp-json\/wp\/v2\/product_brand?post=8046"},{"taxonomy":"product_cat","embeddable":true,"href":"https:\/\/qrosoft.mx\/tiendabosquedeniebla\/wp-json\/wp\/v2\/product_cat?post=8046"},{"taxonomy":"product_tag","embeddable":true,"href":"https:\/\/qrosoft.mx\/tiendabosquedeniebla\/wp-json\/wp\/v2\/product_tag?post=8046"}],"curies":[{"name":"wp","href":"https:\/\/api.w.org\/{rel}","templated":true}]}}