{"id":8039,"date":"2024-07-17T20:58:37","date_gmt":"2024-07-18T02:58:37","guid":{"rendered":"https:\/\/qrosoft.mx\/tiendabosquedeniebla\/product\/maiz-chalqueno-blanco\/"},"modified":"2025-11-12T21:34:04","modified_gmt":"2025-11-13T03:34:04","slug":"maiz-chalqueno-blanco","status":"publish","type":"product","link":"https:\/\/qrosoft.mx\/tiendabosquedeniebla\/product\/maiz-chalqueno-blanco\/","title":{"rendered":"Ma\u00edz chalque\u00f1o blanco"},"content":{"rendered":"<h4><strong>Ma\u00edz chalque\u00f1o blanco &#8211; <em>Zea mays<\/em><\/strong><\/h4>\n<ul>\n<li><strong>Familia:<\/strong> Poaceae<\/li>\n<li><strong>Or\u00edgen:<\/strong> M\u00e9xico<\/li>\n<li><strong>Descripci\u00f3n:<\/strong> Cultivo anual de hasta 5m de altura, mazorca de 20cm de largo con granos alargados y blancos. Variedad ideal para tortillas.<\/li>\n<li><strong>Area potencial de siembra por 30 g:<\/strong> 4.5m\u00b2<\/li>\n<li><strong>Semillas por 30 g:<\/strong> 50 aprox.<\/li>\n<li><strong>Usos:<\/strong> Se puede comer tierno en elote, pero se prefiere seco por su calidad para tortillas.<\/li>\n<li><strong>Clima:<\/strong> Templado. Cultivo tradicional del Edo. de M\u00e9xico.<\/li>\n<li><strong>Zonas:<\/strong> 4<\/li>\n<li><strong>Siembra:<\/strong> Tradicionalmente se siembra en mayo a inicios de las lluvias (en planicies de Edo. Mex). Directo en el suelo a 60cm de separaci\u00f3n y 3 semillas por hoyo. Surcos de 90cm de ancho.<\/li>\n<li><strong>Cosecha:<\/strong> A los 7 meses, cuando la planta est\u00e1 marchita y la mazorca est\u00e1 seca.<\/li>\n<\/ul>\n","protected":false},"excerpt":{"rendered":"<p>Cereal anual de semillas blancas<\/p>\n","protected":false},"featured_media":8228,"comment_status":"open","ping_status":"closed","template":"","meta":{"inline_featured_image":false,"_monsterinsights_skip_tracking":false,"_monsterinsights_sitenote_active":false,"_monsterinsights_sitenote_note":"","_monsterinsights_sitenote_category":0},"product_brand":[],"product_cat":[105],"product_tag":[],"class_list":{"0":"post-8039","1":"product","2":"type-product","3":"status-publish","4":"has-post-thumbnail","6":"product_cat-maices","8":"first","9":"instock","10":"shipping-taxable","11":"purchasable","12":"product-type-variable","13":"has-default-attributes"},"_links":{"self":[{"href":"https:\/\/qrosoft.mx\/tiendabosquedeniebla\/wp-json\/wp\/v2\/product\/8039","targetHints":{"allow":["GET"]}}],"collection":[{"href":"https:\/\/qrosoft.mx\/tiendabosquedeniebla\/wp-json\/wp\/v2\/product"}],"about":[{"href":"https:\/\/qrosoft.mx\/tiendabosquedeniebla\/wp-json\/wp\/v2\/types\/product"}],"replies":[{"embeddable":true,"href":"https:\/\/qrosoft.mx\/tiendabosquedeniebla\/wp-json\/wp\/v2\/comments?post=8039"}],"wp:featuredmedia":[{"embeddable":true,"href":"https:\/\/qrosoft.mx\/tiendabosquedeniebla\/wp-json\/wp\/v2\/media\/8228"}],"wp:attachment":[{"href":"https:\/\/qrosoft.mx\/tiendabosquedeniebla\/wp-json\/wp\/v2\/media?parent=8039"}],"wp:term":[{"taxonomy":"product_brand","embeddable":true,"href":"https:\/\/qrosoft.mx\/tiendabosquedeniebla\/wp-json\/wp\/v2\/product_brand?post=8039"},{"taxonomy":"product_cat","embeddable":true,"href":"https:\/\/qrosoft.mx\/tiendabosquedeniebla\/wp-json\/wp\/v2\/product_cat?post=8039"},{"taxonomy":"product_tag","embeddable":true,"href":"https:\/\/qrosoft.mx\/tiendabosquedeniebla\/wp-json\/wp\/v2\/product_tag?post=8039"}],"curies":[{"name":"wp","href":"https:\/\/api.w.org\/{rel}","templated":true}]}}