{"id":8025,"date":"2024-07-17T20:56:36","date_gmt":"2024-07-18T02:56:36","guid":{"rendered":"https:\/\/qrosoft.mx\/tiendabosquedeniebla\/product\/izote\/"},"modified":"2025-10-20T15:33:36","modified_gmt":"2025-10-20T21:33:36","slug":"izote","status":"publish","type":"product","link":"https:\/\/qrosoft.mx\/tiendabosquedeniebla\/product\/izote\/","title":{"rendered":"Izote"},"content":{"rendered":"<h4><strong>Izote &#8211; <em>Yucca sp.<\/em><\/strong><\/h4>\n<ul>\n<li><strong>Familia:<\/strong> Asparagaceae<\/li>\n<li><strong>Or\u00edgen:<\/strong> M\u00e9xico y Guatemala<\/li>\n<li><strong>Descripci\u00f3n:<\/strong> Arbusto perenne de hasta 5m. Tronco sin ramas de cuyo extremo brotan hojas cori\u00e1ceas. La inflorescencia es un solo ramo, blanco muy vistoso. El fruto es una c\u00e1psula con semillas negras.<\/li>\n<li><strong>Area potencial de siembra por 5.2 g:<\/strong> 90m\u00b2<\/li>\n<li><strong>Semillas por 5.2 g:<\/strong> 30 aprox.<\/li>\n<li><strong>Usos:<\/strong> Flores y c\u00e1psulas tiernas comestibles en guisos, sopas y tamales. Para quitar su amargor se hierven dos veces desechando el agua. \u00datil como cerco vivo en linderos y ornamental.<\/li>\n<li><strong>Clima:<\/strong> C\u00e1lido a templado. Tolera calor, sequ\u00eda, humedad y fr\u00edo. Adaptable a distintos climas.<\/li>\n<li><strong>Zonas:<\/strong> 2, 3, 4, 5<\/li>\n<li><strong>Siembra:<\/strong> Remojar las semillas por 2 noches antes de sembrar en alm\u00e1cigo. Trasplantar a 3m entre plantas. Se propaga f\u00e1cilmente a partir de hijuelos y por varetas.<\/li>\n<li><strong>Cosecha:<\/strong> Cortar la inflorecencia tierna para consumo. Se obtiene semilla de la c\u00e1psula ya marchita.<\/li>\n<\/ul>\n","protected":false},"excerpt":{"rendered":"<p>Arbusto perenne de hasta 5m de alto, flores comestibles<\/p>\n","protected":false},"featured_media":8239,"comment_status":"open","ping_status":"closed","template":"","meta":{"inline_featured_image":false,"_monsterinsights_skip_tracking":false,"_monsterinsights_sitenote_active":false,"_monsterinsights_sitenote_note":"","_monsterinsights_sitenote_category":0},"product_brand":[],"product_cat":[81],"product_tag":[],"class_list":{"0":"post-8025","1":"product","2":"type-product","3":"status-publish","4":"has-post-thumbnail","6":"product_cat-arboles-y-arbustos","8":"first","9":"instock","10":"shipping-taxable","11":"purchasable","12":"product-type-variable","13":"has-default-attributes"},"_links":{"self":[{"href":"https:\/\/qrosoft.mx\/tiendabosquedeniebla\/wp-json\/wp\/v2\/product\/8025","targetHints":{"allow":["GET"]}}],"collection":[{"href":"https:\/\/qrosoft.mx\/tiendabosquedeniebla\/wp-json\/wp\/v2\/product"}],"about":[{"href":"https:\/\/qrosoft.mx\/tiendabosquedeniebla\/wp-json\/wp\/v2\/types\/product"}],"replies":[{"embeddable":true,"href":"https:\/\/qrosoft.mx\/tiendabosquedeniebla\/wp-json\/wp\/v2\/comments?post=8025"}],"wp:featuredmedia":[{"embeddable":true,"href":"https:\/\/qrosoft.mx\/tiendabosquedeniebla\/wp-json\/wp\/v2\/media\/8239"}],"wp:attachment":[{"href":"https:\/\/qrosoft.mx\/tiendabosquedeniebla\/wp-json\/wp\/v2\/media?parent=8025"}],"wp:term":[{"taxonomy":"product_brand","embeddable":true,"href":"https:\/\/qrosoft.mx\/tiendabosquedeniebla\/wp-json\/wp\/v2\/product_brand?post=8025"},{"taxonomy":"product_cat","embeddable":true,"href":"https:\/\/qrosoft.mx\/tiendabosquedeniebla\/wp-json\/wp\/v2\/product_cat?post=8025"},{"taxonomy":"product_tag","embeddable":true,"href":"https:\/\/qrosoft.mx\/tiendabosquedeniebla\/wp-json\/wp\/v2\/product_tag?post=8025"}],"curies":[{"name":"wp","href":"https:\/\/api.w.org\/{rel}","templated":true}]}}