{"id":8024,"date":"2024-07-17T20:56:18","date_gmt":"2024-07-18T02:56:18","guid":{"rendered":"https:\/\/qrosoft.mx\/tiendabosquedeniebla\/product\/guanacaste-o-parota\/"},"modified":"2026-01-10T18:51:57","modified_gmt":"2026-01-11T00:51:57","slug":"guanacaste-o-parota","status":"publish","type":"product","link":"https:\/\/qrosoft.mx\/tiendabosquedeniebla\/product\/guanacaste-o-parota\/","title":{"rendered":"Guanacaste o parota"},"content":{"rendered":"<h4><strong>Guanacaste o parota &#8211; <em>Enterolobium cyclocarpum<\/em><\/strong><\/h4>\n<ul>\n<li><strong>Familia:<\/strong> Fabaceae<\/li>\n<li><strong>Or\u00edgen:<\/strong> Regiones tropicales de Am\u00e9rica<\/li>\n<li><strong>Descripci\u00f3n:<\/strong> \u00c1rbol de hasta 30m de alto con copa extendida. Excelente maderable de r\u00e1pido crecimiento, retenedor de suelos y proveedor de sombra.<\/li>\n<li><strong>Area potencial de siembra por 0.5 kg:<\/strong> 3100m\u00b2<\/li>\n<li><strong>Semillas por 0.5 kg:<\/strong> 750 aprox.<\/li>\n<li><strong>Usos:<\/strong> Semillas comestibles tostadas y peladas (35% prote\u00edna). Buen forrajero.<\/li>\n<li><strong>Clima:<\/strong> C\u00e1lido semih\u00famedo con estaci\u00f3n seca prolongada. Se da bien en zonas h\u00famedas. Requiere suelos bien drenados.<\/li>\n<li><strong>Zonas:<\/strong> 1, 2<\/li>\n<li><strong>Siembra:<\/strong> En bolsa y trasplantar cuando la planta alcanza los 40cm. Para aprovechamiento maderable sembrar a 4m entre \u00e1rboles. Para sombra sembrar a cada 20 m.<\/li>\n<li><strong>Nota:<\/strong> El tratamiento pregerminativo consiste en: llevar agua a ebullici\u00f3n, apagar el fuego y colocar las semillas en el agua. Dejar all\u00ed durante la noche y sembrar al otro d\u00eda.<\/li>\n<\/ul>\n","protected":false},"excerpt":{"rendered":"<p>\u00c1rbol tropical de copa ancha, hasta 40m alto, maderable, fijador de nitr\u00f3geno y proveedor de sombra<\/p>\n","protected":false},"featured_media":0,"comment_status":"open","ping_status":"closed","template":"","meta":{"inline_featured_image":false,"_monsterinsights_skip_tracking":false,"_monsterinsights_sitenote_active":false,"_monsterinsights_sitenote_note":"","_monsterinsights_sitenote_category":0},"product_brand":[],"product_cat":[81],"product_tag":[],"class_list":{"0":"post-8024","1":"product","2":"type-product","3":"status-publish","5":"product_cat-arboles-y-arbustos","7":"first","8":"instock","9":"shipping-taxable","10":"purchasable","11":"product-type-variable","12":"has-default-attributes"},"_links":{"self":[{"href":"https:\/\/qrosoft.mx\/tiendabosquedeniebla\/wp-json\/wp\/v2\/product\/8024","targetHints":{"allow":["GET"]}}],"collection":[{"href":"https:\/\/qrosoft.mx\/tiendabosquedeniebla\/wp-json\/wp\/v2\/product"}],"about":[{"href":"https:\/\/qrosoft.mx\/tiendabosquedeniebla\/wp-json\/wp\/v2\/types\/product"}],"replies":[{"embeddable":true,"href":"https:\/\/qrosoft.mx\/tiendabosquedeniebla\/wp-json\/wp\/v2\/comments?post=8024"}],"wp:attachment":[{"href":"https:\/\/qrosoft.mx\/tiendabosquedeniebla\/wp-json\/wp\/v2\/media?parent=8024"}],"wp:term":[{"taxonomy":"product_brand","embeddable":true,"href":"https:\/\/qrosoft.mx\/tiendabosquedeniebla\/wp-json\/wp\/v2\/product_brand?post=8024"},{"taxonomy":"product_cat","embeddable":true,"href":"https:\/\/qrosoft.mx\/tiendabosquedeniebla\/wp-json\/wp\/v2\/product_cat?post=8024"},{"taxonomy":"product_tag","embeddable":true,"href":"https:\/\/qrosoft.mx\/tiendabosquedeniebla\/wp-json\/wp\/v2\/product_tag?post=8024"}],"curies":[{"name":"wp","href":"https:\/\/api.w.org\/{rel}","templated":true}]}}