{"id":8019,"date":"2024-07-17T20:55:39","date_gmt":"2024-07-18T02:55:39","guid":{"rendered":"https:\/\/qrosoft.mx\/tiendabosquedeniebla\/product\/frijol-de-guia-tigreado-o-whipoorwill\/"},"modified":"2025-11-20T11:01:02","modified_gmt":"2025-11-20T17:01:02","slug":"frijol-de-guia-tigreado-o-whipoorwill","status":"publish","type":"product","link":"https:\/\/qrosoft.mx\/tiendabosquedeniebla\/product\/frijol-de-guia-tigreado-o-whipoorwill\/","title":{"rendered":"Frijol de gu\u00eda tigreado o whipoorwill"},"content":{"rendered":"<h4><strong>Frijol de gu\u00eda tigreado o whipoorwill &#8211; <em>Vigna unguiculata<\/em><\/strong><\/h4>\n<ul>\n<li><strong>Familia:<\/strong> Fabaceae<\/li>\n<li><strong>Or\u00edgen:<\/strong> \u00c1frica<\/li>\n<li><strong>Descripci\u00f3n:<\/strong> Variedad de gu\u00eda de hasta 1.5m de alto, con bellas semillas marmoleadas y largas vainas de hasta 20cm. Desde el a\u00f1o 2021 se ha adaptado muy bien a nuestros huertos de Las Ca\u00f1adas.<\/li>\n<li><strong>Area potencial de siembra por 22.5 g:<\/strong> 5m\u00b2<\/li>\n<li><strong>Semillas por 22.5 g:<\/strong> 30 aprox.<\/li>\n<li><strong>Usos:<\/strong> Vainas tiernas comestibles, as\u00ed como las semillas tiernas o recias cocidas como cualquier otro frijol.<\/li>\n<li><strong>Clima:<\/strong> C\u00e1lido. Resistente a sequ\u00edas y altas temperaturas. No soporta heladas.<\/li>\n<li><strong>Zonas:<\/strong> 2, 3<\/li>\n<li><strong>Siembra:<\/strong> En temporada de calor. Directo en el suelo a 40cm entre plantas. Requiere tutor.<\/li>\n<\/ul>\n","protected":false},"excerpt":{"rendered":"<p>Leguminosa anual de gu\u00eda, de vainas y semillas comestibles<\/p>\n","protected":false},"featured_media":8200,"comment_status":"open","ping_status":"closed","template":"","meta":{"inline_featured_image":false,"_monsterinsights_skip_tracking":false,"_monsterinsights_sitenote_active":false,"_monsterinsights_sitenote_note":"","_monsterinsights_sitenote_category":0},"product_brand":[],"product_cat":[188],"product_tag":[],"class_list":{"0":"post-8019","1":"product","2":"type-product","3":"status-publish","4":"has-post-thumbnail","6":"product_cat-frijoles-de-guia","8":"first","9":"instock","10":"shipping-taxable","11":"purchasable","12":"product-type-variable","13":"has-default-attributes"},"_links":{"self":[{"href":"https:\/\/qrosoft.mx\/tiendabosquedeniebla\/wp-json\/wp\/v2\/product\/8019","targetHints":{"allow":["GET"]}}],"collection":[{"href":"https:\/\/qrosoft.mx\/tiendabosquedeniebla\/wp-json\/wp\/v2\/product"}],"about":[{"href":"https:\/\/qrosoft.mx\/tiendabosquedeniebla\/wp-json\/wp\/v2\/types\/product"}],"replies":[{"embeddable":true,"href":"https:\/\/qrosoft.mx\/tiendabosquedeniebla\/wp-json\/wp\/v2\/comments?post=8019"}],"wp:featuredmedia":[{"embeddable":true,"href":"https:\/\/qrosoft.mx\/tiendabosquedeniebla\/wp-json\/wp\/v2\/media\/8200"}],"wp:attachment":[{"href":"https:\/\/qrosoft.mx\/tiendabosquedeniebla\/wp-json\/wp\/v2\/media?parent=8019"}],"wp:term":[{"taxonomy":"product_brand","embeddable":true,"href":"https:\/\/qrosoft.mx\/tiendabosquedeniebla\/wp-json\/wp\/v2\/product_brand?post=8019"},{"taxonomy":"product_cat","embeddable":true,"href":"https:\/\/qrosoft.mx\/tiendabosquedeniebla\/wp-json\/wp\/v2\/product_cat?post=8019"},{"taxonomy":"product_tag","embeddable":true,"href":"https:\/\/qrosoft.mx\/tiendabosquedeniebla\/wp-json\/wp\/v2\/product_tag?post=8019"}],"curies":[{"name":"wp","href":"https:\/\/api.w.org\/{rel}","templated":true}]}}