{"id":8018,"date":"2024-07-17T20:55:36","date_gmt":"2024-07-18T02:55:36","guid":{"rendered":"https:\/\/qrosoft.mx\/tiendabosquedeniebla\/product\/frijol-de-guia-rosado\/"},"modified":"2025-11-27T23:22:59","modified_gmt":"2025-11-28T05:22:59","slug":"frijol-de-guia-rosado","status":"publish","type":"product","link":"https:\/\/qrosoft.mx\/tiendabosquedeniebla\/product\/frijol-de-guia-rosado\/","title":{"rendered":"Frijol de gu\u00eda rosado"},"content":{"rendered":"<h4><strong>Frijol de gu\u00eda rosado &#8211; <em>Phaseolus vulgaris<\/em><\/strong><\/h4>\n<ul>\n<li><strong>Familia:<\/strong> Fabaceae<\/li>\n<li><strong>Or\u00edgen:<\/strong> M\u00e9xico<\/li>\n<li><strong>Descripci\u00f3n:<\/strong> Variedad de gu\u00eda de r\u00e1pido crecimiento, semillas gorditas, de tonalidades rosadas y p\u00farpuras, muy llamativas y brillantes. Cultivada desde 2018 en Las Ca\u00f1adas y originaria de Zacatecas.<\/li>\n<li><strong>Area potencial de siembra por 0.5 kg:<\/strong> 50m\u00b2<\/li>\n<li><strong>Semillas por 0.5 kg:<\/strong> 1150 aprox.<\/li>\n<li><strong>Usos:<\/strong> Semillas guisadas comestibles de excelente sabor y r\u00e1pida cocci\u00f3n.<\/li>\n<li><strong>Clima:<\/strong> C\u00e1lido. Tolera condiciones de sequ\u00eda.<\/li>\n<li><strong>Zonas:<\/strong> 2, 3, 4<\/li>\n<li><strong>Siembra:<\/strong> De marzo a junio. Directo en el suelo a 50cm entre plantas.<\/li>\n<li><strong>Cosecha:<\/strong> Cuando las vainas comienzan a secarse.<\/li>\n<\/ul>\n","protected":false},"excerpt":{"rendered":"<p>Leguminosa anual de gu\u00eda, de vainas y semillas comestibles<\/p>\n","protected":false},"featured_media":8199,"comment_status":"open","ping_status":"closed","template":"","meta":{"inline_featured_image":false,"_monsterinsights_skip_tracking":false,"_monsterinsights_sitenote_active":false,"_monsterinsights_sitenote_note":"","_monsterinsights_sitenote_category":0},"product_brand":[],"product_cat":[188],"product_tag":[],"class_list":{"0":"post-8018","1":"product","2":"type-product","3":"status-publish","4":"has-post-thumbnail","6":"product_cat-frijoles-de-guia","8":"first","9":"instock","10":"shipping-taxable","11":"purchasable","12":"product-type-variable","13":"has-default-attributes"},"_links":{"self":[{"href":"https:\/\/qrosoft.mx\/tiendabosquedeniebla\/wp-json\/wp\/v2\/product\/8018","targetHints":{"allow":["GET"]}}],"collection":[{"href":"https:\/\/qrosoft.mx\/tiendabosquedeniebla\/wp-json\/wp\/v2\/product"}],"about":[{"href":"https:\/\/qrosoft.mx\/tiendabosquedeniebla\/wp-json\/wp\/v2\/types\/product"}],"replies":[{"embeddable":true,"href":"https:\/\/qrosoft.mx\/tiendabosquedeniebla\/wp-json\/wp\/v2\/comments?post=8018"}],"wp:featuredmedia":[{"embeddable":true,"href":"https:\/\/qrosoft.mx\/tiendabosquedeniebla\/wp-json\/wp\/v2\/media\/8199"}],"wp:attachment":[{"href":"https:\/\/qrosoft.mx\/tiendabosquedeniebla\/wp-json\/wp\/v2\/media?parent=8018"}],"wp:term":[{"taxonomy":"product_brand","embeddable":true,"href":"https:\/\/qrosoft.mx\/tiendabosquedeniebla\/wp-json\/wp\/v2\/product_brand?post=8018"},{"taxonomy":"product_cat","embeddable":true,"href":"https:\/\/qrosoft.mx\/tiendabosquedeniebla\/wp-json\/wp\/v2\/product_cat?post=8018"},{"taxonomy":"product_tag","embeddable":true,"href":"https:\/\/qrosoft.mx\/tiendabosquedeniebla\/wp-json\/wp\/v2\/product_tag?post=8018"}],"curies":[{"name":"wp","href":"https:\/\/api.w.org\/{rel}","templated":true}]}}