{"id":8016,"date":"2024-07-17T20:55:28","date_gmt":"2024-07-18T02:55:28","guid":{"rendered":"https:\/\/qrosoft.mx\/tiendabosquedeniebla\/product\/frijol-de-guia-patlacho-pinto\/"},"modified":"2025-12-16T16:31:01","modified_gmt":"2025-12-16T22:31:01","slug":"frijol-de-guia-patlacho-pinto","status":"publish","type":"product","link":"https:\/\/qrosoft.mx\/tiendabosquedeniebla\/product\/frijol-de-guia-patlacho-pinto\/","title":{"rendered":"Frijol de gu\u00eda patlacho pinto"},"content":{"rendered":"<h4><strong>Frijol de gu\u00eda patlacho pinto &#8211; <em>Phaseolus lunatus<\/em><\/strong><\/h4>\n<ul>\n<li><strong>Familia:<\/strong> Fabaceae<\/li>\n<li><strong>Or\u00edgen:<\/strong> Mesoam\u00e9rica y Sudam\u00e9rica<\/li>\n<li><strong>Descripci\u00f3n:<\/strong> Fabacea anual de gu\u00eda extensiva, cultivado usualmente como parte de la milpa en zonas calientes. Caracter\u00edsticas semillas pintas y brillantes.<\/li>\n<li><strong>Area potencial de siembra por 12 g:<\/strong> 2m\u00b2<\/li>\n<li><strong>Semillas por 12 g:<\/strong> 35 aprox.<\/li>\n<li><strong>Usos:<\/strong> Sus semillas se guisan como frijoles.<\/li>\n<li><strong>Clima:<\/strong> C\u00e1lido h\u00famedo y templado.<\/li>\n<li><strong>Zonas:<\/strong> 2, 3, 4<\/li>\n<li><strong>Siembra:<\/strong> Directo en el suelo a 30cm entre plantas. Se puede sembrar en la milpa, de 1 a 2 semillas por mata de ma\u00edz, o bien en \u00e1rboles del huerto a los que se pueda trepar. Se resiembra sola en a\u00f1os posteriores. Requiere tutores.<\/li>\n<li><strong>Cosecha:<\/strong> Cuando la vaina est\u00e1 seca.<\/li>\n<\/ul>\n","protected":false},"excerpt":{"rendered":"<p>Leguminosa anual de gu\u00eda, de vainas y semillas comestibles<\/p>\n","protected":false},"featured_media":8197,"comment_status":"open","ping_status":"closed","template":"","meta":{"inline_featured_image":false,"_monsterinsights_skip_tracking":false,"_monsterinsights_sitenote_active":false,"_monsterinsights_sitenote_note":"","_monsterinsights_sitenote_category":0},"product_brand":[],"product_cat":[188],"product_tag":[],"class_list":{"0":"post-8016","1":"product","2":"type-product","3":"status-publish","4":"has-post-thumbnail","6":"product_cat-frijoles-de-guia","8":"first","9":"instock","10":"shipping-taxable","11":"purchasable","12":"product-type-variable","13":"has-default-attributes"},"_links":{"self":[{"href":"https:\/\/qrosoft.mx\/tiendabosquedeniebla\/wp-json\/wp\/v2\/product\/8016","targetHints":{"allow":["GET"]}}],"collection":[{"href":"https:\/\/qrosoft.mx\/tiendabosquedeniebla\/wp-json\/wp\/v2\/product"}],"about":[{"href":"https:\/\/qrosoft.mx\/tiendabosquedeniebla\/wp-json\/wp\/v2\/types\/product"}],"replies":[{"embeddable":true,"href":"https:\/\/qrosoft.mx\/tiendabosquedeniebla\/wp-json\/wp\/v2\/comments?post=8016"}],"wp:featuredmedia":[{"embeddable":true,"href":"https:\/\/qrosoft.mx\/tiendabosquedeniebla\/wp-json\/wp\/v2\/media\/8197"}],"wp:attachment":[{"href":"https:\/\/qrosoft.mx\/tiendabosquedeniebla\/wp-json\/wp\/v2\/media?parent=8016"}],"wp:term":[{"taxonomy":"product_brand","embeddable":true,"href":"https:\/\/qrosoft.mx\/tiendabosquedeniebla\/wp-json\/wp\/v2\/product_brand?post=8016"},{"taxonomy":"product_cat","embeddable":true,"href":"https:\/\/qrosoft.mx\/tiendabosquedeniebla\/wp-json\/wp\/v2\/product_cat?post=8016"},{"taxonomy":"product_tag","embeddable":true,"href":"https:\/\/qrosoft.mx\/tiendabosquedeniebla\/wp-json\/wp\/v2\/product_tag?post=8016"}],"curies":[{"name":"wp","href":"https:\/\/api.w.org\/{rel}","templated":true}]}}