{"id":8012,"date":"2024-07-17T20:55:17","date_gmt":"2024-07-18T02:55:17","guid":{"rendered":"https:\/\/qrosoft.mx\/tiendabosquedeniebla\/product\/frijol-de-guia-lima-tostado\/"},"modified":"2025-12-02T18:51:50","modified_gmt":"2025-12-03T00:51:50","slug":"frijol-de-guia-lima-tostado","status":"publish","type":"product","link":"https:\/\/qrosoft.mx\/tiendabosquedeniebla\/product\/frijol-de-guia-lima-tostado\/","title":{"rendered":"Frijol de gu\u00eda lima tostado"},"content":{"rendered":"<h4><strong>Frijol de gu\u00eda lima tostado &#8211; <em>Phaseolus lunatus<\/em><\/strong><\/h4>\n<ul>\n<li><strong>Familia:<\/strong> Fabaceae<\/li>\n<li><strong>Or\u00edgen:<\/strong> Per\u00fa<\/li>\n<li><strong>Descripci\u00f3n:<\/strong> Frijol trepador perenne que se extiende varios metros. Semillas de color beige.<\/li>\n<li><strong>Area potencial de siembra por 12 g:<\/strong> 22m\u00b2<\/li>\n<li><strong>Semillas por 12 g:<\/strong> 24 aprox.<\/li>\n<li><strong>Usos:<\/strong> Semillas comestibles que se cuecen m\u00e1s r\u00e1pido que otros frijoles<\/li>\n<li><strong>Clima:<\/strong> Tropical a templado. Resistente a la sequ\u00eda y a la humedad. Prefiere plena exposici\u00f3n al sol.<\/li>\n<li><strong>Zonas:<\/strong> 2, 3, 4<\/li>\n<li><strong>Siembra:<\/strong> Directo en el suelo a 50cm de distancia, requiere tutores.<\/li>\n<li><strong>Cosecha:<\/strong> Cuando las vainas se han marchitado. En nuestro clima, se tarda hasta 10 meses en producir semilla. En lugares m\u00e1s c\u00e1lidos su desarrollo es m\u00e1s r\u00e1pido.<\/li>\n<\/ul>\n","protected":false},"excerpt":{"rendered":"<p>Leguminosa anual de gu\u00eda, de vainas y semillas comestibles<\/p>\n","protected":false},"featured_media":8193,"comment_status":"open","ping_status":"closed","template":"","meta":{"inline_featured_image":false,"_monsterinsights_skip_tracking":false,"_monsterinsights_sitenote_active":false,"_monsterinsights_sitenote_note":"","_monsterinsights_sitenote_category":0},"product_brand":[],"product_cat":[188],"product_tag":[],"class_list":{"0":"post-8012","1":"product","2":"type-product","3":"status-publish","4":"has-post-thumbnail","6":"product_cat-frijoles-de-guia","8":"first","9":"instock","10":"shipping-taxable","11":"purchasable","12":"product-type-variable","13":"has-default-attributes"},"_links":{"self":[{"href":"https:\/\/qrosoft.mx\/tiendabosquedeniebla\/wp-json\/wp\/v2\/product\/8012","targetHints":{"allow":["GET"]}}],"collection":[{"href":"https:\/\/qrosoft.mx\/tiendabosquedeniebla\/wp-json\/wp\/v2\/product"}],"about":[{"href":"https:\/\/qrosoft.mx\/tiendabosquedeniebla\/wp-json\/wp\/v2\/types\/product"}],"replies":[{"embeddable":true,"href":"https:\/\/qrosoft.mx\/tiendabosquedeniebla\/wp-json\/wp\/v2\/comments?post=8012"}],"wp:featuredmedia":[{"embeddable":true,"href":"https:\/\/qrosoft.mx\/tiendabosquedeniebla\/wp-json\/wp\/v2\/media\/8193"}],"wp:attachment":[{"href":"https:\/\/qrosoft.mx\/tiendabosquedeniebla\/wp-json\/wp\/v2\/media?parent=8012"}],"wp:term":[{"taxonomy":"product_brand","embeddable":true,"href":"https:\/\/qrosoft.mx\/tiendabosquedeniebla\/wp-json\/wp\/v2\/product_brand?post=8012"},{"taxonomy":"product_cat","embeddable":true,"href":"https:\/\/qrosoft.mx\/tiendabosquedeniebla\/wp-json\/wp\/v2\/product_cat?post=8012"},{"taxonomy":"product_tag","embeddable":true,"href":"https:\/\/qrosoft.mx\/tiendabosquedeniebla\/wp-json\/wp\/v2\/product_tag?post=8012"}],"curies":[{"name":"wp","href":"https:\/\/api.w.org\/{rel}","templated":true}]}}