{"id":8008,"date":"2024-07-17T20:55:12","date_gmt":"2024-07-18T02:55:12","guid":{"rendered":"https:\/\/qrosoft.mx\/tiendabosquedeniebla\/product\/frijol-de-guia-ayocote\/"},"modified":"2025-12-28T22:46:00","modified_gmt":"2025-12-29T04:46:00","slug":"frijol-de-guia-ayocote","status":"publish","type":"product","link":"https:\/\/qrosoft.mx\/tiendabosquedeniebla\/product\/frijol-de-guia-ayocote\/","title":{"rendered":"Frijol de gu\u00eda ayocote"},"content":{"rendered":"<h4><strong>Frijol de gu\u00eda ayocote &#8211; <em>Phaseolus coccineus<\/em><\/strong><\/h4>\n<ul>\n<li><strong>Familia:<\/strong> Fabaceae<\/li>\n<li><strong>Or\u00edgen:<\/strong> M\u00e9xico<\/li>\n<li><strong>Descripci\u00f3n:<\/strong> Frijol anual de gu\u00eda con floraci\u00f3n roja, abundante producci\u00f3n de semilla. Tradicionalmente se siembra en la milpa, a raz\u00f3n de 1 semilla de frijol por 3 de ma\u00edz para evitar que tumbe la milpa.<\/li>\n<li><strong>Area potencial de siembra por 32 g :<\/strong> 2.4m\u00b2<\/li>\n<li><strong>Semillas por 32 g :<\/strong> 15 aprox.<\/li>\n<li><strong>Usos:<\/strong> Semillas cocidas comestibles de delicioso sabor.<\/li>\n<li><strong>Clima:<\/strong> C\u00e1lido a templado.<\/li>\n<li><strong>Zonas:<\/strong> 3, 4<\/li>\n<li><strong>Siembra:<\/strong> Directo en el suelo, ya sea en la milpa o con tutor de al menos 2m de alto, a 60cm de distancia o a como se siembre el ma\u00edz.<\/li>\n<li><strong>Cosecha:<\/strong> A los 7 meses aprox, cuando la vaina comienza a secarse.<\/li>\n<\/ul>\n","protected":false},"excerpt":{"rendered":"<p>Leguminosa anual de gu\u00eda, de vainas y semillas comestibles<\/p>\n","protected":false},"featured_media":8189,"comment_status":"open","ping_status":"closed","template":"","meta":{"inline_featured_image":false,"_monsterinsights_skip_tracking":false,"_monsterinsights_sitenote_active":false,"_monsterinsights_sitenote_note":"","_monsterinsights_sitenote_category":0},"product_brand":[],"product_cat":[188],"product_tag":[],"class_list":{"0":"post-8008","1":"product","2":"type-product","3":"status-publish","4":"has-post-thumbnail","6":"product_cat-frijoles-de-guia","8":"first","9":"instock","10":"shipping-taxable","11":"purchasable","12":"product-type-variable","13":"has-default-attributes"},"_links":{"self":[{"href":"https:\/\/qrosoft.mx\/tiendabosquedeniebla\/wp-json\/wp\/v2\/product\/8008","targetHints":{"allow":["GET"]}}],"collection":[{"href":"https:\/\/qrosoft.mx\/tiendabosquedeniebla\/wp-json\/wp\/v2\/product"}],"about":[{"href":"https:\/\/qrosoft.mx\/tiendabosquedeniebla\/wp-json\/wp\/v2\/types\/product"}],"replies":[{"embeddable":true,"href":"https:\/\/qrosoft.mx\/tiendabosquedeniebla\/wp-json\/wp\/v2\/comments?post=8008"}],"wp:featuredmedia":[{"embeddable":true,"href":"https:\/\/qrosoft.mx\/tiendabosquedeniebla\/wp-json\/wp\/v2\/media\/8189"}],"wp:attachment":[{"href":"https:\/\/qrosoft.mx\/tiendabosquedeniebla\/wp-json\/wp\/v2\/media?parent=8008"}],"wp:term":[{"taxonomy":"product_brand","embeddable":true,"href":"https:\/\/qrosoft.mx\/tiendabosquedeniebla\/wp-json\/wp\/v2\/product_brand?post=8008"},{"taxonomy":"product_cat","embeddable":true,"href":"https:\/\/qrosoft.mx\/tiendabosquedeniebla\/wp-json\/wp\/v2\/product_cat?post=8008"},{"taxonomy":"product_tag","embeddable":true,"href":"https:\/\/qrosoft.mx\/tiendabosquedeniebla\/wp-json\/wp\/v2\/product_tag?post=8008"}],"curies":[{"name":"wp","href":"https:\/\/api.w.org\/{rel}","templated":true}]}}