{"id":8005,"date":"2024-07-17T20:55:08","date_gmt":"2024-07-18T02:55:08","guid":{"rendered":"https:\/\/qrosoft.mx\/tiendabosquedeniebla\/product\/flor-cosmos\/"},"modified":"2026-01-15T21:09:57","modified_gmt":"2026-01-16T03:09:57","slug":"flor-cosmos","status":"publish","type":"product","link":"https:\/\/qrosoft.mx\/tiendabosquedeniebla\/product\/flor-cosmos\/","title":{"rendered":"Flor cosmos"},"content":{"rendered":"<h4><strong>Flor cosmos &#8211; <em>Cosmos bipinnatus<\/em><\/strong><\/h4>\n<ul>\n<li><strong>Familia:<\/strong> Asteraceae<\/li>\n<li><strong>Descripci\u00f3n:<\/strong> Bella flor anual de hasta 1.5m de alto que florea desde la primavera y hasta el oto\u00f1o. Floraci\u00f3n abundante, color morado.<\/li>\n<li><strong>Area potencial de siembra por 0.2 g:<\/strong> 26m\u00b2<\/li>\n<li><strong>Semillas por 0.2 g:<\/strong> 45 aprox.<\/li>\n<li><strong>Usos:<\/strong> Ornamental. Gran atrayente de polinizadores.<\/li>\n<li><strong>Clima:<\/strong> C\u00e1lido y plena exposici\u00f3n al sol. Resiste sequ\u00edas leves y bajas temperaturas. Se suele encontrar silvestre en bosques de pino encino.<\/li>\n<li><strong>Zonas:<\/strong> 3, 4<\/li>\n<li><strong>Siembra:<\/strong> En alm\u00e1cigo a inicios de primavera y trasplantar a 60cm entre matas. Los ejemplares altos pueden requerir tutor, tienden a formar matojos abundantes. Es f\u00e1cil de propagar pues se resiembra sola por medio de sus semillas.<\/li>\n<\/ul>\n","protected":false},"excerpt":{"rendered":"<p>Flor anual color morado<\/p>\n","protected":false},"featured_media":0,"comment_status":"open","ping_status":"closed","template":"","meta":{"inline_featured_image":false,"_monsterinsights_skip_tracking":false,"_monsterinsights_sitenote_active":false,"_monsterinsights_sitenote_note":"","_monsterinsights_sitenote_category":0},"product_brand":[],"product_cat":[799],"product_tag":[],"class_list":{"0":"post-8005","1":"product","2":"type-product","3":"status-publish","5":"product_cat-ornamentales","7":"first","8":"instock","9":"shipping-taxable","10":"purchasable","11":"product-type-variable","12":"has-default-attributes"},"_links":{"self":[{"href":"https:\/\/qrosoft.mx\/tiendabosquedeniebla\/wp-json\/wp\/v2\/product\/8005","targetHints":{"allow":["GET"]}}],"collection":[{"href":"https:\/\/qrosoft.mx\/tiendabosquedeniebla\/wp-json\/wp\/v2\/product"}],"about":[{"href":"https:\/\/qrosoft.mx\/tiendabosquedeniebla\/wp-json\/wp\/v2\/types\/product"}],"replies":[{"embeddable":true,"href":"https:\/\/qrosoft.mx\/tiendabosquedeniebla\/wp-json\/wp\/v2\/comments?post=8005"}],"wp:attachment":[{"href":"https:\/\/qrosoft.mx\/tiendabosquedeniebla\/wp-json\/wp\/v2\/media?parent=8005"}],"wp:term":[{"taxonomy":"product_brand","embeddable":true,"href":"https:\/\/qrosoft.mx\/tiendabosquedeniebla\/wp-json\/wp\/v2\/product_brand?post=8005"},{"taxonomy":"product_cat","embeddable":true,"href":"https:\/\/qrosoft.mx\/tiendabosquedeniebla\/wp-json\/wp\/v2\/product_cat?post=8005"},{"taxonomy":"product_tag","embeddable":true,"href":"https:\/\/qrosoft.mx\/tiendabosquedeniebla\/wp-json\/wp\/v2\/product_tag?post=8005"}],"curies":[{"name":"wp","href":"https:\/\/api.w.org\/{rel}","templated":true}]}}