{"id":8003,"date":"2024-07-17T20:55:05","date_gmt":"2024-07-18T02:55:05","guid":{"rendered":"https:\/\/qrosoft.mx\/tiendabosquedeniebla\/product\/esparrago-colosal\/"},"modified":"2025-12-15T09:16:28","modified_gmt":"2025-12-15T15:16:28","slug":"esparrago-colosal","status":"publish","type":"product","link":"https:\/\/qrosoft.mx\/tiendabosquedeniebla\/product\/esparrago-colosal\/","title":{"rendered":"Esp\u00e1rrago colosal"},"content":{"rendered":"<h4><strong>Esp\u00e1rrago colosal &#8211; <em>Asparagus officinalis<\/em><\/strong><\/h4>\n<ul>\n<li><strong>Familia:<\/strong> Asparagaceae<\/li>\n<li><strong>Descripci\u00f3n:<\/strong> Cultivo perenne que bien cuidado puede vivir m\u00e1s de 15 a\u00f1os. Crecen durante cierta temporada, generan semilla y se marchitan, para generar nuevos brotes cada ciclo. Los tallos van engrosando a\u00f1o con a\u00f1o.<\/li>\n<li><strong>Area potencial de siembra por 0.2 g:<\/strong> 1m\u00b2<\/li>\n<li><strong>Semillas por 0.2 g:<\/strong> 22 aprox.<\/li>\n<li><strong>Usos:<\/strong> Brotes tiernos comestibles.<\/li>\n<li><strong>Clima:<\/strong> Templado. Prefiere suelos bien drenados y plena exposici\u00f3n al sol. Presenta dormancia en invierno.<\/li>\n<li><strong>Zonas:<\/strong> 3, 4, 5<\/li>\n<li><strong>Siembra:<\/strong> En tiempos c\u00e1lidos, en alm\u00e1cigo y trasplantar a 20cm entre plantas en suelo bien abonado. Se puede propagar por rizoma, se podan las partes a\u00e9reas secas, se separan las cabezas con sus ra\u00edces y brotes y se siembran procurando que \u00e9stos apenas se asomen. En semilla tarda en germinar de 2 a 3 semanas.<\/li>\n<li><strong>Cosecha:<\/strong> Cuando alcanza 15-30cm de alto, y el grosor de un l\u00e1piz. Doblar los esp\u00e1rragos hasta quebrarlos de la base, o bien cortar a ras del suelo. El lapso de cosecha se alarga cada a\u00f1o, el 1ro 10 d\u00edas, el 2do hasta 20 d\u00edas, el 3er a\u00f1o hasta 2 meses.<\/li>\n<\/ul>\n","protected":false},"excerpt":{"rendered":"<p>Hortaliza perenne de brotes comestibles<\/p>\n","protected":false},"featured_media":0,"comment_status":"open","ping_status":"closed","template":"","meta":{"inline_featured_image":false,"_monsterinsights_skip_tracking":false,"_monsterinsights_sitenote_active":false,"_monsterinsights_sitenote_note":"","_monsterinsights_sitenote_category":0},"product_brand":[],"product_cat":[803],"product_tag":[],"class_list":{"0":"post-8003","1":"product","2":"type-product","3":"status-publish","5":"product_cat-hortalizas-varias","7":"first","8":"instock","9":"shipping-taxable","10":"purchasable","11":"product-type-variable","12":"has-default-attributes"},"_links":{"self":[{"href":"https:\/\/qrosoft.mx\/tiendabosquedeniebla\/wp-json\/wp\/v2\/product\/8003","targetHints":{"allow":["GET"]}}],"collection":[{"href":"https:\/\/qrosoft.mx\/tiendabosquedeniebla\/wp-json\/wp\/v2\/product"}],"about":[{"href":"https:\/\/qrosoft.mx\/tiendabosquedeniebla\/wp-json\/wp\/v2\/types\/product"}],"replies":[{"embeddable":true,"href":"https:\/\/qrosoft.mx\/tiendabosquedeniebla\/wp-json\/wp\/v2\/comments?post=8003"}],"wp:attachment":[{"href":"https:\/\/qrosoft.mx\/tiendabosquedeniebla\/wp-json\/wp\/v2\/media?parent=8003"}],"wp:term":[{"taxonomy":"product_brand","embeddable":true,"href":"https:\/\/qrosoft.mx\/tiendabosquedeniebla\/wp-json\/wp\/v2\/product_brand?post=8003"},{"taxonomy":"product_cat","embeddable":true,"href":"https:\/\/qrosoft.mx\/tiendabosquedeniebla\/wp-json\/wp\/v2\/product_cat?post=8003"},{"taxonomy":"product_tag","embeddable":true,"href":"https:\/\/qrosoft.mx\/tiendabosquedeniebla\/wp-json\/wp\/v2\/product_tag?post=8003"}],"curies":[{"name":"wp","href":"https:\/\/api.w.org\/{rel}","templated":true}]}}