{"id":8000,"date":"2024-07-17T20:55:00","date_gmt":"2024-07-18T02:55:00","guid":{"rendered":"https:\/\/qrosoft.mx\/tiendabosquedeniebla\/product\/dalia-multicolor\/"},"modified":"2026-01-16T22:39:01","modified_gmt":"2026-01-17T04:39:01","slug":"dalia-multicolor","status":"publish","type":"product","link":"https:\/\/qrosoft.mx\/tiendabosquedeniebla\/product\/dalia-multicolor\/","title":{"rendered":"Dalia multicolor"},"content":{"rendered":"<h4><strong>Dalia multicolor &#8211; <em>Dahlia pinnata<\/em><\/strong><\/h4>\n<ul>\n<li><strong>Familia:<\/strong> Asteraceae<\/li>\n<li><strong>Or\u00edgen:<\/strong> M\u00e9xico<\/li>\n<li><strong>Descripci\u00f3n:<\/strong> Planta herb\u00e1cea perenne de hasta 90cm de alto, de vistosas y hermosas flores multicolor (moradas, blancas, rosas, amarillas, naranjas).<\/li>\n<li><strong>Area potencial de siembra por 0.6 g:<\/strong> 6m\u00b2<\/li>\n<li><strong>Semillas por 0.6 g:<\/strong> 50 aprox.<\/li>\n<li><strong>Usos:<\/strong> Sus p\u00e9talos y tub\u00e9rculos son comestibles y se utilizan en tratamientos para la diabetes. Su uso principal es ornamental. La dalia es considerada la flor nacional, pues es end\u00e9mica de M\u00e9xico.<\/li>\n<li><strong>Clima:<\/strong> Templado. Se le encuentra naturalmente en \u00e1reas abiertas de bosques de pino y Encino, as\u00ed como en matorrales y pastizales. Tolera exposici\u00f3n total o parcial al sol.<\/li>\n<li><strong>Zonas:<\/strong> 3, 4, 5<\/li>\n<li><strong>Siembra:<\/strong> Procurar suelo de buen drenaje y abonar. Se siembra la semilla en alm\u00e1cigo y se trasplanta a 40cm de distancia. O bien se siembra el bulbo a unos 6cm de profundidad, procurando que la zona del brote apunte hacia arriba.<\/li>\n<\/ul>\n","protected":false},"excerpt":{"rendered":"<p>Planta anual de flores y bulbos comestibles<\/p>\n","protected":false},"featured_media":8236,"comment_status":"open","ping_status":"closed","template":"","meta":{"inline_featured_image":false,"_monsterinsights_skip_tracking":false,"_monsterinsights_sitenote_active":false,"_monsterinsights_sitenote_note":"","_monsterinsights_sitenote_category":0},"product_brand":[],"product_cat":[801],"product_tag":[],"class_list":{"0":"post-8000","1":"product","2":"type-product","3":"status-publish","4":"has-post-thumbnail","6":"product_cat-comestibles","8":"first","9":"instock","10":"shipping-taxable","11":"purchasable","12":"product-type-variable","13":"has-default-attributes"},"_links":{"self":[{"href":"https:\/\/qrosoft.mx\/tiendabosquedeniebla\/wp-json\/wp\/v2\/product\/8000","targetHints":{"allow":["GET"]}}],"collection":[{"href":"https:\/\/qrosoft.mx\/tiendabosquedeniebla\/wp-json\/wp\/v2\/product"}],"about":[{"href":"https:\/\/qrosoft.mx\/tiendabosquedeniebla\/wp-json\/wp\/v2\/types\/product"}],"replies":[{"embeddable":true,"href":"https:\/\/qrosoft.mx\/tiendabosquedeniebla\/wp-json\/wp\/v2\/comments?post=8000"}],"wp:featuredmedia":[{"embeddable":true,"href":"https:\/\/qrosoft.mx\/tiendabosquedeniebla\/wp-json\/wp\/v2\/media\/8236"}],"wp:attachment":[{"href":"https:\/\/qrosoft.mx\/tiendabosquedeniebla\/wp-json\/wp\/v2\/media?parent=8000"}],"wp:term":[{"taxonomy":"product_brand","embeddable":true,"href":"https:\/\/qrosoft.mx\/tiendabosquedeniebla\/wp-json\/wp\/v2\/product_brand?post=8000"},{"taxonomy":"product_cat","embeddable":true,"href":"https:\/\/qrosoft.mx\/tiendabosquedeniebla\/wp-json\/wp\/v2\/product_cat?post=8000"},{"taxonomy":"product_tag","embeddable":true,"href":"https:\/\/qrosoft.mx\/tiendabosquedeniebla\/wp-json\/wp\/v2\/product_tag?post=8000"}],"curies":[{"name":"wp","href":"https:\/\/api.w.org\/{rel}","templated":true}]}}