{"id":7972,"date":"2024-07-17T20:32:34","date_gmt":"2024-07-18T02:32:34","guid":{"rendered":"https:\/\/qrosoft.mx\/tiendabosquedeniebla\/product\/cascalote-o-tehuixtle\/"},"modified":"2025-10-20T15:32:13","modified_gmt":"2025-10-20T21:32:13","slug":"cascalote-o-tehuixtle","status":"publish","type":"product","link":"https:\/\/qrosoft.mx\/tiendabosquedeniebla\/product\/cascalote-o-tehuixtle\/","title":{"rendered":"Cascalote o tehuixtle"},"content":{"rendered":"<h4><strong>Cascalote o tehuixtle &#8211; <em>Caesalpinia cacalaco<\/em><\/strong><\/h4>\n<ul>\n<li><strong>Familia:<\/strong> Fabaceae<\/li>\n<li><strong>Or\u00edgen:<\/strong> Am\u00e9rica<\/li>\n<li><strong>Descripci\u00f3n:<\/strong> \u00c1rbol de hasta 10m de alto con copa extendida y bellas flores amarillas.<\/li>\n<li><strong>Area potencial de siembra por 12 g:<\/strong> 90m\u00b2<\/li>\n<li><strong>Semillas por 12 g:<\/strong> 30 aprox.<\/li>\n<li><strong>Clima:<\/strong> C\u00e1lido seco. Tolera sequ\u00edas hasta 8 meses. Se establece bien en lomer\u00edos pedregosos.<\/li>\n<li><strong>Zonas:<\/strong> 1, 2<\/li>\n<li><strong>Siembra:<\/strong> En bolsa y pasar a campo cuando la planta alcanza 40cm, a 3m entre plantas. Procurar riego inicial los primeros meses.<\/li>\n<\/ul>\n","protected":false},"excerpt":{"rendered":"<p>\u00e1rbol fijaro de nitr\u00f3geno y mejorador de suelos, ideal para restauraci\u00f3n de selva baja caducifolia<\/p>\n","protected":false},"featured_media":0,"comment_status":"open","ping_status":"closed","template":"","meta":{"inline_featured_image":false,"_monsterinsights_skip_tracking":false,"_monsterinsights_sitenote_active":false,"_monsterinsights_sitenote_note":"","_monsterinsights_sitenote_category":0},"product_brand":[],"product_cat":[81],"product_tag":[],"class_list":{"0":"post-7972","1":"product","2":"type-product","3":"status-publish","5":"product_cat-arboles-y-arbustos","7":"first","8":"instock","9":"shipping-taxable","10":"purchasable","11":"product-type-variable","12":"has-default-attributes"},"_links":{"self":[{"href":"https:\/\/qrosoft.mx\/tiendabosquedeniebla\/wp-json\/wp\/v2\/product\/7972","targetHints":{"allow":["GET"]}}],"collection":[{"href":"https:\/\/qrosoft.mx\/tiendabosquedeniebla\/wp-json\/wp\/v2\/product"}],"about":[{"href":"https:\/\/qrosoft.mx\/tiendabosquedeniebla\/wp-json\/wp\/v2\/types\/product"}],"replies":[{"embeddable":true,"href":"https:\/\/qrosoft.mx\/tiendabosquedeniebla\/wp-json\/wp\/v2\/comments?post=7972"}],"wp:attachment":[{"href":"https:\/\/qrosoft.mx\/tiendabosquedeniebla\/wp-json\/wp\/v2\/media?parent=7972"}],"wp:term":[{"taxonomy":"product_brand","embeddable":true,"href":"https:\/\/qrosoft.mx\/tiendabosquedeniebla\/wp-json\/wp\/v2\/product_brand?post=7972"},{"taxonomy":"product_cat","embeddable":true,"href":"https:\/\/qrosoft.mx\/tiendabosquedeniebla\/wp-json\/wp\/v2\/product_cat?post=7972"},{"taxonomy":"product_tag","embeddable":true,"href":"https:\/\/qrosoft.mx\/tiendabosquedeniebla\/wp-json\/wp\/v2\/product_tag?post=7972"}],"curies":[{"name":"wp","href":"https:\/\/api.w.org\/{rel}","templated":true}]}}