{"id":7962,"date":"2024-07-17T20:32:15","date_gmt":"2024-07-18T02:32:15","guid":{"rendered":"https:\/\/qrosoft.mx\/tiendabosquedeniebla\/product\/cacahuate\/"},"modified":"2025-12-10T09:28:11","modified_gmt":"2025-12-10T15:28:11","slug":"cacahuate","status":"publish","type":"product","link":"https:\/\/qrosoft.mx\/tiendabosquedeniebla\/product\/cacahuate\/","title":{"rendered":"Cacahuate"},"content":{"rendered":"<h4><strong>Cacahuate &#8211; <em>Arachis hypogaea<\/em><\/strong><\/h4>\n<ul>\n<li><strong>Familia:<\/strong> Fabaceae<\/li>\n<li><strong>Or\u00edgen:<\/strong> Sudam\u00e9rica<\/li>\n<li><strong>Descripci\u00f3n:<\/strong> Leguminosa perenne cultivada como anual, que crece hasta 45cm de alto. Bonitas hojas pinadas, flores amarillas. Al ser polinizadas, los tallos florales se elongan y entierran, lo que genera vainas subterr\u00e1neas que resguardan a los cacahuates.<\/li>\n<li><strong>Area potencial de siembra por 30 g:<\/strong> 9m\u00b2<\/li>\n<li><strong>Semillas por 30 g:<\/strong> 50 aprox.<\/li>\n<li><strong>Usos:<\/strong> Semilla extra\u00edda de la vaina comestible, seca y tostada, como botana o en postres. Excelente fuente de l\u00edpidos y prote\u00ednas.<\/li>\n<li><strong>Clima:<\/strong> C\u00e1lido. No tolera heladas ni suelos anegado.<\/li>\n<li><strong>Zonas:<\/strong> 1, 2, 3, 4<\/li>\n<li><strong>Siembra:<\/strong> En primavera, siembra directa a 40cm entre plantas. Prefiere suelos bien abonados de buen drenaje.<\/li>\n<li><strong>Cosecha:<\/strong> A partir del quinto mes, desenterrar la planta aflojando la tierra circundante. Se dejan las plantas al sol boca abajo para secar las vainas.<\/li>\n<\/ul>\n","protected":false},"excerpt":{"rendered":"<p>Planta de vainas subterr\u00e1neas con semillas comestibles<\/p>\n","protected":false},"featured_media":0,"comment_status":"open","ping_status":"closed","template":"","meta":{"inline_featured_image":false,"_monsterinsights_skip_tracking":false,"_monsterinsights_sitenote_active":false,"_monsterinsights_sitenote_note":"","_monsterinsights_sitenote_category":0},"product_brand":[],"product_cat":[806],"product_tag":[],"class_list":{"0":"post-7962","1":"product","2":"type-product","3":"status-publish","5":"product_cat-oleaginosas","7":"first","8":"instock","9":"shipping-taxable","10":"purchasable","11":"product-type-variable","12":"has-default-attributes"},"_links":{"self":[{"href":"https:\/\/qrosoft.mx\/tiendabosquedeniebla\/wp-json\/wp\/v2\/product\/7962","targetHints":{"allow":["GET"]}}],"collection":[{"href":"https:\/\/qrosoft.mx\/tiendabosquedeniebla\/wp-json\/wp\/v2\/product"}],"about":[{"href":"https:\/\/qrosoft.mx\/tiendabosquedeniebla\/wp-json\/wp\/v2\/types\/product"}],"replies":[{"embeddable":true,"href":"https:\/\/qrosoft.mx\/tiendabosquedeniebla\/wp-json\/wp\/v2\/comments?post=7962"}],"wp:attachment":[{"href":"https:\/\/qrosoft.mx\/tiendabosquedeniebla\/wp-json\/wp\/v2\/media?parent=7962"}],"wp:term":[{"taxonomy":"product_brand","embeddable":true,"href":"https:\/\/qrosoft.mx\/tiendabosquedeniebla\/wp-json\/wp\/v2\/product_brand?post=7962"},{"taxonomy":"product_cat","embeddable":true,"href":"https:\/\/qrosoft.mx\/tiendabosquedeniebla\/wp-json\/wp\/v2\/product_cat?post=7962"},{"taxonomy":"product_tag","embeddable":true,"href":"https:\/\/qrosoft.mx\/tiendabosquedeniebla\/wp-json\/wp\/v2\/product_tag?post=7962"}],"curies":[{"name":"wp","href":"https:\/\/api.w.org\/{rel}","templated":true}]}}