{"id":7959,"date":"2024-07-17T20:32:11","date_gmt":"2024-07-18T02:32:11","guid":{"rendered":"https:\/\/qrosoft.mx\/tiendabosquedeniebla\/product\/betabel\/"},"modified":"2025-12-16T18:29:17","modified_gmt":"2025-12-17T00:29:17","slug":"betabel","status":"publish","type":"product","link":"https:\/\/qrosoft.mx\/tiendabosquedeniebla\/product\/betabel\/","title":{"rendered":"Betabel"},"content":{"rendered":"<h4><strong>Betabel &#8211; <em>Beta vulgaris<\/em><\/strong><\/h4>\n<ul>\n<li><strong>Familia:<\/strong> Amaranthaceae<\/li>\n<li><strong>Or\u00edgen:<\/strong> Norte de \u00c1frica y Mediterr\u00e1neo<\/li>\n<li><strong>Descripci\u00f3n:<\/strong> Hortaliza de ra\u00edz que alcanza 50cm de alto. Produce ra\u00edces engrosadas de hasta 7cm de di\u00e1metro y hasta 500g de peso.<\/li>\n<li><strong>Area potencial de siembra por 0.8 g:<\/strong> 1m\u00b2<\/li>\n<li><strong>Semillas por 0.8 g:<\/strong> 50 aprox.<\/li>\n<li><strong>Usos:<\/strong> Hojas y ra\u00edces comestibles, ya sean crudas o cocidas. Tambi\u00e9n ocupado como tinte natural. Hist\u00f3ricamente se le usaba para tratar la anemia, presi\u00f3n alta y fiebres.<\/li>\n<li><strong>Clima:<\/strong> Templado. Soporta heladas leves. Se obtienen betabeles en clima c\u00e1lido pero poco desarrollados y con menos sabor.<\/li>\n<li><strong>Zonas:<\/strong> 3, 4, 5<\/li>\n<li><strong>Siembra:<\/strong> Directo en el suelo a 15cm entre plantas. Prefiere suelos h\u00famedos y profundos.<\/li>\n<li><strong>Cosecha:<\/strong> A los 6 meses. Es biannual, se requieren dos estaciones para obtener semilla y una temporada de fr\u00edo para inducir la floraci\u00f3n.<\/li>\n<\/ul>\n","protected":false},"excerpt":{"rendered":"<p>Planta anual de bulbo y hojas comestibles<\/p>\n","protected":false},"featured_media":8177,"comment_status":"open","ping_status":"closed","template":"","meta":{"inline_featured_image":false,"_monsterinsights_skip_tracking":false,"_monsterinsights_sitenote_active":false,"_monsterinsights_sitenote_note":"","_monsterinsights_sitenote_category":0},"product_brand":[],"product_cat":[808],"product_tag":[],"class_list":{"0":"post-7959","1":"product","2":"type-product","3":"status-publish","4":"has-post-thumbnail","6":"product_cat-raices-comestibles","8":"first","9":"instock","10":"shipping-taxable","11":"purchasable","12":"product-type-variable","13":"has-default-attributes"},"_links":{"self":[{"href":"https:\/\/qrosoft.mx\/tiendabosquedeniebla\/wp-json\/wp\/v2\/product\/7959","targetHints":{"allow":["GET"]}}],"collection":[{"href":"https:\/\/qrosoft.mx\/tiendabosquedeniebla\/wp-json\/wp\/v2\/product"}],"about":[{"href":"https:\/\/qrosoft.mx\/tiendabosquedeniebla\/wp-json\/wp\/v2\/types\/product"}],"replies":[{"embeddable":true,"href":"https:\/\/qrosoft.mx\/tiendabosquedeniebla\/wp-json\/wp\/v2\/comments?post=7959"}],"wp:featuredmedia":[{"embeddable":true,"href":"https:\/\/qrosoft.mx\/tiendabosquedeniebla\/wp-json\/wp\/v2\/media\/8177"}],"wp:attachment":[{"href":"https:\/\/qrosoft.mx\/tiendabosquedeniebla\/wp-json\/wp\/v2\/media?parent=7959"}],"wp:term":[{"taxonomy":"product_brand","embeddable":true,"href":"https:\/\/qrosoft.mx\/tiendabosquedeniebla\/wp-json\/wp\/v2\/product_brand?post=7959"},{"taxonomy":"product_cat","embeddable":true,"href":"https:\/\/qrosoft.mx\/tiendabosquedeniebla\/wp-json\/wp\/v2\/product_cat?post=7959"},{"taxonomy":"product_tag","embeddable":true,"href":"https:\/\/qrosoft.mx\/tiendabosquedeniebla\/wp-json\/wp\/v2\/product_tag?post=7959"}],"curies":[{"name":"wp","href":"https:\/\/api.w.org\/{rel}","templated":true}]}}