{"id":7668,"date":"2023-10-31T13:34:37","date_gmt":"2023-10-31T19:34:37","guid":{"rendered":"https:\/\/qrosoft.mx\/tiendabosquedeniebla\/?post_type=product&#038;p=7668"},"modified":"2025-12-28T22:45:59","modified_gmt":"2025-12-29T04:45:59","slug":"ashwaganda","status":"publish","type":"product","link":"https:\/\/qrosoft.mx\/tiendabosquedeniebla\/product\/ashwaganda\/","title":{"rendered":"Ashwaganda"},"content":{"rendered":"<h4><strong>Ashwaganda &#8211; <em>Withania somnifera<\/em><\/strong><\/h4>\n<ul>\n<li><strong>Familia:<\/strong> Solanaceae<\/li>\n<li><strong>Origen:<\/strong> India<\/li>\n<li><strong>Area potencial de siembra por 0.15 g:<\/strong> 35m\u00b2<\/li>\n<li><strong>Semillas por 0.15 g:<\/strong> 110 aprox.<\/li>\n<li><strong>Descripci\u00f3n:<\/strong> Planta perenne de hasta 90cm de alto con hojas anchas, flores blanquecinas y peque\u00f1os frutos rojos.<\/li>\n<li><strong>Usos:<\/strong> Reduce el estr\u00e9s, previene enfermedades neurodegenerativas. Las hojas en infusi\u00f3n reducen fiebre e inflamaci\u00f3n. El t\u00e9 de las flores se considera afrodisiaco y diur\u00e9tico. Las semillas se ocupan como antihelm\u00edntico. Las ra\u00edces secas en polvo se consumen para mantener la salud. Considerada por la medicina ayurv\u00e9dica como la mejor planta t\u00f3nica.<\/li>\n<li><strong>Clima:<\/strong> Templado a c\u00e1lido con temperaturas mayores a los 20\u00b0C. Tolera sequ\u00edas.<\/li>\n<li><strong>Zonas:<\/strong> 1, 2, 3, 4<\/li>\n<li><strong>Otros nombres:<\/strong> Orobal, Gingseng Indio<\/li>\n<li><strong>Siembra:<\/strong> En alm\u00e1cigo y trasplantar a 50cm entre matas. Prefiere suelo arenoso y mucha exposici\u00f3n al sol.<\/li>\n<li><strong>Cosecha:<\/strong> Cosecha: Podar las hojas a partir del tercer mes. Las ra\u00edces se pueden cosechar cuando ha desarrollado flores y frutos a los 5 meses aprox.<\/li>\n<\/ul>\n","protected":false},"excerpt":{"rendered":"<p>Planta perenne, de aproximadamente 90cm alto, con propiedades medicinales<\/p>\n","protected":false},"featured_media":8240,"comment_status":"open","ping_status":"closed","template":"","meta":{"inline_featured_image":false,"_monsterinsights_skip_tracking":false,"_monsterinsights_sitenote_active":false,"_monsterinsights_sitenote_note":"","_monsterinsights_sitenote_category":0},"product_brand":[],"product_cat":[260],"product_tag":[],"class_list":{"0":"post-7668","1":"product","2":"type-product","3":"status-publish","4":"has-post-thumbnail","6":"product_cat-medicinales-y-culinarias","8":"first","9":"instock","10":"shipping-taxable","11":"purchasable","12":"product-type-variable","13":"has-default-attributes"},"_links":{"self":[{"href":"https:\/\/qrosoft.mx\/tiendabosquedeniebla\/wp-json\/wp\/v2\/product\/7668","targetHints":{"allow":["GET"]}}],"collection":[{"href":"https:\/\/qrosoft.mx\/tiendabosquedeniebla\/wp-json\/wp\/v2\/product"}],"about":[{"href":"https:\/\/qrosoft.mx\/tiendabosquedeniebla\/wp-json\/wp\/v2\/types\/product"}],"replies":[{"embeddable":true,"href":"https:\/\/qrosoft.mx\/tiendabosquedeniebla\/wp-json\/wp\/v2\/comments?post=7668"}],"wp:featuredmedia":[{"embeddable":true,"href":"https:\/\/qrosoft.mx\/tiendabosquedeniebla\/wp-json\/wp\/v2\/media\/8240"}],"wp:attachment":[{"href":"https:\/\/qrosoft.mx\/tiendabosquedeniebla\/wp-json\/wp\/v2\/media?parent=7668"}],"wp:term":[{"taxonomy":"product_brand","embeddable":true,"href":"https:\/\/qrosoft.mx\/tiendabosquedeniebla\/wp-json\/wp\/v2\/product_brand?post=7668"},{"taxonomy":"product_cat","embeddable":true,"href":"https:\/\/qrosoft.mx\/tiendabosquedeniebla\/wp-json\/wp\/v2\/product_cat?post=7668"},{"taxonomy":"product_tag","embeddable":true,"href":"https:\/\/qrosoft.mx\/tiendabosquedeniebla\/wp-json\/wp\/v2\/product_tag?post=7668"}],"curies":[{"name":"wp","href":"https:\/\/api.w.org\/{rel}","templated":true}]}}