{"id":7342,"date":"2023-06-14T21:13:42","date_gmt":"2023-06-15T03:13:42","guid":{"rendered":"https:\/\/qrosoft.mx\/tiendabosquedeniebla\/?post_type=product&#038;p=7342"},"modified":"2026-01-06T16:28:44","modified_gmt":"2026-01-06T22:28:44","slug":"flor-de-california","status":"publish","type":"product","link":"https:\/\/qrosoft.mx\/tiendabosquedeniebla\/product\/flor-de-california\/","title":{"rendered":"Flor de California"},"content":{"rendered":"<h4><strong>Flor de California &#8211; <em>Eschscholzia californica<\/em><\/strong><\/h4>\n<ul>\n<li><strong>Familia:<\/strong> Papaveraceae<\/li>\n<li><strong>Origen:<\/strong> Zonas templadas de Am\u00e9rica<\/li>\n<li><strong>Area potencial de siembra por 0.15 g:<\/strong> 3.6m\u00b2<\/li>\n<li><strong>Semillas por 0.15 g:<\/strong> 110 aprox.<\/li>\n<li><strong>Descripci\u00f3n:<\/strong> Planta de 60cm de alto con flores grandes amarillas o anaranjadas. Puede ser perenne o anual.<\/li>\n<li><strong>Usos:<\/strong> Ornamental y atrayente de polinizadores. De la semilla se obtiene aceite comestible que se ocupa en panificaci\u00f3n y como pienso para aves. Sus flores en infusi\u00f3n tienen propiedades sedantes, anest\u00e9sicas, vasodilatadoras y anti inflamatorias.<\/li>\n<li><strong>Clima:<\/strong> C\u00e1lido a templado, resiste el fr\u00edo. Requiere plena exposici\u00f3n al sol.<\/li>\n<li><strong>Zonas:<\/strong> 2, 3, 4<\/li>\n<li><strong>Siembra:<\/strong> En oto\u00f1o, a 20cm entre plantas. Prefiere suelos secos y arenosos.<\/li>\n<li><strong>Nota:<\/strong> No se recomienda ser ingerida durante el embarazo y lactancia.<\/li>\n<\/ul>\n","protected":false},"excerpt":{"rendered":"<p>Planta anual o bianual de hasta 60cm de alto, ornamental y medicinal<\/p>\n","protected":false},"featured_media":7358,"comment_status":"open","ping_status":"closed","template":"","meta":{"inline_featured_image":false,"_monsterinsights_skip_tracking":false,"_monsterinsights_sitenote_active":false,"_monsterinsights_sitenote_note":"","_monsterinsights_sitenote_category":0},"product_brand":[],"product_cat":[799],"product_tag":[824,717,698,610,668,813],"class_list":{"0":"post-7342","1":"product","2":"type-product","3":"status-publish","4":"has-post-thumbnail","6":"product_cat-ornamentales","7":"product_tag-california","8":"product_tag-comestible","9":"product_tag-culinaria","10":"product_tag-flor","11":"product_tag-melifera","12":"product_tag-ornamental","14":"first","15":"instock","16":"shipping-taxable","17":"purchasable","18":"product-type-variable","19":"has-default-attributes"},"_links":{"self":[{"href":"https:\/\/qrosoft.mx\/tiendabosquedeniebla\/wp-json\/wp\/v2\/product\/7342","targetHints":{"allow":["GET"]}}],"collection":[{"href":"https:\/\/qrosoft.mx\/tiendabosquedeniebla\/wp-json\/wp\/v2\/product"}],"about":[{"href":"https:\/\/qrosoft.mx\/tiendabosquedeniebla\/wp-json\/wp\/v2\/types\/product"}],"replies":[{"embeddable":true,"href":"https:\/\/qrosoft.mx\/tiendabosquedeniebla\/wp-json\/wp\/v2\/comments?post=7342"}],"wp:featuredmedia":[{"embeddable":true,"href":"https:\/\/qrosoft.mx\/tiendabosquedeniebla\/wp-json\/wp\/v2\/media\/7358"}],"wp:attachment":[{"href":"https:\/\/qrosoft.mx\/tiendabosquedeniebla\/wp-json\/wp\/v2\/media?parent=7342"}],"wp:term":[{"taxonomy":"product_brand","embeddable":true,"href":"https:\/\/qrosoft.mx\/tiendabosquedeniebla\/wp-json\/wp\/v2\/product_brand?post=7342"},{"taxonomy":"product_cat","embeddable":true,"href":"https:\/\/qrosoft.mx\/tiendabosquedeniebla\/wp-json\/wp\/v2\/product_cat?post=7342"},{"taxonomy":"product_tag","embeddable":true,"href":"https:\/\/qrosoft.mx\/tiendabosquedeniebla\/wp-json\/wp\/v2\/product_tag?post=7342"}],"curies":[{"name":"wp","href":"https:\/\/api.w.org\/{rel}","templated":true}]}}