{"id":6402,"date":"2022-06-11T14:18:18","date_gmt":"2022-06-11T19:18:18","guid":{"rendered":"https:\/\/qrosoft.mx\/tiendabosquedeniebla\/?post_type=product&#038;p=6402"},"modified":"2025-10-21T19:46:21","modified_gmt":"2025-10-22T01:46:21","slug":"lechuga-opio","status":"publish","type":"product","link":"https:\/\/qrosoft.mx\/tiendabosquedeniebla\/product\/lechuga-opio\/","title":{"rendered":"Lechuga opio"},"content":{"rendered":"<h4><strong>Lechuga opio &#8211; <em>Lactuca virosa<\/em><\/strong><\/h4>\n<ul>\n<li><strong>Familia:<\/strong> Asteraceae<\/li>\n<li><strong>Origen:<\/strong> Europa central<\/li>\n<li><strong>Area potencial de siembra por 0.07 g:<\/strong> 20m\u00b2<\/li>\n<li><strong>Semillas por 0.07 g:<\/strong> 120 aprox.<\/li>\n<li><strong>Descripci\u00f3n:<\/strong> Planta bianual de hasta 1.5m de alto cuando florea. Largas hojas lanceoladas en forma de roseta, como las lechugas. Ra\u00edz muy ramificada.<\/li>\n<li><strong>Usos:<\/strong> Tiene propiedades sedantes, por lo que desde la antig\u00fcedad se ocupa como remedio para el insomnio, as\u00ed como para inducir sue\u00f1os l\u00facidos. Las hojas y ra\u00edces se preparan en infusi\u00f3n. En algunas culturas se sol\u00eda fumar la goma obtenida a partir del hervor de la sabia blanca de esta planta.<\/li>\n<li><strong>Clima:<\/strong> Templado. Resiste fr\u00edos fuertes y humedad.<\/li>\n<li><strong>Zonas:<\/strong> 3, 4<\/li>\n<li><strong>Otros nombres:<\/strong> Hierba somn\u00edfera<\/li>\n<li><strong>Siembra:<\/strong> Sembrar en suelo bien drenado y abonado, en alm\u00e1cigo. Trasplantar a 40cm entre plantas.<\/li>\n<\/ul>\n","protected":false},"excerpt":{"rendered":"<p>Hortaliza anual de hojas comestibles<\/p>\n","protected":false},"featured_media":6783,"comment_status":"open","ping_status":"closed","template":"","meta":{"inline_featured_image":false,"_monsterinsights_skip_tracking":false,"_monsterinsights_sitenote_active":false,"_monsterinsights_sitenote_note":"","_monsterinsights_sitenote_category":0},"product_brand":[],"product_cat":[260],"product_tag":[600,598,618,599,601],"class_list":{"0":"post-6402","1":"product","2":"type-product","3":"status-publish","4":"has-post-thumbnail","6":"product_cat-medicinales-y-culinarias","7":"product_tag-lactuca","8":"product_tag-lechuga","9":"product_tag-medicinal","10":"product_tag-opio","11":"product_tag-virosaz","13":"first","14":"instock","15":"shipping-taxable","16":"purchasable","17":"product-type-variable","18":"has-default-attributes"},"_links":{"self":[{"href":"https:\/\/qrosoft.mx\/tiendabosquedeniebla\/wp-json\/wp\/v2\/product\/6402","targetHints":{"allow":["GET"]}}],"collection":[{"href":"https:\/\/qrosoft.mx\/tiendabosquedeniebla\/wp-json\/wp\/v2\/product"}],"about":[{"href":"https:\/\/qrosoft.mx\/tiendabosquedeniebla\/wp-json\/wp\/v2\/types\/product"}],"replies":[{"embeddable":true,"href":"https:\/\/qrosoft.mx\/tiendabosquedeniebla\/wp-json\/wp\/v2\/comments?post=6402"}],"wp:featuredmedia":[{"embeddable":true,"href":"https:\/\/qrosoft.mx\/tiendabosquedeniebla\/wp-json\/wp\/v2\/media\/6783"}],"wp:attachment":[{"href":"https:\/\/qrosoft.mx\/tiendabosquedeniebla\/wp-json\/wp\/v2\/media?parent=6402"}],"wp:term":[{"taxonomy":"product_brand","embeddable":true,"href":"https:\/\/qrosoft.mx\/tiendabosquedeniebla\/wp-json\/wp\/v2\/product_brand?post=6402"},{"taxonomy":"product_cat","embeddable":true,"href":"https:\/\/qrosoft.mx\/tiendabosquedeniebla\/wp-json\/wp\/v2\/product_cat?post=6402"},{"taxonomy":"product_tag","embeddable":true,"href":"https:\/\/qrosoft.mx\/tiendabosquedeniebla\/wp-json\/wp\/v2\/product_tag?post=6402"}],"curies":[{"name":"wp","href":"https:\/\/api.w.org\/{rel}","templated":true}]}}