{"id":5779,"date":"2022-04-26T12:10:52","date_gmt":"2022-04-26T17:10:52","guid":{"rendered":"https:\/\/qrosoft.mx\/tiendabosquedeniebla\/?post_type=product&#038;p=5779"},"modified":"2026-03-20T10:33:30","modified_gmt":"2026-03-20T16:33:30","slug":"alcachofa","status":"publish","type":"product","link":"https:\/\/qrosoft.mx\/tiendabosquedeniebla\/product\/alcachofa\/","title":{"rendered":"Alcachofa"},"content":{"rendered":"<h4><strong>Alcachofa &#8211; <em>Cynara scolymus<\/em><\/strong><\/h4>\n<ul>\n<li><strong>Familia:<\/strong> Asteraceae<\/li>\n<li><strong>Origen:<\/strong> Mediterr\u00e1neo<\/li>\n<li><strong>Area potencial de siembra por 2 g:<\/strong> 35m\u00b2<\/li>\n<li><strong>Semillas por 2 g:<\/strong> 35 aprox.<\/li>\n<li><strong>Descripci\u00f3n:<\/strong> Planta herb\u00e1cea de ra\u00edz gruesa que alcanza hasta 1m de alto. Hojas de hasta 60cm de largo, de color cenizo.<\/li>\n<li><strong>Usos:<\/strong> Fruto comestible de delicioso sabor. Las hojas en infusi\u00f3n o en extracto se ocupan por su acci\u00f3n estimulante a nivel biliar y renal, reducci\u00f3n de niveles de colesterol, entre otros beneficios.<\/li>\n<li><strong>Clima:<\/strong> Templado. Tolera el fr\u00edo, pero no periodos prolongados a menos de -3\u00b0C.<\/li>\n<li><strong>Zonas:<\/strong> 3, 4<\/li>\n<li><strong>Siembra:<\/strong> En alm\u00e1cigo y trasplantar a 1m entre plantas. Prefiere suelos ricos, profundos y bien drenados. No tolera encharcamiento. La planta vuelve a brotar cada a\u00f1o si no ha sido afectada por heladas.<\/li>\n<li><strong>Cosecha:<\/strong> Cortar frutos inmaduros, cuando las \u201cescamas\u201d (br\u00e1cteas) no se han abierto y a\u00fan est\u00e1n verdes, a partir del tercer mes.<\/li>\n<\/ul>\n","protected":false},"excerpt":{"rendered":"<p>Planta anual de hasta 1m de alto, inflorescencia comestible<\/p>\n","protected":false},"featured_media":7108,"comment_status":"open","ping_status":"closed","template":"","meta":{"inline_featured_image":false,"_monsterinsights_skip_tracking":false,"_monsterinsights_sitenote_active":false,"_monsterinsights_sitenote_note":"","_monsterinsights_sitenote_category":0},"product_brand":[],"product_cat":[803],"product_tag":[585,696,586],"class_list":{"0":"post-5779","1":"product","2":"type-product","3":"status-publish","4":"has-post-thumbnail","6":"product_cat-hortalizas-varias","7":"product_tag-alcachofa","8":"product_tag-fruto","9":"product_tag-hortaliza","11":"first","12":"instock","13":"shipping-taxable","14":"purchasable","15":"product-type-variable","16":"has-default-attributes"},"_links":{"self":[{"href":"https:\/\/qrosoft.mx\/tiendabosquedeniebla\/wp-json\/wp\/v2\/product\/5779","targetHints":{"allow":["GET"]}}],"collection":[{"href":"https:\/\/qrosoft.mx\/tiendabosquedeniebla\/wp-json\/wp\/v2\/product"}],"about":[{"href":"https:\/\/qrosoft.mx\/tiendabosquedeniebla\/wp-json\/wp\/v2\/types\/product"}],"replies":[{"embeddable":true,"href":"https:\/\/qrosoft.mx\/tiendabosquedeniebla\/wp-json\/wp\/v2\/comments?post=5779"}],"wp:featuredmedia":[{"embeddable":true,"href":"https:\/\/qrosoft.mx\/tiendabosquedeniebla\/wp-json\/wp\/v2\/media\/7108"}],"wp:attachment":[{"href":"https:\/\/qrosoft.mx\/tiendabosquedeniebla\/wp-json\/wp\/v2\/media?parent=5779"}],"wp:term":[{"taxonomy":"product_brand","embeddable":true,"href":"https:\/\/qrosoft.mx\/tiendabosquedeniebla\/wp-json\/wp\/v2\/product_brand?post=5779"},{"taxonomy":"product_cat","embeddable":true,"href":"https:\/\/qrosoft.mx\/tiendabosquedeniebla\/wp-json\/wp\/v2\/product_cat?post=5779"},{"taxonomy":"product_tag","embeddable":true,"href":"https:\/\/qrosoft.mx\/tiendabosquedeniebla\/wp-json\/wp\/v2\/product_tag?post=5779"}],"curies":[{"name":"wp","href":"https:\/\/api.w.org\/{rel}","templated":true}]}}