{"id":5774,"date":"2022-04-26T11:30:59","date_gmt":"2022-04-26T16:30:59","guid":{"rendered":"https:\/\/qrosoft.mx\/tiendabosquedeniebla\/?post_type=product&#038;p=5774"},"modified":"2025-12-16T18:29:14","modified_gmt":"2025-12-17T00:29:14","slug":"acelga-verde","status":"publish","type":"product","link":"https:\/\/qrosoft.mx\/tiendabosquedeniebla\/product\/acelga-verde\/","title":{"rendered":"Acelga verde"},"content":{"rendered":"<h4><strong>Acelga verde &#8211; <em>Beta vulgaris var. cicla<\/em><\/strong><\/h4>\n<ul>\n<li><strong>Familia:<\/strong> Amaranthaceae<\/li>\n<li><strong>Origen:<\/strong> Europa<\/li>\n<li><strong>Area potencial de siembra por 1 g:<\/strong> 1m\u00b2<\/li>\n<li><strong>Semillas por 1 g:<\/strong> 35 aprox.<\/li>\n<li><strong>Descripci\u00f3n:<\/strong> Acelga de tallo blanco y liso que alcanza los 50cm de alto. Florea al a\u00f1o y medio o dos a\u00f1os despu\u00e9s de sembrada.<\/li>\n<li><strong>Usos:<\/strong> Hojas comestibles crudas tiernas o cocidas.<\/li>\n<li><strong>Clima:<\/strong> Templado a c\u00e1lido. Es resistente a la humedad y tambi\u00e9n aguanta sequ\u00edas. \u00c9sta semilla proviene de zonas de temporal del Edo. de M\u00e9xico.<\/li>\n<li><strong>Zonas:<\/strong> 2, 3, 4, 5<\/li>\n<li><strong>Siembra:<\/strong> En alm\u00e1cigo, y trasplantar a una distancia de 30cm entre plantas.<\/li>\n<li><strong>Cosecha:<\/strong> Escalonada, a partir de los 5 meses.<\/li>\n<\/ul>\n","protected":false},"excerpt":{"rendered":"<p>Planta de hojas comestibles<\/p>\n","protected":false},"featured_media":0,"comment_status":"open","ping_status":"closed","template":"","meta":{"inline_featured_image":false,"_monsterinsights_skip_tracking":false,"_monsterinsights_sitenote_active":false,"_monsterinsights_sitenote_note":"","_monsterinsights_sitenote_category":0},"product_brand":[],"product_cat":[181],"product_tag":[702,703,586],"class_list":{"0":"post-5774","1":"product","2":"type-product","3":"status-publish","5":"product_cat-hojas-comestibles","6":"product_tag-acelga","7":"product_tag-hojas-comestibles","8":"product_tag-hortaliza","10":"first","11":"instock","12":"shipping-taxable","13":"purchasable","14":"product-type-variable","15":"has-default-attributes"},"_links":{"self":[{"href":"https:\/\/qrosoft.mx\/tiendabosquedeniebla\/wp-json\/wp\/v2\/product\/5774","targetHints":{"allow":["GET"]}}],"collection":[{"href":"https:\/\/qrosoft.mx\/tiendabosquedeniebla\/wp-json\/wp\/v2\/product"}],"about":[{"href":"https:\/\/qrosoft.mx\/tiendabosquedeniebla\/wp-json\/wp\/v2\/types\/product"}],"replies":[{"embeddable":true,"href":"https:\/\/qrosoft.mx\/tiendabosquedeniebla\/wp-json\/wp\/v2\/comments?post=5774"}],"wp:attachment":[{"href":"https:\/\/qrosoft.mx\/tiendabosquedeniebla\/wp-json\/wp\/v2\/media?parent=5774"}],"wp:term":[{"taxonomy":"product_brand","embeddable":true,"href":"https:\/\/qrosoft.mx\/tiendabosquedeniebla\/wp-json\/wp\/v2\/product_brand?post=5774"},{"taxonomy":"product_cat","embeddable":true,"href":"https:\/\/qrosoft.mx\/tiendabosquedeniebla\/wp-json\/wp\/v2\/product_cat?post=5774"},{"taxonomy":"product_tag","embeddable":true,"href":"https:\/\/qrosoft.mx\/tiendabosquedeniebla\/wp-json\/wp\/v2\/product_tag?post=5774"}],"curies":[{"name":"wp","href":"https:\/\/api.w.org\/{rel}","templated":true}]}}