{"id":5747,"date":"2022-04-23T09:47:02","date_gmt":"2022-04-23T14:47:02","guid":{"rendered":"https:\/\/qrosoft.mx\/tiendabosquedeniebla\/?post_type=product&#038;p=5747"},"modified":"2025-12-15T09:15:02","modified_gmt":"2025-12-15T15:15:02","slug":"guaje-atlixco","status":"publish","type":"product","link":"https:\/\/qrosoft.mx\/tiendabosquedeniebla\/product\/guaje-atlixco\/","title":{"rendered":"Guaje Atlixco"},"content":{"rendered":"<h4><strong>Guaje Atlixco &#8211; <em>Leucaena pulverulenta<\/em><\/strong><\/h4>\n<ul>\n<li><strong>Familia:<\/strong> Fabaceae<\/li>\n<li><strong>Origen:<\/strong> Am\u00e9rica.<\/li>\n<li><strong>Area potencial de siembra por 30 g:<\/strong> 200m\u00b2<\/li>\n<li><strong>Semillas por 30 g:<\/strong> 600 aprox.<\/li>\n<li><strong>Descripci\u00f3n:<\/strong> Leguminosa de hasta 15m de alto, con ramas ascendentes, copa abierta redondeada y corteza lisa o ligeramente fisurada. Vainas de aproximadamente 20cm de largo.<\/li>\n<li><strong>Usos:<\/strong> Vaina tierna comestible. \u00datil en pastizales como fijadora de nitr\u00f3geno. Tanto semillas como hojas verdes son forrajerasverde, pero no en exceso pues le har\u00eda da\u00f1o a los rumiantes. La le\u00f1a de buena calidad. Muy \u00fatil para hacer carb\u00f3n.<\/li>\n<li><strong>Clima:<\/strong> Templado h\u00famedo<\/li>\n<li><strong>Zonas:<\/strong> 3, 4, 5<\/li>\n<li><strong>Siembra:<\/strong> Disperso en el bosque huerto comestible, a 50cm entre plantas en cultivo en callejones y sistemas agroforestales y a 2m x 2m en bancos para producci\u00f3n de le\u00f1a.<\/li>\n<\/ul>\n","protected":false},"excerpt":{"rendered":"<p>\u00c1rbol fijador de nitr\u00f3geno<\/p>\n","protected":false},"featured_media":0,"comment_status":"open","ping_status":"closed","template":"","meta":{"inline_featured_image":false,"_monsterinsights_skip_tracking":false,"_monsterinsights_sitenote_active":false,"_monsterinsights_sitenote_note":"","_monsterinsights_sitenote_category":0},"product_brand":[],"product_cat":[84],"product_tag":[652,617,699,701,700],"class_list":{"0":"post-5747","1":"product","2":"type-product","3":"status-publish","5":"product_cat-fijadoras-de-nitrogeno","6":"product_tag-arbol","7":"product_tag-fabaceae","8":"product_tag-fijador","9":"product_tag-guaje","10":"product_tag-nitrogeno","12":"first","13":"instock","14":"shipping-taxable","15":"purchasable","16":"product-type-variable","17":"has-default-attributes"},"_links":{"self":[{"href":"https:\/\/qrosoft.mx\/tiendabosquedeniebla\/wp-json\/wp\/v2\/product\/5747","targetHints":{"allow":["GET"]}}],"collection":[{"href":"https:\/\/qrosoft.mx\/tiendabosquedeniebla\/wp-json\/wp\/v2\/product"}],"about":[{"href":"https:\/\/qrosoft.mx\/tiendabosquedeniebla\/wp-json\/wp\/v2\/types\/product"}],"replies":[{"embeddable":true,"href":"https:\/\/qrosoft.mx\/tiendabosquedeniebla\/wp-json\/wp\/v2\/comments?post=5747"}],"wp:attachment":[{"href":"https:\/\/qrosoft.mx\/tiendabosquedeniebla\/wp-json\/wp\/v2\/media?parent=5747"}],"wp:term":[{"taxonomy":"product_brand","embeddable":true,"href":"https:\/\/qrosoft.mx\/tiendabosquedeniebla\/wp-json\/wp\/v2\/product_brand?post=5747"},{"taxonomy":"product_cat","embeddable":true,"href":"https:\/\/qrosoft.mx\/tiendabosquedeniebla\/wp-json\/wp\/v2\/product_cat?post=5747"},{"taxonomy":"product_tag","embeddable":true,"href":"https:\/\/qrosoft.mx\/tiendabosquedeniebla\/wp-json\/wp\/v2\/product_tag?post=5747"}],"curies":[{"name":"wp","href":"https:\/\/api.w.org\/{rel}","templated":true}]}}