{"id":5557,"date":"2022-04-07T10:39:29","date_gmt":"2022-04-07T15:39:29","guid":{"rendered":"https:\/\/qrosoft.mx\/tiendabosquedeniebla\/?post_type=product&#038;p=5557"},"modified":"2025-12-03T15:51:33","modified_gmt":"2025-12-03T21:51:33","slug":"cultiva-cosecha-comparte-semillas-para-todos","status":"publish","type":"product","link":"https:\/\/qrosoft.mx\/tiendabosquedeniebla\/product\/cultiva-cosecha-comparte-semillas-para-todos\/","title":{"rendered":"Cultiva-Cosecha-Comparte: Semillas Para Todos"},"content":{"rendered":"<h4><strong>Cultiva &#8211; Cosecha &#8211; Comparte: Semillas Para Todos<\/strong><\/h4>\n<p>Es un manual ilustrado con informaci\u00f3n completa sobre producci\u00f3n y conservaci\u00f3n de semillas. En su interior encontraras tablas did\u00e1cticas, ilustraciones explicativas y 12 laminas de plantas com\u00fanmente cultivadas en el territorio americano, acompa\u00f1adas de fichas t\u00e9cnicas sobre producci\u00f3n, propagaci\u00f3n y conservaci\u00f3n de sus semillas.<br \/>\n!\u00danete a esta practica ancestral!<\/p>\n<ul>\n<li><strong>Autores:<\/strong> SOMOS Semilla y Soledad Saburido<\/li>\n<li><strong>Ilustraci\u00f3n:<\/strong> SOMOS Semilla<\/li>\n<li><strong>Edici\u00f3n:<\/strong> NialaNai, 2017<\/li>\n<li><strong>No. P\u00e1ginas:<\/strong> 65 p\u00e1ginas<\/li>\n<\/ul>\n","protected":false},"excerpt":{"rendered":"<p>Manual ilustrado con informaci\u00f3n completa sobre producci\u00f3n y conservaci\u00f3n de semillas.<\/p>\n","protected":false},"featured_media":10081,"comment_status":"closed","ping_status":"closed","template":"","meta":{"inline_featured_image":false,"_monsterinsights_skip_tracking":false,"_monsterinsights_sitenote_active":false,"_monsterinsights_sitenote_note":"","_monsterinsights_sitenote_category":0},"product_brand":[],"product_cat":[66],"product_tag":[714,713,675,687,686],"class_list":{"0":"post-5557","1":"product","2":"type-product","3":"status-publish","4":"has-post-thumbnail","6":"product_cat-libros-y-manuales","7":"product_tag-conservacion","8":"product_tag-cosecha","9":"product_tag-libros","10":"product_tag-produccion","11":"product_tag-semillas","12":"product_shipping_class-fedex-y-correos","14":"first","15":"instock","16":"shipping-taxable","17":"purchasable","18":"product-type-simple"},"_links":{"self":[{"href":"https:\/\/qrosoft.mx\/tiendabosquedeniebla\/wp-json\/wp\/v2\/product\/5557","targetHints":{"allow":["GET"]}}],"collection":[{"href":"https:\/\/qrosoft.mx\/tiendabosquedeniebla\/wp-json\/wp\/v2\/product"}],"about":[{"href":"https:\/\/qrosoft.mx\/tiendabosquedeniebla\/wp-json\/wp\/v2\/types\/product"}],"replies":[{"embeddable":true,"href":"https:\/\/qrosoft.mx\/tiendabosquedeniebla\/wp-json\/wp\/v2\/comments?post=5557"}],"wp:featuredmedia":[{"embeddable":true,"href":"https:\/\/qrosoft.mx\/tiendabosquedeniebla\/wp-json\/wp\/v2\/media\/10081"}],"wp:attachment":[{"href":"https:\/\/qrosoft.mx\/tiendabosquedeniebla\/wp-json\/wp\/v2\/media?parent=5557"}],"wp:term":[{"taxonomy":"product_brand","embeddable":true,"href":"https:\/\/qrosoft.mx\/tiendabosquedeniebla\/wp-json\/wp\/v2\/product_brand?post=5557"},{"taxonomy":"product_cat","embeddable":true,"href":"https:\/\/qrosoft.mx\/tiendabosquedeniebla\/wp-json\/wp\/v2\/product_cat?post=5557"},{"taxonomy":"product_tag","embeddable":true,"href":"https:\/\/qrosoft.mx\/tiendabosquedeniebla\/wp-json\/wp\/v2\/product_tag?post=5557"}],"curies":[{"name":"wp","href":"https:\/\/api.w.org\/{rel}","templated":true}]}}