{"id":5556,"date":"2022-04-07T10:24:46","date_gmt":"2022-04-07T15:24:46","guid":{"rendered":"https:\/\/qrosoft.mx\/tiendabosquedeniebla\/?post_type=product&#038;p=5556"},"modified":"2026-01-03T21:20:39","modified_gmt":"2026-01-04T03:20:39","slug":"produccion-agroecologica-de-huevo","status":"publish","type":"product","link":"https:\/\/qrosoft.mx\/tiendabosquedeniebla\/product\/produccion-agroecologica-de-huevo\/","title":{"rendered":"Manual Producci\u00f3n Agroecol\u00f3gica de Huevo"},"content":{"rendered":"<h4 id=\"title\" class=\"a-spacing-none a-text-normal\"><strong><span id=\"productTitle\" class=\"a-size-extra-large\">Manual Producci\u00f3n Agroecol\u00f3gica de Huevo<\/span><\/strong><\/h4>\n<p><span style=\"color: #000000;\">Con este manual, te compartimos la experiencia que por varios a\u00f1os hemos tenido en el m\u00f3dulo de gallinas de la Cooperativa &#8220;Las Ca\u00f1adas&#8221;. Como veras m\u00e1s adelante hay diferentes formas de criar a las gallinas para la producci\u00f3n de huevo, no pretendemos cubrirlas todas, pero definitivamente tiene mucha informaci\u00f3n t\u00e9cnica y pr\u00e1ctica que puede ser de utilidad para la producci\u00f3n de huevo en diferentes condiciones.<\/span><\/p>\n<p><span style=\"color: #000000;\">En nuestro caso no buscamos solamente una producci\u00f3n &#8220;org\u00e1nica&#8221; de huevo para venderlo a una \u00e9lite en nuestro pa\u00eds, adem\u00e1s en Las Ca\u00f1adas tenemos como objetivo producir comida sana para lograr la seguridad alimentaria de nuestras familias, haciendo uso de la menor cantidad de insumos posibles.<\/span><\/p>\n<ul>\n<li><span style=\"color: #000000;\"><strong>Autores:<\/strong> Tania de Alba, Ricardo Romero<\/span><\/li>\n<li><span style=\"color: #000000;\"><strong>Ilustraciones:<\/strong> Paula Pimentel, Estefan\u00eda Oliveras<\/span><\/li>\n<li><span style=\"color: #000000;\"><strong>Primera edici\u00f3n:<\/strong> Febrero 2011<\/span><\/li>\n<li><span style=\"color: #000000;\"><strong>Ultima actualizaci\u00f3n:<\/strong> Julio 2015<\/span><\/li>\n<li><span style=\"color: #000000;\"><strong>No. P\u00e1ginas:<\/strong> 77 p\u00e1ginas<\/span><\/li>\n<\/ul>\n","protected":false},"excerpt":{"rendered":"<p><strong>Manual impreso<\/strong> con informaci\u00f3n t\u00e9cnica y pr\u00e1ctica sobre la producci\u00f3n agroecol\u00f3gica de huevo y manejo de gallinas basado en los a\u00f1os de experiencia de la Cooperativa Las Ca\u00f1adas.<\/p>\n<p>Puedes adquirir la <strong>versi\u00f3n digital<\/strong> en Hotmart en el siguiente enlace:\u00a0<em><span style=\"color: #99cc00;\"><strong><a style=\"color: #99cc00;\" href=\"https:\/\/go.hotmart.com\/H101970822A\" target=\"_blank\" rel=\"noopener\">Manual digital producci\u00f3n agroecol\u00f3gica de huevo<\/a><\/strong><\/span><\/em><\/p>\n","protected":false},"featured_media":10227,"comment_status":"closed","ping_status":"closed","template":"","meta":{"inline_featured_image":false,"_monsterinsights_skip_tracking":false,"_monsterinsights_sitenote_active":false,"_monsterinsights_sitenote_note":"","_monsterinsights_sitenote_category":0},"product_brand":[],"product_cat":[66],"product_tag":[677,679,678,675,676],"class_list":{"0":"post-5556","1":"product","2":"type-product","3":"status-publish","4":"has-post-thumbnail","6":"product_cat-libros-y-manuales","7":"product_tag-agroecologia","8":"product_tag-gallinas","9":"product_tag-huevo","10":"product_tag-libros","11":"product_tag-manuales","12":"product_shipping_class-fedex-y-correos","14":"first","15":"instock","16":"shipping-taxable","17":"purchasable","18":"product-type-simple"},"_links":{"self":[{"href":"https:\/\/qrosoft.mx\/tiendabosquedeniebla\/wp-json\/wp\/v2\/product\/5556","targetHints":{"allow":["GET"]}}],"collection":[{"href":"https:\/\/qrosoft.mx\/tiendabosquedeniebla\/wp-json\/wp\/v2\/product"}],"about":[{"href":"https:\/\/qrosoft.mx\/tiendabosquedeniebla\/wp-json\/wp\/v2\/types\/product"}],"replies":[{"embeddable":true,"href":"https:\/\/qrosoft.mx\/tiendabosquedeniebla\/wp-json\/wp\/v2\/comments?post=5556"}],"wp:featuredmedia":[{"embeddable":true,"href":"https:\/\/qrosoft.mx\/tiendabosquedeniebla\/wp-json\/wp\/v2\/media\/10227"}],"wp:attachment":[{"href":"https:\/\/qrosoft.mx\/tiendabosquedeniebla\/wp-json\/wp\/v2\/media?parent=5556"}],"wp:term":[{"taxonomy":"product_brand","embeddable":true,"href":"https:\/\/qrosoft.mx\/tiendabosquedeniebla\/wp-json\/wp\/v2\/product_brand?post=5556"},{"taxonomy":"product_cat","embeddable":true,"href":"https:\/\/qrosoft.mx\/tiendabosquedeniebla\/wp-json\/wp\/v2\/product_cat?post=5556"},{"taxonomy":"product_tag","embeddable":true,"href":"https:\/\/qrosoft.mx\/tiendabosquedeniebla\/wp-json\/wp\/v2\/product_tag?post=5556"}],"curies":[{"name":"wp","href":"https:\/\/api.w.org\/{rel}","templated":true}]}}