{"id":5509,"date":"2022-03-30T16:02:56","date_gmt":"2022-03-30T22:02:56","guid":{"rendered":"https:\/\/qrosoft.mx\/tiendabosquedeniebla\/?post_type=product&#038;p=5509"},"modified":"2026-01-11T09:25:35","modified_gmt":"2026-01-11T15:25:35","slug":"bioconstruccion","status":"publish","type":"product","link":"https:\/\/qrosoft.mx\/tiendabosquedeniebla\/product\/bioconstruccion\/","title":{"rendered":"Manual Bioconstrucci\u00f3n"},"content":{"rendered":"<h4 id=\"title\" class=\"a-spacing-none a-text-normal\"><strong><span id=\"productTitle\" class=\"a-size-extra-large\">Manual de Bioconstrucci\u00f3n<\/span><\/strong><\/h4>\n<p><span style=\"color: #000000;\">Las practicas actuales en la industria de la construcci\u00f3n representan una de las actividades con mayor impacto en el deterioro del medio ambiente. Alrededor del 50% del total de combustibles f\u00f3siles consumidos en el mundo esta directamente relacionado con la construcci\u00f3n, servicio, mantenimiento y uso de espacios construidos. <\/span><span style=\"color: #000000;\">La industria de la construcci\u00f3n es la segunda causa de contaminaci\u00f3n global, solo despu\u00e9s de la agricultura.<\/span><\/p>\n<p>En este manual encontrar\u00e1s la descripci\u00f3n de la construcci\u00f3n con tierra, consideraciones para un dise\u00f1o, detalle de las t\u00e9cnicas de construcci\u00f3n con tierra y acabados naturales.<\/p>\n<ul>\n<li><span style=\"color: #000000;\"><strong>Autores:<\/strong> Cooperativa &#8220;Las Ca\u00f1adas&#8221;<\/span><\/li>\n<li><span style=\"color: #000000;\"><strong>Colaboradores:<\/strong> Arq. Alejandra Caballero<\/span><\/li>\n<li><span style=\"color: #000000;\"><strong>Ilustraciones:<\/strong> Paula Pimentel, Estefan\u00eda Oliveras<\/span><\/li>\n<li><span style=\"color: #000000;\"><strong>Primera edici\u00f3n:<\/strong> Octubre 2013<\/span><\/li>\n<li><strong>No. P\u00e1ginas:<\/strong> 47 p\u00e1ginas<\/li>\n<\/ul>\n","protected":false},"excerpt":{"rendered":"<p><strong>Manual impreso<\/strong> de bioconstrucci\u00f3n con las t\u00e9cnicas de construcci\u00f3n con tierra y acabados naturales.<\/p>\n<p>Puedes adquirir la <strong>versi\u00f3n digital<\/strong> en Hotmart en el siguiente enlace:\u00a0<em><span style=\"color: #99cc00;\"><strong><a style=\"color: #99cc00;\" href=\"https:\/\/go.hotmart.com\/Y101966755T\" target=\"_blank\" rel=\"noopener\">Manual digital bioconstrucci\u00f3n<\/a><\/strong><\/span><\/em><\/p>\n","protected":false},"featured_media":10226,"comment_status":"closed","ping_status":"closed","template":"","meta":{"inline_featured_image":false,"_monsterinsights_skip_tracking":false,"_monsterinsights_sitenote_active":false,"_monsterinsights_sitenote_note":"","_monsterinsights_sitenote_category":0},"product_brand":[],"product_cat":[66],"product_tag":[680,682,675,676,681],"class_list":{"0":"post-5509","1":"product","2":"type-product","3":"status-publish","4":"has-post-thumbnail","6":"product_cat-libros-y-manuales","7":"product_tag-bioconstruccion","8":"product_tag-construccion","9":"product_tag-libros","10":"product_tag-manuales","11":"product_tag-tierra","12":"product_shipping_class-fedex-y-correos","14":"first","15":"instock","16":"shipping-taxable","17":"purchasable","18":"product-type-simple"},"_links":{"self":[{"href":"https:\/\/qrosoft.mx\/tiendabosquedeniebla\/wp-json\/wp\/v2\/product\/5509","targetHints":{"allow":["GET"]}}],"collection":[{"href":"https:\/\/qrosoft.mx\/tiendabosquedeniebla\/wp-json\/wp\/v2\/product"}],"about":[{"href":"https:\/\/qrosoft.mx\/tiendabosquedeniebla\/wp-json\/wp\/v2\/types\/product"}],"replies":[{"embeddable":true,"href":"https:\/\/qrosoft.mx\/tiendabosquedeniebla\/wp-json\/wp\/v2\/comments?post=5509"}],"wp:featuredmedia":[{"embeddable":true,"href":"https:\/\/qrosoft.mx\/tiendabosquedeniebla\/wp-json\/wp\/v2\/media\/10226"}],"wp:attachment":[{"href":"https:\/\/qrosoft.mx\/tiendabosquedeniebla\/wp-json\/wp\/v2\/media?parent=5509"}],"wp:term":[{"taxonomy":"product_brand","embeddable":true,"href":"https:\/\/qrosoft.mx\/tiendabosquedeniebla\/wp-json\/wp\/v2\/product_brand?post=5509"},{"taxonomy":"product_cat","embeddable":true,"href":"https:\/\/qrosoft.mx\/tiendabosquedeniebla\/wp-json\/wp\/v2\/product_cat?post=5509"},{"taxonomy":"product_tag","embeddable":true,"href":"https:\/\/qrosoft.mx\/tiendabosquedeniebla\/wp-json\/wp\/v2\/product_tag?post=5509"}],"curies":[{"name":"wp","href":"https:\/\/api.w.org\/{rel}","templated":true}]}}