{"id":5499,"date":"2022-03-30T15:30:56","date_gmt":"2022-03-30T21:30:56","guid":{"rendered":"https:\/\/qrosoft.mx\/tiendabosquedeniebla\/?post_type=product&#038;p=5499"},"modified":"2025-11-23T21:37:50","modified_gmt":"2025-11-24T03:37:50","slug":"produccion-de-semillas-y-propagacion-de-plantas","status":"publish","type":"product","link":"https:\/\/qrosoft.mx\/tiendabosquedeniebla\/product\/produccion-de-semillas-y-propagacion-de-plantas\/","title":{"rendered":"Manual Producci\u00f3n de Semillas y Propagaci\u00f3n de Plantas"},"content":{"rendered":"<h4 id=\"title\" class=\"a-spacing-none a-text-normal\"><span id=\"productTitle\" class=\"a-size-extra-large\">Manual Producci\u00f3n de Semillas y Propagaci\u00f3n de Plantas<\/span><\/h4>\n<p><span style=\"color: #000000;\">Este manual esta enfocado en la producci\u00f3n de semillas de polinizaci\u00f3n abierta y a la propagaci\u00f3n de plantas de manera sexual y asexual. <\/span>Producir nuestras propias semillas nos permite asegurar nuestro futuro alimenticio, as\u00ed como la biodiversidad de nuestro entorno local.<\/p>\n<ul>\n<li><span style=\"color: #000000;\"><strong>Autores:<\/strong> Karla Arroyo, Ricardo Romero<\/span><\/li>\n<li><strong>Edici\u00f3n:<\/strong> Mariana S\u00e1nchez Soto<\/li>\n<li><span style=\"color: #000000;\"><strong>Ilustraciones:<\/strong> Estefan\u00eda Oliveras<\/span><\/li>\n<li><span style=\"color: #000000;\"><strong>Primera edici\u00f3n:<\/strong> Marzo 2012<\/span><\/li>\n<\/ul>\n","protected":false},"excerpt":{"rendered":"<p id=\"title\" class=\"a-spacing-none a-text-normal\"><span style=\"color: #000000;\"><strong>Manual impreso<\/strong> enfocado en la producci\u00f3n de semillas de polinizaci\u00f3n abierta y a la propagaci\u00f3n de plantas.<\/span><\/p>\n<p>Puedes adquirir la <strong>versi\u00f3n digital<\/strong> en Hotmart en el siguiente enlace:\u00a0<em><span style=\"color: #99cc00;\"><strong><a style=\"color: #99cc00;\" href=\"https:\/\/go.hotmart.com\/X101972977F\" target=\"_blank\" rel=\"noopener\">Manual digital producci\u00f3n de semillas y propagaci\u00f3n de plantas<\/a><\/strong><\/span><\/em><\/p>\n","protected":false},"featured_media":10229,"comment_status":"closed","ping_status":"closed","template":"","meta":{"inline_featured_image":false,"_monsterinsights_skip_tracking":false,"_monsterinsights_sitenote_active":false,"_monsterinsights_sitenote_note":"","_monsterinsights_sitenote_category":0},"product_brand":[],"product_cat":[66],"product_tag":[675,676,685,687,688,686],"class_list":{"0":"post-5499","1":"product","2":"type-product","3":"status-publish","4":"has-post-thumbnail","6":"product_cat-libros-y-manuales","7":"product_tag-libros","8":"product_tag-manuales","9":"product_tag-plantas","10":"product_tag-produccion","11":"product_tag-propagacion","12":"product_tag-semillas","13":"product_shipping_class-fedex-y-correos","15":"first","16":"instock","17":"shipping-taxable","18":"purchasable","19":"product-type-simple"},"_links":{"self":[{"href":"https:\/\/qrosoft.mx\/tiendabosquedeniebla\/wp-json\/wp\/v2\/product\/5499","targetHints":{"allow":["GET"]}}],"collection":[{"href":"https:\/\/qrosoft.mx\/tiendabosquedeniebla\/wp-json\/wp\/v2\/product"}],"about":[{"href":"https:\/\/qrosoft.mx\/tiendabosquedeniebla\/wp-json\/wp\/v2\/types\/product"}],"replies":[{"embeddable":true,"href":"https:\/\/qrosoft.mx\/tiendabosquedeniebla\/wp-json\/wp\/v2\/comments?post=5499"}],"wp:featuredmedia":[{"embeddable":true,"href":"https:\/\/qrosoft.mx\/tiendabosquedeniebla\/wp-json\/wp\/v2\/media\/10229"}],"wp:attachment":[{"href":"https:\/\/qrosoft.mx\/tiendabosquedeniebla\/wp-json\/wp\/v2\/media?parent=5499"}],"wp:term":[{"taxonomy":"product_brand","embeddable":true,"href":"https:\/\/qrosoft.mx\/tiendabosquedeniebla\/wp-json\/wp\/v2\/product_brand?post=5499"},{"taxonomy":"product_cat","embeddable":true,"href":"https:\/\/qrosoft.mx\/tiendabosquedeniebla\/wp-json\/wp\/v2\/product_cat?post=5499"},{"taxonomy":"product_tag","embeddable":true,"href":"https:\/\/qrosoft.mx\/tiendabosquedeniebla\/wp-json\/wp\/v2\/product_tag?post=5499"}],"curies":[{"name":"wp","href":"https:\/\/api.w.org\/{rel}","templated":true}]}}