{"id":5493,"date":"2022-03-30T15:07:08","date_gmt":"2022-03-30T21:07:08","guid":{"rendered":"https:\/\/qrosoft.mx\/tiendabosquedeniebla\/?post_type=product&#038;p=5493"},"modified":"2026-01-11T09:25:35","modified_gmt":"2026-01-11T15:25:35","slug":"bambu-preservacion-y-construccion-basica","status":"publish","type":"product","link":"https:\/\/qrosoft.mx\/tiendabosquedeniebla\/product\/bambu-preservacion-y-construccion-basica\/","title":{"rendered":"Manual Bamb\u00fa: Preservaci\u00f3n y Construcci\u00f3n B\u00e1sica"},"content":{"rendered":"<h4 id=\"title\" class=\"a-spacing-none a-text-normal\"><strong><span id=\"productTitle\" class=\"a-size-extra-large\">Manual Bamb\u00fa: Preservaci\u00f3n y Construcci\u00f3n B\u00e1sica<\/span><\/strong><\/h4>\n<p>El los \u00faltimos a\u00f1os en M\u00e9xico, ha comenzado a revalorar el uso del bamb\u00fa como elemento de construcci\u00f3n m\u00e1s all\u00e1 de la est\u00e9tica y la moda de materiales naturales. Esta planta tiene suficientes ventajas ambientales, sociales y de ahorro energ\u00e9tico cuando lo comparamos con los materiales industrializados (cemento, fierro, acero, etc.)<br \/>\nEsta ventajas, aunadas a su extraordinario crecimiento y a la gran diversidad de especies con que cuenta el bamb\u00fa (casi 1,200 especies registradas hasta ahora) que hacen posible su cultivo en gran parte de nuestro pa\u00eds, nos impulsa a aprender sobre su cultivo y uso; promovi\u00e9ndolo no como la gran panacea, ni buscando sustituir ecosistemas locales por mono-cultivos de bamb\u00fa, todo en su justa medida.<\/p>\n<ul>\n<li><span style=\"color: #000000;\"><strong>Autor:<\/strong> Cooperativa &#8220;Las Ca\u00f1adas&#8221;<\/span><\/li>\n<li><strong>Colaboradores:<\/strong> Ricardo Leyva, Christine Koeppel, Abriseth Hern\u00e1ndez<\/li>\n<li><strong>Ilustraciones:<\/strong> Estefan\u00eda Oliveras<\/li>\n<li><span style=\"color: #000000;\"><strong>Primera edici\u00f3n:<\/strong> Marzo 2011<\/span><\/li>\n<li><strong>No. P\u00e1ginas:<\/strong> 41 p\u00e1ginas<\/li>\n<\/ul>\n","protected":false},"excerpt":{"rendered":"<p>Manual impreso enfocado a los usos pr\u00e1cticos y sencillos para la construcci\u00f3n con bamb\u00fa.<\/p>\n<p>Puedes adquirir la versi\u00f3n digital en Hotmart en el siguiente enlace:\u00a0<span style=\"color: #99cc00;\"><strong><a style=\"color: #99cc00;\" href=\"https:\/\/go.hotmart.com\/F101938272H\" target=\"_blank\" rel=\"noopener\">Manual digital bamb\u00fa<\/a><\/strong><\/span><\/p>\n","protected":false},"featured_media":10225,"comment_status":"closed","ping_status":"closed","template":"","meta":{"inline_featured_image":false,"_monsterinsights_skip_tracking":false,"_monsterinsights_sitenote_active":false,"_monsterinsights_sitenote_note":"","_monsterinsights_sitenote_category":0},"product_brand":[],"product_cat":[66],"product_tag":[635,680,682,675,676],"class_list":{"0":"post-5493","1":"product","2":"type-product","3":"status-publish","4":"has-post-thumbnail","6":"product_cat-libros-y-manuales","7":"product_tag-bambu","8":"product_tag-bioconstruccion","9":"product_tag-construccion","10":"product_tag-libros","11":"product_tag-manuales","12":"product_shipping_class-fedex-y-correos","14":"first","15":"instock","16":"shipping-taxable","17":"purchasable","18":"product-type-simple"},"_links":{"self":[{"href":"https:\/\/qrosoft.mx\/tiendabosquedeniebla\/wp-json\/wp\/v2\/product\/5493","targetHints":{"allow":["GET"]}}],"collection":[{"href":"https:\/\/qrosoft.mx\/tiendabosquedeniebla\/wp-json\/wp\/v2\/product"}],"about":[{"href":"https:\/\/qrosoft.mx\/tiendabosquedeniebla\/wp-json\/wp\/v2\/types\/product"}],"replies":[{"embeddable":true,"href":"https:\/\/qrosoft.mx\/tiendabosquedeniebla\/wp-json\/wp\/v2\/comments?post=5493"}],"wp:featuredmedia":[{"embeddable":true,"href":"https:\/\/qrosoft.mx\/tiendabosquedeniebla\/wp-json\/wp\/v2\/media\/10225"}],"wp:attachment":[{"href":"https:\/\/qrosoft.mx\/tiendabosquedeniebla\/wp-json\/wp\/v2\/media?parent=5493"}],"wp:term":[{"taxonomy":"product_brand","embeddable":true,"href":"https:\/\/qrosoft.mx\/tiendabosquedeniebla\/wp-json\/wp\/v2\/product_brand?post=5493"},{"taxonomy":"product_cat","embeddable":true,"href":"https:\/\/qrosoft.mx\/tiendabosquedeniebla\/wp-json\/wp\/v2\/product_cat?post=5493"},{"taxonomy":"product_tag","embeddable":true,"href":"https:\/\/qrosoft.mx\/tiendabosquedeniebla\/wp-json\/wp\/v2\/product_tag?post=5493"}],"curies":[{"name":"wp","href":"https:\/\/api.w.org\/{rel}","templated":true}]}}