{"id":5235,"date":"2022-01-14T14:47:54","date_gmt":"2022-01-14T20:47:54","guid":{"rendered":"https:\/\/qrosoft.mx\/tiendabosquedeniebla\/?post_type=product&#038;p=5235"},"modified":"2025-06-25T22:46:25","modified_gmt":"2025-06-26T04:46:25","slug":"sabanas","status":"publish","type":"product","link":"https:\/\/qrosoft.mx\/tiendabosquedeniebla\/product\/sabanas\/","title":{"rendered":"Juego de s\u00e1banas de algod\u00f3n"},"content":{"rendered":"<h4>TZIN \u2013 Naturaleza que arropa<\/h4>\n<p>Prendas hechas de algod\u00f3n 100% natural sin colorantes<\/p>\n<p><strong>Cuidamos tu salud:<\/strong><\/p>\n<ul>\n<li>Nuestras prendas permiten la correcta transpiraci\u00f3n y regulaci\u00f3n de la temperatura corporal.<\/li>\n<li>Est\u00e1n libres de pigmentos, fijadores y otros qu\u00edmicos que son t\u00f3xicos y te contaminan.<\/li>\n<li>Protegen tu piel y evitan alergias.<\/li>\n<li>No generan electricidad est\u00e1tica.<\/li>\n<li>Los textiles sint\u00e9ticos pueden generar enfermedades.<\/li>\n<\/ul>\n<p><strong>Cuidamos el medio ambiente:<\/strong><\/p>\n<ul>\n<li>Disminuimos el consumo energ\u00e9tico ya que no aplicamos acabados adicionales.<\/li>\n<li>Las telas te\u00f1idas contaminan agua, suelo y aire en su proceso de producci\u00f3n.<\/li>\n<li>No utilizamos empaques pl\u00e1sticos.<\/li>\n<li>Las fibras sint\u00e9ticas no se degradan solo se convierten en micro part\u00edculas que da\u00f1an a los seres vivos.<\/li>\n<li>Nuestras prendas son compostables y se convierten en nutrientes para el suelo.<\/li>\n<\/ul>\n<p><strong>Recomendaciones<\/strong><\/p>\n<ul>\n<li>Nuestras prendas son de gran calidad. Han sido pre-lavadas artesanalmente. No encogen.<\/li>\n<li>Puedes te\u00f1ir la prenda a tu gusto usando colorantes y m\u00e9todos naturales.<\/li>\n<li>No utilices productos qu\u00edmicos.<\/li>\n<li>Procura lavar la prenda a mano con jab\u00f3n biodegradable. Puedes usar lavadora.<\/li>\n<li>No uses cloro, suavizantes u otros agentes agresivos.<\/li>\n<li>Recuerda compostear tu prenda al final de su vida \u00fatil.<\/li>\n<li>Utiliza la bolsa de la prenda para hacer tus compras o almacenar.<\/li>\n<\/ul>\n","protected":false},"excerpt":{"rendered":"<p>Juego de s\u00e1banas confeccionada en tela de algod\u00f3n 100% natural.<\/p>\n<p>Individual &#8211; incluye 3 piezas<br \/>\nMatrimonial &#8211; incluye 4 piezas<br \/>\nQueen size &#8211; incluye 4 piezas<br \/>\nKing size &#8211; incluye 4 piezas<\/p>\n","protected":false},"featured_media":8539,"comment_status":"closed","ping_status":"closed","template":"","meta":{"inline_featured_image":false,"_monsterinsights_skip_tracking":false,"_monsterinsights_sitenote_active":false,"_monsterinsights_sitenote_note":"","_monsterinsights_sitenote_category":0},"product_brand":[],"product_cat":[71],"product_tag":[],"class_list":{"0":"post-5235","1":"product","2":"type-product","3":"status-publish","4":"has-post-thumbnail","6":"product_cat-ropa-de-algodon","8":"first","9":"instock","10":"taxable","11":"shipping-taxable","12":"purchasable","13":"product-type-variable"},"_links":{"self":[{"href":"https:\/\/qrosoft.mx\/tiendabosquedeniebla\/wp-json\/wp\/v2\/product\/5235","targetHints":{"allow":["GET"]}}],"collection":[{"href":"https:\/\/qrosoft.mx\/tiendabosquedeniebla\/wp-json\/wp\/v2\/product"}],"about":[{"href":"https:\/\/qrosoft.mx\/tiendabosquedeniebla\/wp-json\/wp\/v2\/types\/product"}],"replies":[{"embeddable":true,"href":"https:\/\/qrosoft.mx\/tiendabosquedeniebla\/wp-json\/wp\/v2\/comments?post=5235"}],"wp:featuredmedia":[{"embeddable":true,"href":"https:\/\/qrosoft.mx\/tiendabosquedeniebla\/wp-json\/wp\/v2\/media\/8539"}],"wp:attachment":[{"href":"https:\/\/qrosoft.mx\/tiendabosquedeniebla\/wp-json\/wp\/v2\/media?parent=5235"}],"wp:term":[{"taxonomy":"product_brand","embeddable":true,"href":"https:\/\/qrosoft.mx\/tiendabosquedeniebla\/wp-json\/wp\/v2\/product_brand?post=5235"},{"taxonomy":"product_cat","embeddable":true,"href":"https:\/\/qrosoft.mx\/tiendabosquedeniebla\/wp-json\/wp\/v2\/product_cat?post=5235"},{"taxonomy":"product_tag","embeddable":true,"href":"https:\/\/qrosoft.mx\/tiendabosquedeniebla\/wp-json\/wp\/v2\/product_tag?post=5235"}],"curies":[{"name":"wp","href":"https:\/\/api.w.org\/{rel}","templated":true}]}}