{"id":3610,"date":"2021-05-18T18:30:21","date_gmt":"2021-05-18T23:30:21","guid":{"rendered":"https:\/\/qrosoft.mx\/tiendabosquedeniebla\/product\/zanahoria\/"},"modified":"2025-12-28T22:46:01","modified_gmt":"2025-12-29T04:46:01","slug":"zanahoria","status":"publish","type":"product","link":"https:\/\/qrosoft.mx\/tiendabosquedeniebla\/product\/zanahoria\/","title":{"rendered":"Zanahoria juwarot"},"content":{"rendered":"<h4><strong>Zanahoria juwarot &#8211; <em>Daucus carota<\/em><\/strong><\/h4>\n<ul>\n<li><strong>Familia:<\/strong> Apiaceae<\/li>\n<li><strong>Origen:<\/strong> Afganist\u00e1n e Ir\u00e1n<\/li>\n<li><strong>Area potencial de siembra por 0.4 g:<\/strong> 0.6m\u00b2<\/li>\n<li><strong>Semillas por 0.4 g:<\/strong> 300 aprox.<\/li>\n<li><strong>Descripci\u00f3n:<\/strong> Planta de hasta 50cm de alto, con ra\u00edz engrosada de color naranja. Rica en carotenos.<\/li>\n<li><strong>Usos:<\/strong> Ra\u00edz engrosada comestible ya sea cruda o cocida de excelente sabor. Algunas culturas tambi\u00e9n consumen las hojas frescas o guisadas. Las ra\u00edces suelen ser m\u00e1s dulces en climas templados, y un poco amargas en climas c\u00e1lidos.<\/li>\n<li><strong>Clima:<\/strong> Templado a subtropical<\/li>\n<li><strong>Zonas:<\/strong> 3, 4<\/li>\n<li><strong>Siembra:<\/strong> Se revuelve la semilla con algunos pu\u00f1ados de tierra suelta, y se siembra al voleo sobre la cama preparada.<\/li>\n<li><strong>Cosecha:<\/strong> A los 4 meses aproximadamente, cuando la ra\u00edz sobresale de la superficie del suelo y se ha engrosado. Si se sobre madura se amarga y se fisura la ra\u00edz.<\/li>\n<\/ul>\n","protected":false},"excerpt":{"rendered":"<p>Hortaliza anual o bianual de raiz comestible<\/p>\n","protected":false},"featured_media":7334,"comment_status":"open","ping_status":"closed","template":"","meta":{"inline_featured_image":false,"_monsterinsights_skip_tracking":false,"_monsterinsights_sitenote_active":false,"_monsterinsights_sitenote_note":"","_monsterinsights_sitenote_category":0},"product_brand":[],"product_cat":[808],"product_tag":[717,586,785,811],"class_list":{"0":"post-3610","1":"product","2":"type-product","3":"status-publish","4":"has-post-thumbnail","6":"product_cat-raices-comestibles","7":"product_tag-comestible","8":"product_tag-hortaliza","9":"product_tag-raiz","10":"product_tag-zanahoria","12":"first","13":"instock","14":"shipping-taxable","15":"purchasable","16":"product-type-variable","17":"has-default-attributes"},"_links":{"self":[{"href":"https:\/\/qrosoft.mx\/tiendabosquedeniebla\/wp-json\/wp\/v2\/product\/3610","targetHints":{"allow":["GET"]}}],"collection":[{"href":"https:\/\/qrosoft.mx\/tiendabosquedeniebla\/wp-json\/wp\/v2\/product"}],"about":[{"href":"https:\/\/qrosoft.mx\/tiendabosquedeniebla\/wp-json\/wp\/v2\/types\/product"}],"replies":[{"embeddable":true,"href":"https:\/\/qrosoft.mx\/tiendabosquedeniebla\/wp-json\/wp\/v2\/comments?post=3610"}],"wp:featuredmedia":[{"embeddable":true,"href":"https:\/\/qrosoft.mx\/tiendabosquedeniebla\/wp-json\/wp\/v2\/media\/7334"}],"wp:attachment":[{"href":"https:\/\/qrosoft.mx\/tiendabosquedeniebla\/wp-json\/wp\/v2\/media?parent=3610"}],"wp:term":[{"taxonomy":"product_brand","embeddable":true,"href":"https:\/\/qrosoft.mx\/tiendabosquedeniebla\/wp-json\/wp\/v2\/product_brand?post=3610"},{"taxonomy":"product_cat","embeddable":true,"href":"https:\/\/qrosoft.mx\/tiendabosquedeniebla\/wp-json\/wp\/v2\/product_cat?post=3610"},{"taxonomy":"product_tag","embeddable":true,"href":"https:\/\/qrosoft.mx\/tiendabosquedeniebla\/wp-json\/wp\/v2\/product_tag?post=3610"}],"curies":[{"name":"wp","href":"https:\/\/api.w.org\/{rel}","templated":true}]}}