{"id":3571,"date":"2021-05-18T18:30:01","date_gmt":"2021-05-18T23:30:01","guid":{"rendered":"https:\/\/qrosoft.mx\/tiendabosquedeniebla\/product\/tejocote-navidad-semilla\/"},"modified":"2026-01-16T22:39:02","modified_gmt":"2026-01-17T04:39:02","slug":"tejocote-navidad","status":"publish","type":"product","link":"https:\/\/qrosoft.mx\/tiendabosquedeniebla\/product\/tejocote-navidad\/","title":{"rendered":"Tejocote navidad"},"content":{"rendered":"<h4>Tejocote navidad &#8211; <em>Crataegus mexicana<\/em><\/h4>\n<ul>\n<li><strong>Familia:<\/strong> Rosaceae<\/li>\n<li><strong>Descripci\u00f3n:<\/strong> \u00c1rbol caducifolio de 4 a 10m de altura y copa de 6 a 8m, espinoso.<\/li>\n<li><strong>Usos:<\/strong> Fruto comestible crudo, pero sobre todo en jaleas y conservas (fuente de pectina), de sabor agradable. La madera sirve para mangos de herramientas. Es un buen patr\u00f3n para injertar manzano, pera y membrillo. Hojas como forraje. Hojas, ra\u00edz y corteza en usos medicinales. Desalinizaci\u00f3n de suelos.<\/li>\n<li><strong>Clima:<\/strong> Templado fr\u00edo y seco entre 1,000 y 3,000msnm.<\/li>\n<li><strong>Zonas:<\/strong> 3, 4 y 5.<\/li>\n<li><strong>Siembra:<\/strong> Cualquier tipo de suelo. Sitios soleados con una distancia de 6 m entre \u00e1rboles.<\/li>\n<\/ul>\n","protected":false},"excerpt":{"rendered":"<p>Frutal de clima templado<\/p>\n","protected":false},"featured_media":10198,"comment_status":"open","ping_status":"closed","template":"","meta":{"inline_featured_image":false,"_monsterinsights_skip_tracking":false,"_monsterinsights_sitenote_active":false,"_monsterinsights_sitenote_note":"","_monsterinsights_sitenote_category":0},"product_brand":[],"product_cat":[80],"product_tag":[],"class_list":{"0":"post-3571","1":"product","2":"type-product","3":"status-publish","4":"has-post-thumbnail","6":"product_cat-frutales","8":"first","9":"instock","10":"shipping-taxable","11":"purchasable","12":"product-type-variable"},"_links":{"self":[{"href":"https:\/\/qrosoft.mx\/tiendabosquedeniebla\/wp-json\/wp\/v2\/product\/3571","targetHints":{"allow":["GET"]}}],"collection":[{"href":"https:\/\/qrosoft.mx\/tiendabosquedeniebla\/wp-json\/wp\/v2\/product"}],"about":[{"href":"https:\/\/qrosoft.mx\/tiendabosquedeniebla\/wp-json\/wp\/v2\/types\/product"}],"replies":[{"embeddable":true,"href":"https:\/\/qrosoft.mx\/tiendabosquedeniebla\/wp-json\/wp\/v2\/comments?post=3571"}],"wp:featuredmedia":[{"embeddable":true,"href":"https:\/\/qrosoft.mx\/tiendabosquedeniebla\/wp-json\/wp\/v2\/media\/10198"}],"wp:attachment":[{"href":"https:\/\/qrosoft.mx\/tiendabosquedeniebla\/wp-json\/wp\/v2\/media?parent=3571"}],"wp:term":[{"taxonomy":"product_brand","embeddable":true,"href":"https:\/\/qrosoft.mx\/tiendabosquedeniebla\/wp-json\/wp\/v2\/product_brand?post=3571"},{"taxonomy":"product_cat","embeddable":true,"href":"https:\/\/qrosoft.mx\/tiendabosquedeniebla\/wp-json\/wp\/v2\/product_cat?post=3571"},{"taxonomy":"product_tag","embeddable":true,"href":"https:\/\/qrosoft.mx\/tiendabosquedeniebla\/wp-json\/wp\/v2\/product_tag?post=3571"}],"curies":[{"name":"wp","href":"https:\/\/api.w.org\/{rel}","templated":true}]}}