{"id":3345,"date":"2021-05-18T18:28:35","date_gmt":"2021-05-18T23:28:35","guid":{"rendered":"https:\/\/qrosoft.mx\/tiendabosquedeniebla\/product\/maiz-palomero-arcoiris\/"},"modified":"2025-12-02T10:38:28","modified_gmt":"2025-12-02T16:38:28","slug":"maiz-palomero-arcoiris","status":"publish","type":"product","link":"https:\/\/qrosoft.mx\/tiendabosquedeniebla\/product\/maiz-palomero-arcoiris\/","title":{"rendered":"Ma\u00edz palomero arco\u00edris"},"content":{"rendered":"<h4><strong>Ma\u00edz palomero arco\u00edris &#8211; <em>Zea mays<\/em><\/strong><\/h4>\n<ul>\n<li><strong>Familia:<\/strong> Poaceae<\/li>\n<li><strong>Origen:<\/strong> Centroam\u00e9rica<\/li>\n<li><strong>Area potencial de siembra por 5 g:<\/strong> 1.5m\u00b2<\/li>\n<li><strong>Semillas por 5 g:<\/strong> 40 aprox.<\/li>\n<li><strong>Descripci\u00f3n:<\/strong> Planta de 1.5m de alto. Mazorca peque\u00f1a, granos multicolores muy vistosos, que van del azul al amarillo.<\/li>\n<li><strong>Usos:<\/strong> El ma\u00edz revienta y se consume como palomitas.<\/li>\n<li><strong>Clima:<\/strong> C\u00e1lido a templado. Soporta condiciones de sequ\u00eda y calor.<\/li>\n<li><strong>Zonas:<\/strong> 2, 3, 4<\/li>\n<li><strong>Siembra:<\/strong> Sembrar directo en el suelo a una distancia de 20cm.<\/li>\n<li><strong>Cosecha:<\/strong> A los 3 meses o un poco antes.<\/li>\n<\/ul>\n","protected":false},"excerpt":{"rendered":"<p>Cereal anual palomero de semillas multicolor<\/p>\n","protected":false},"featured_media":3817,"comment_status":"open","ping_status":"closed","template":"","meta":{"inline_featured_image":false,"_monsterinsights_skip_tracking":false,"_monsterinsights_sitenote_active":false,"_monsterinsights_sitenote_note":"","_monsterinsights_sitenote_category":0},"product_brand":[],"product_cat":[105],"product_tag":[],"class_list":{"0":"post-3345","1":"product","2":"type-product","3":"status-publish","4":"has-post-thumbnail","6":"product_cat-maices","8":"first","9":"instock","10":"shipping-taxable","11":"purchasable","12":"product-type-variable","13":"has-default-attributes"},"_links":{"self":[{"href":"https:\/\/qrosoft.mx\/tiendabosquedeniebla\/wp-json\/wp\/v2\/product\/3345","targetHints":{"allow":["GET"]}}],"collection":[{"href":"https:\/\/qrosoft.mx\/tiendabosquedeniebla\/wp-json\/wp\/v2\/product"}],"about":[{"href":"https:\/\/qrosoft.mx\/tiendabosquedeniebla\/wp-json\/wp\/v2\/types\/product"}],"replies":[{"embeddable":true,"href":"https:\/\/qrosoft.mx\/tiendabosquedeniebla\/wp-json\/wp\/v2\/comments?post=3345"}],"wp:featuredmedia":[{"embeddable":true,"href":"https:\/\/qrosoft.mx\/tiendabosquedeniebla\/wp-json\/wp\/v2\/media\/3817"}],"wp:attachment":[{"href":"https:\/\/qrosoft.mx\/tiendabosquedeniebla\/wp-json\/wp\/v2\/media?parent=3345"}],"wp:term":[{"taxonomy":"product_brand","embeddable":true,"href":"https:\/\/qrosoft.mx\/tiendabosquedeniebla\/wp-json\/wp\/v2\/product_brand?post=3345"},{"taxonomy":"product_cat","embeddable":true,"href":"https:\/\/qrosoft.mx\/tiendabosquedeniebla\/wp-json\/wp\/v2\/product_cat?post=3345"},{"taxonomy":"product_tag","embeddable":true,"href":"https:\/\/qrosoft.mx\/tiendabosquedeniebla\/wp-json\/wp\/v2\/product_tag?post=3345"}],"curies":[{"name":"wp","href":"https:\/\/api.w.org\/{rel}","templated":true}]}}