{"id":3337,"date":"2021-05-18T18:28:34","date_gmt":"2021-05-18T23:28:34","guid":{"rendered":"https:\/\/qrosoft.mx\/tiendabosquedeniebla\/product\/maiz-jazmin-rojo\/"},"modified":"2025-12-02T10:38:27","modified_gmt":"2025-12-02T16:38:27","slug":"maiz-jazmin-rojo","status":"publish","type":"product","link":"https:\/\/qrosoft.mx\/tiendabosquedeniebla\/product\/maiz-jazmin-rojo\/","title":{"rendered":"Ma\u00edz jazm\u00edn rojo"},"content":{"rendered":"<h4><strong>Ma\u00edz jazm\u00edn rojo &#8211; <em>Zea mays<\/em><\/strong><\/h4>\n<ul>\n<li><strong>Familia:<\/strong> Poaceae<\/li>\n<li><strong>Origen:<\/strong> M\u00e9xico<\/li>\n<li><strong>Area potencial de siembra por 30 g:<\/strong> 6.5m\u00b2<\/li>\n<li><strong>Semillas por 30 g:<\/strong> 75 aprox.<\/li>\n<li><strong>Descripci\u00f3n:<\/strong> Planta alta y vigorosa de m\u00e1s de 2m.  Mazorcas rojas de olote delgado.<\/li>\n<li><strong>Usos:<\/strong> Cuando se come tierno es de sabor dulce y se considera de buena calidad para hacer tortillas.<\/li>\n<li><strong>Clima:<\/strong> Tolera el exceso de humedad.<\/li>\n<li><strong>Zonas:<\/strong> 3<\/li>\n<li><strong>Siembra:<\/strong> Tradicionalmente se siembra en la luna llena de abril o  mayo, cada 60 cm.<\/li>\n<li><strong>Cosecha:<\/strong> En luna creciente o llena de noviembre.<\/li>\n<li><strong>Nota:<\/strong> La variedad roja de jazm\u00edn crece en la tradicional milpa de la  zona de Huatusco de ma\u00edz jazm\u00edn blanco, los abuelos dicen que son los guardianes.<\/li>\n<\/ul>\n","protected":false},"excerpt":{"rendered":"<p>Cereal anual de semillas rojas<\/p>\n","protected":false},"featured_media":3815,"comment_status":"open","ping_status":"closed","template":"","meta":{"inline_featured_image":false,"_monsterinsights_skip_tracking":false,"_monsterinsights_sitenote_active":false,"_monsterinsights_sitenote_note":"","_monsterinsights_sitenote_category":0},"product_brand":[],"product_cat":[105],"product_tag":[],"class_list":{"0":"post-3337","1":"product","2":"type-product","3":"status-publish","4":"has-post-thumbnail","6":"product_cat-maices","8":"first","9":"instock","10":"shipping-taxable","11":"purchasable","12":"product-type-variable","13":"has-default-attributes"},"_links":{"self":[{"href":"https:\/\/qrosoft.mx\/tiendabosquedeniebla\/wp-json\/wp\/v2\/product\/3337","targetHints":{"allow":["GET"]}}],"collection":[{"href":"https:\/\/qrosoft.mx\/tiendabosquedeniebla\/wp-json\/wp\/v2\/product"}],"about":[{"href":"https:\/\/qrosoft.mx\/tiendabosquedeniebla\/wp-json\/wp\/v2\/types\/product"}],"replies":[{"embeddable":true,"href":"https:\/\/qrosoft.mx\/tiendabosquedeniebla\/wp-json\/wp\/v2\/comments?post=3337"}],"wp:featuredmedia":[{"embeddable":true,"href":"https:\/\/qrosoft.mx\/tiendabosquedeniebla\/wp-json\/wp\/v2\/media\/3815"}],"wp:attachment":[{"href":"https:\/\/qrosoft.mx\/tiendabosquedeniebla\/wp-json\/wp\/v2\/media?parent=3337"}],"wp:term":[{"taxonomy":"product_brand","embeddable":true,"href":"https:\/\/qrosoft.mx\/tiendabosquedeniebla\/wp-json\/wp\/v2\/product_brand?post=3337"},{"taxonomy":"product_cat","embeddable":true,"href":"https:\/\/qrosoft.mx\/tiendabosquedeniebla\/wp-json\/wp\/v2\/product_cat?post=3337"},{"taxonomy":"product_tag","embeddable":true,"href":"https:\/\/qrosoft.mx\/tiendabosquedeniebla\/wp-json\/wp\/v2\/product_tag?post=3337"}],"curies":[{"name":"wp","href":"https:\/\/api.w.org\/{rel}","templated":true}]}}