{"id":3270,"date":"2021-05-18T18:28:09","date_gmt":"2021-05-18T23:28:09","guid":{"rendered":"https:\/\/qrosoft.mx\/tiendabosquedeniebla\/product\/jaboticaba\/"},"modified":"2025-12-28T12:24:59","modified_gmt":"2025-12-28T18:24:59","slug":"jaboticaba","status":"publish","type":"product","link":"https:\/\/qrosoft.mx\/tiendabosquedeniebla\/product\/jaboticaba\/","title":{"rendered":"Jaboticaba"},"content":{"rendered":"<h4>Jaboticaba (de semilla) &#8211; <em>Plinia cauliflora<\/em><\/h4>\n<ul>\n<li><strong>Familia:<\/strong> Myrtaceae<\/li>\n<li><strong>Origen:<\/strong> Sur de Brasil<\/li>\n<li><strong>Descripci\u00f3n:<\/strong> \u00c1rbol de 10 a 12m de alto. Sus flores y frutos est\u00e1n directamente en el tronco.<\/li>\n<li><strong>Usos:<\/strong> Frutos comestibles parecidos a la uva en tama\u00f1o y apariencia, de pulpa jugosa y dulce. La jaboticaba se come cruda, en dulces y mermeladas.<\/li>\n<li><strong>Clima:<\/strong> Subtropical, prefiere climas h\u00famedos y frescos, se adapta bien a climas fr\u00edos sin heladas. Los \u00e1rboles de semilla necesitan de 6 a 8 a\u00f1os para producir frutos en climas c\u00e1lidos y de 10 a 15 a\u00f1os en climas frescos.<\/li>\n<li><strong>Zonas:<\/strong> 2 y 3.<\/li>\n<li><strong>Siembra:<\/strong> A una distancia de 8 a 10m entre \u00e1rboles. Un \u00e1rbol en plena producci\u00f3n puede dar hasta 5 cosechas al a\u00f1o.<\/li>\n<\/ul>\n","protected":false},"excerpt":{"rendered":"<p>Frutal de clima tropical<\/p>\n","protected":false},"featured_media":4642,"comment_status":"open","ping_status":"closed","template":"","meta":{"inline_featured_image":false,"_monsterinsights_skip_tracking":false,"_monsterinsights_sitenote_active":false,"_monsterinsights_sitenote_note":"","_monsterinsights_sitenote_category":0},"product_brand":[],"product_cat":[80],"product_tag":[],"class_list":{"0":"post-3270","1":"product","2":"type-product","3":"status-publish","4":"has-post-thumbnail","6":"product_cat-frutales","8":"first","9":"instock","10":"shipping-taxable","11":"purchasable","12":"product-type-variable","13":"has-default-attributes"},"_links":{"self":[{"href":"https:\/\/qrosoft.mx\/tiendabosquedeniebla\/wp-json\/wp\/v2\/product\/3270","targetHints":{"allow":["GET"]}}],"collection":[{"href":"https:\/\/qrosoft.mx\/tiendabosquedeniebla\/wp-json\/wp\/v2\/product"}],"about":[{"href":"https:\/\/qrosoft.mx\/tiendabosquedeniebla\/wp-json\/wp\/v2\/types\/product"}],"replies":[{"embeddable":true,"href":"https:\/\/qrosoft.mx\/tiendabosquedeniebla\/wp-json\/wp\/v2\/comments?post=3270"}],"wp:featuredmedia":[{"embeddable":true,"href":"https:\/\/qrosoft.mx\/tiendabosquedeniebla\/wp-json\/wp\/v2\/media\/4642"}],"wp:attachment":[{"href":"https:\/\/qrosoft.mx\/tiendabosquedeniebla\/wp-json\/wp\/v2\/media?parent=3270"}],"wp:term":[{"taxonomy":"product_brand","embeddable":true,"href":"https:\/\/qrosoft.mx\/tiendabosquedeniebla\/wp-json\/wp\/v2\/product_brand?post=3270"},{"taxonomy":"product_cat","embeddable":true,"href":"https:\/\/qrosoft.mx\/tiendabosquedeniebla\/wp-json\/wp\/v2\/product_cat?post=3270"},{"taxonomy":"product_tag","embeddable":true,"href":"https:\/\/qrosoft.mx\/tiendabosquedeniebla\/wp-json\/wp\/v2\/product_tag?post=3270"}],"curies":[{"name":"wp","href":"https:\/\/api.w.org\/{rel}","templated":true}]}}