{"id":3148,"date":"2021-05-18T18:27:26","date_gmt":"2021-05-18T23:27:26","guid":{"rendered":"https:\/\/qrosoft.mx\/tiendabosquedeniebla\/product\/espinaca-perenne-2\/"},"modified":"2025-12-29T22:03:25","modified_gmt":"2025-12-30T04:03:25","slug":"espinaca-perenne","status":"publish","type":"product","link":"https:\/\/qrosoft.mx\/tiendabosquedeniebla\/product\/espinaca-perenne\/","title":{"rendered":"Espinaca Perenne"},"content":{"rendered":"<h4>Espinaca Perenne &#8211; <em>Aptenia cordifolia<\/em><\/h4>\n<ul>\n<li><strong>Familia:<\/strong> Aizoaceae<\/li>\n<li><strong>Origen:<\/strong> \u00c1frica meridional<\/li>\n<li><strong>Descripci\u00f3n:<\/strong> Planta herb\u00e1cea perenne de hojas peque\u00f1a y carnosas con flores peque\u00f1as color magenta. Muy resistente.<\/li>\n<li><strong>Usos:<\/strong> Es un excelente sustituto de la espinaca para climas c\u00e1lidos.<\/li>\n<li><strong>Clima:<\/strong> Templado a c\u00e1lido.<\/li>\n<li><strong>Zonas:<\/strong> 1, 2, 3 y 4.<\/li>\n<li><strong>Siembra:<\/strong> En \u00e9poca de lluvias para facilitar su crecimiento. Muy resistente, puede crecer en suelos salados y arenosos.<\/li>\n<li><strong>Nota:<\/strong> Puede ser muy invasora, por lo que hay que podarla constantemente.<\/li>\n<\/ul>\n","protected":false},"excerpt":{"rendered":"<p>Planta comestible perenne<\/p>\n","protected":false},"featured_media":2137,"comment_status":"open","ping_status":"closed","template":"","meta":{"inline_featured_image":false,"_monsterinsights_skip_tracking":false,"_monsterinsights_sitenote_active":false,"_monsterinsights_sitenote_note":"","_monsterinsights_sitenote_category":0},"product_brand":[],"product_cat":[181],"product_tag":[],"class_list":{"0":"post-3148","1":"product","2":"type-product","3":"status-publish","4":"has-post-thumbnail","6":"product_cat-hojas-comestibles","8":"first","9":"instock","10":"shipping-taxable","11":"purchasable","12":"product-type-variable","13":"has-default-attributes"},"_links":{"self":[{"href":"https:\/\/qrosoft.mx\/tiendabosquedeniebla\/wp-json\/wp\/v2\/product\/3148","targetHints":{"allow":["GET"]}}],"collection":[{"href":"https:\/\/qrosoft.mx\/tiendabosquedeniebla\/wp-json\/wp\/v2\/product"}],"about":[{"href":"https:\/\/qrosoft.mx\/tiendabosquedeniebla\/wp-json\/wp\/v2\/types\/product"}],"replies":[{"embeddable":true,"href":"https:\/\/qrosoft.mx\/tiendabosquedeniebla\/wp-json\/wp\/v2\/comments?post=3148"}],"wp:featuredmedia":[{"embeddable":true,"href":"https:\/\/qrosoft.mx\/tiendabosquedeniebla\/wp-json\/wp\/v2\/media\/2137"}],"wp:attachment":[{"href":"https:\/\/qrosoft.mx\/tiendabosquedeniebla\/wp-json\/wp\/v2\/media?parent=3148"}],"wp:term":[{"taxonomy":"product_brand","embeddable":true,"href":"https:\/\/qrosoft.mx\/tiendabosquedeniebla\/wp-json\/wp\/v2\/product_brand?post=3148"},{"taxonomy":"product_cat","embeddable":true,"href":"https:\/\/qrosoft.mx\/tiendabosquedeniebla\/wp-json\/wp\/v2\/product_cat?post=3148"},{"taxonomy":"product_tag","embeddable":true,"href":"https:\/\/qrosoft.mx\/tiendabosquedeniebla\/wp-json\/wp\/v2\/product_tag?post=3148"}],"curies":[{"name":"wp","href":"https:\/\/api.w.org\/{rel}","templated":true}]}}