{"id":3140,"date":"2021-05-18T18:27:24","date_gmt":"2021-05-18T23:27:24","guid":{"rendered":"https:\/\/qrosoft.mx\/tiendabosquedeniebla\/product\/epazote-morado\/"},"modified":"2025-12-15T09:11:24","modified_gmt":"2025-12-15T15:11:24","slug":"epazote-morado","status":"publish","type":"product","link":"https:\/\/qrosoft.mx\/tiendabosquedeniebla\/product\/epazote-morado\/","title":{"rendered":"Epazote morado"},"content":{"rendered":"<h4>Epazote Morado &#8211; <em>Dysphania ambrosioides<\/em><\/h4>\n<ul>\n<li><strong>Familia:<\/strong> Amaranthaceae<\/li>\n<li><strong>Origen:<\/strong> M\u00e9xico y Centroam\u00e9rica<\/li>\n<li><strong>Descripci\u00f3n:<\/strong> Planta perenne, herb\u00e1cea de 35 a 50cm de alto y coloraci\u00f3n morada, de f\u00e1cil crecimiento.<\/li>\n<li><strong>Usos:<\/strong> Utilizada tradicionalmente como condimento y desparasitante.<\/li>\n<li><strong>Clima:<\/strong> Cualquier tipo de clima.<\/li>\n<li><strong>Zonas:<\/strong> 2, 3, 4 y 5.<\/li>\n<li><strong>Siembra:<\/strong> Directo o en alm\u00e1cigo a 20cm entre plantas. Prefiere el suelo arenoso y pleno sol, es sensible al exceso de humedad.<\/li>\n<li><strong>Cosecha:<\/strong> cortar las hojas mediante podas, a partir del segundo mes despu\u00e9s de la siembra.<\/li>\n<li><strong>Nota:<\/strong> F\u00e1cil de cultivar, sensible al exceso de humedad.<\/li>\n<\/ul>\n","protected":false},"excerpt":{"rendered":"<p>Planta perenne culinaria<\/p>\n","protected":false},"featured_media":2128,"comment_status":"open","ping_status":"closed","template":"","meta":{"inline_featured_image":false,"_monsterinsights_skip_tracking":false,"_monsterinsights_sitenote_active":false,"_monsterinsights_sitenote_note":"","_monsterinsights_sitenote_category":0},"product_brand":[],"product_cat":[260],"product_tag":[],"class_list":{"0":"post-3140","1":"product","2":"type-product","3":"status-publish","4":"has-post-thumbnail","6":"product_cat-medicinales-y-culinarias","8":"first","9":"instock","10":"shipping-taxable","11":"purchasable","12":"product-type-variable","13":"has-default-attributes"},"_links":{"self":[{"href":"https:\/\/qrosoft.mx\/tiendabosquedeniebla\/wp-json\/wp\/v2\/product\/3140","targetHints":{"allow":["GET"]}}],"collection":[{"href":"https:\/\/qrosoft.mx\/tiendabosquedeniebla\/wp-json\/wp\/v2\/product"}],"about":[{"href":"https:\/\/qrosoft.mx\/tiendabosquedeniebla\/wp-json\/wp\/v2\/types\/product"}],"replies":[{"embeddable":true,"href":"https:\/\/qrosoft.mx\/tiendabosquedeniebla\/wp-json\/wp\/v2\/comments?post=3140"}],"wp:featuredmedia":[{"embeddable":true,"href":"https:\/\/qrosoft.mx\/tiendabosquedeniebla\/wp-json\/wp\/v2\/media\/2128"}],"wp:attachment":[{"href":"https:\/\/qrosoft.mx\/tiendabosquedeniebla\/wp-json\/wp\/v2\/media?parent=3140"}],"wp:term":[{"taxonomy":"product_brand","embeddable":true,"href":"https:\/\/qrosoft.mx\/tiendabosquedeniebla\/wp-json\/wp\/v2\/product_brand?post=3140"},{"taxonomy":"product_cat","embeddable":true,"href":"https:\/\/qrosoft.mx\/tiendabosquedeniebla\/wp-json\/wp\/v2\/product_cat?post=3140"},{"taxonomy":"product_tag","embeddable":true,"href":"https:\/\/qrosoft.mx\/tiendabosquedeniebla\/wp-json\/wp\/v2\/product_tag?post=3140"}],"curies":[{"name":"wp","href":"https:\/\/api.w.org\/{rel}","templated":true}]}}